{"id":8383,"date":"2025-10-28T16:50:47","date_gmt":"2025-10-28T15:50:47","guid":{"rendered":"https:\/\/www.oceanvacances.com\/hebergements\/non%20class\u00e9\/nautilus-2\/"},"modified":"2026-01-08T14:41:58","modified_gmt":"2026-01-08T13:41:58","slug":"nautilus-2","status":"publish","type":"product","link":"https:\/\/www.oceanvacances.com\/nl\/accommodatie-3\/mobiele-huizen\/nautilus-2\/","title":{"rendered":"Nautilus"},"content":{"rendered":"<p>De NAUTILUS stacaravan is ideaal voor een vakantie met familie of vrienden, dankzij het moderne comfort en de uitgebreide faciliteiten. Deze perfect ingerichte stacaravan is voorzien van airconditioning en is geschikt voor maximaal 4 personen. Er is een slaapkamer met een tweepersoonsbed (140 cm) en een slaapkamer met twee eenpersoonsbedden (80 cm). De bank in de woonkamer is niet uitklapbaar, wat zorgt voor een aangename en ruime leefruimte. De keuken is uitgerust met een koelkast, tv en alles wat je nodig hebt om je maaltijden te bereiden. Om optimaal van het buitenleven te genieten, is er een halfoverdekt terras dat aan alle kanten volledig is afgesloten, ideaal om buiten te eten. Comfortabele, moderne en praktische accommodatie voor uw vakantie in Saint Georges de Didonne.<\/p>\n<p><em>Niet-contractuele foto's en plannen<\/em><\/p>","protected":false},"excerpt":{"rendered":"<p>De stacaravan Nautilus heeft 2 slaapkamers, een keuken met koelkast, airconditioning en televisie, evenals een omheind halfoverdekt terras. Gegarandeerd comfort voor uw vakantie in Saint-Georges-de-Didonne!<\/p>\n<p><em>Niet-contractuele foto's en plannen<\/em><\/p>","protected":false},"featured_media":8420,"template":"","meta":{"_acf_changed":false,"inline_featured_image":false},"product_brand":[],"product_cat":[409,55],"product_tag":[],"class_list":{"0":"post-8383","1":"product","2":"type-product","3":"status-publish","4":"has-post-thumbnail","6":"product_cat-locations-4-personnes","7":"product_cat-location-mobil-homes","9":"first","10":"instock","11":"featured","12":"shipping-taxable","13":"product-type-simple"},"acf":[],"yoast_head":"<!-- This site is optimized with the Yoast SEO plugin v27.4 - https:\/\/yoast.com\/product\/yoast-seo-wordpress\/ -->\n<title>Mobil-home Nautilus \u2013 4 personnes | Camping Oc\u00e9an Vacances<\/title>\n<meta name=\"description\" content=\"S\u00e9journez au Camping Oc\u00e9an Vacances \u00e0 Saint-Georges-de-Didonne dans le mobil-home Nautilus :, 2 chambres, terrasse semi-couverte.\" \/>\n<meta name=\"robots\" content=\"index, follow, max-snippet:-1, max-image-preview:large, max-video-preview:-1\" \/>\n<link rel=\"canonical\" href=\"https:\/\/www.oceanvacances.com\/nl\/accommodatie-3\/mobiele-huizen\/nautilus-2\/\" \/>\n<meta property=\"og:locale\" content=\"nl_NL\" \/>\n<meta property=\"og:type\" content=\"article\" \/>\n<meta property=\"og:title\" content=\"Mobil-home Nautilus \u2013 4 personnes | Camping Oc\u00e9an Vacances\" \/>\n<meta property=\"og:description\" content=\"S\u00e9journez au Camping Oc\u00e9an Vacances \u00e0 Saint-Georges-de-Didonne dans le mobil-home Nautilus :, 2 chambres, terrasse semi-couverte.\" \/>\n<meta property=\"og:url\" content=\"https:\/\/www.oceanvacances.com\/nl\/accommodatie-3\/mobiele-huizen\/nautilus-2\/\" \/>\n<meta property=\"og:site_name\" content=\"Oc\u00e9an Vacances\" \/>\n<meta property=\"article:publisher\" content=\"https:\/\/www.facebook.com\/oceanvacances\/\" \/>\n<meta property=\"article:modified_time\" content=\"2026-01-08T13:41:58+00:00\" \/>\n<meta property=\"og:image\" content=\"https:\/\/www.oceanvacances.com\/wp-content\/uploads\/2025\/10\/mobil-home-nautilus-avec-2-chambres-Camping-Ocean-Vacances-a-Saint-Georges-de-Didonne-1020x680.png\" \/>\n\t<meta property=\"og:image:width\" content=\"1020\" \/>\n\t<meta property=\"og:image:height\" content=\"680\" \/>\n\t<meta property=\"og:image:type\" content=\"image\/png\" \/>\n<meta name=\"twitter:card\" content=\"summary_large_image\" \/>\n<meta name=\"twitter:label1\" content=\"Geschatte leestijd\" \/>\n\t<meta name=\"twitter:data1\" content=\"1 minuut\" \/>\n<script type=\"application\/ld+json\" class=\"yoast-schema-graph\">{\"@context\":\"https:\\\/\\\/schema.org\",\"@graph\":[{\"@type\":\"WebPage\",\"@id\":\"https:\\\/\\\/www.oceanvacances.com\\\/hebergements\\\/location-mobil-homes\\\/nautilus-2\\\/\",\"url\":\"https:\\\/\\\/www.oceanvacances.com\\\/hebergements\\\/location-mobil-homes\\\/nautilus-2\\\/\",\"name\":\"Mobil-home Nautilus \u2013 4 personnes | Camping Oc\u00e9an Vacances\",\"isPartOf\":{\"@id\":\"https:\\\/\\\/www.oceanvacances.com\\\/#website\"},\"primaryImageOfPage\":{\"@id\":\"https:\\\/\\\/www.oceanvacances.com\\\/hebergements\\\/location-mobil-homes\\\/nautilus-2\\\/#primaryimage\"},\"image\":{\"@id\":\"https:\\\/\\\/www.oceanvacances.com\\\/hebergements\\\/location-mobil-homes\\\/nautilus-2\\\/#primaryimage\"},\"thumbnailUrl\":\"https:\\\/\\\/www.oceanvacances.com\\\/wp-content\\\/uploads\\\/2025\\\/10\\\/mobil-home-nautilus-avec-2-chambres-Camping-Ocean-Vacances-a-Saint-Georges-de-Didonne.png\",\"datePublished\":\"2025-10-28T15:50:47+00:00\",\"dateModified\":\"2026-01-08T13:41:58+00:00\",\"description\":\"S\u00e9journez au Camping Oc\u00e9an Vacances \u00e0 Saint-Georges-de-Didonne dans le mobil-home Nautilus :, 2 chambres, terrasse semi-couverte.\",\"breadcrumb\":{\"@id\":\"https:\\\/\\\/www.oceanvacances.com\\\/hebergements\\\/location-mobil-homes\\\/nautilus-2\\\/#breadcrumb\"},\"inLanguage\":\"nl-NL\",\"potentialAction\":[{\"@type\":\"ReadAction\",\"target\":[\"https:\\\/\\\/www.oceanvacances.com\\\/hebergements\\\/location-mobil-homes\\\/nautilus-2\\\/\"]}]},{\"@type\":\"ImageObject\",\"inLanguage\":\"nl-NL\",\"@id\":\"https:\\\/\\\/www.oceanvacances.com\\\/hebergements\\\/location-mobil-homes\\\/nautilus-2\\\/#primaryimage\",\"url\":\"https:\\\/\\\/www.oceanvacances.com\\\/wp-content\\\/uploads\\\/2025\\\/10\\\/mobil-home-nautilus-avec-2-chambres-Camping-Ocean-Vacances-a-Saint-Georges-de-Didonne.png\",\"contentUrl\":\"https:\\\/\\\/www.oceanvacances.com\\\/wp-content\\\/uploads\\\/2025\\\/10\\\/mobil-home-nautilus-avec-2-chambres-Camping-Ocean-Vacances-a-Saint-Georges-de-Didonne.png\",\"width\":1200,\"height\":800,\"caption\":\"Mobil Home Nautilus Avec 2 Chambres Camping Oc\u00e9an Vacances \u00e0 Saint Georges De Didonne\"},{\"@type\":\"BreadcrumbList\",\"@id\":\"https:\\\/\\\/www.oceanvacances.com\\\/hebergements\\\/location-mobil-homes\\\/nautilus-2\\\/#breadcrumb\",\"itemListElement\":[{\"@type\":\"ListItem\",\"position\":1,\"name\":\"Home\",\"item\":\"https:\\\/\\\/www.oceanvacances.com\\\/\"},{\"@type\":\"ListItem\",\"position\":2,\"name\":\"Tous nos h\u00e9bergements en Charente-Maritime\",\"item\":\"https:\\\/\\\/www.oceanvacances.com\\\/location-de-vacances-a-saint-georges-de-didonne\\\/hebergement\\\/\"},{\"@type\":\"ListItem\",\"position\":3,\"name\":\"Nautilus\"}]},{\"@type\":\"WebSite\",\"@id\":\"https:\\\/\\\/www.oceanvacances.com\\\/#website\",\"url\":\"https:\\\/\\\/www.oceanvacances.com\\\/\",\"name\":\"Oc\u00e9an Vacances\",\"description\":\"Votre village vacances pr\u00e8s de Royan\",\"publisher\":{\"@id\":\"https:\\\/\\\/www.oceanvacances.com\\\/#organization\"},\"alternateName\":\"Camping les Embruns d'Ol\u00e9ron\",\"potentialAction\":[{\"@type\":\"SearchAction\",\"target\":{\"@type\":\"EntryPoint\",\"urlTemplate\":\"https:\\\/\\\/www.oceanvacances.com\\\/?s={search_term_string}\"},\"query-input\":{\"@type\":\"PropertyValueSpecification\",\"valueRequired\":true,\"valueName\":\"search_term_string\"}}],\"inLanguage\":\"nl-NL\"},{\"@type\":\"Organization\",\"@id\":\"https:\\\/\\\/www.oceanvacances.com\\\/#organization\",\"name\":\"Oc\u00e9an Vacances\",\"url\":\"https:\\\/\\\/www.oceanvacances.com\\\/\",\"logo\":{\"@type\":\"ImageObject\",\"inLanguage\":\"nl-NL\",\"@id\":\"https:\\\/\\\/www.oceanvacances.com\\\/#\\\/schema\\\/logo\\\/image\\\/\",\"url\":\"https:\\\/\\\/www.oceanvacances.com\\\/wp-content\\\/uploads\\\/2025\\\/10\\\/ocean-vacances-logo-color.svg\",\"contentUrl\":\"https:\\\/\\\/www.oceanvacances.com\\\/wp-content\\\/uploads\\\/2025\\\/10\\\/ocean-vacances-logo-color.svg\",\"width\":457,\"height\":201,\"caption\":\"Oc\u00e9an Vacances\"},\"image\":{\"@id\":\"https:\\\/\\\/www.oceanvacances.com\\\/#\\\/schema\\\/logo\\\/image\\\/\"},\"sameAs\":[\"https:\\\/\\\/www.facebook.com\\\/oceanvacances\\\/\",\"https:\\\/\\\/www.youtube.com\\\/@Campaldia\",\"https:\\\/\\\/www.instagram.com\\\/campingoceanvacances\\\/\"]}]}<\/script>\n<!-- \/ Yoast SEO plugin. -->","yoast_head_json":{"title":"Stacaravan Nautilus - 4 personen | Camping Oc\u00e9an Vakanties","description":"Verblijf op Camping Oc\u00e9an Vacances in Saint-Georges-de-Didonne in de stacaravan Nautilus: 2 slaapkamers, halfoverdekt terras.","robots":{"index":"index","follow":"follow","max-snippet":"max-snippet:-1","max-image-preview":"max-image-preview:large","max-video-preview":"max-video-preview:-1"},"canonical":"https:\/\/www.oceanvacances.com\/nl\/accommodatie-3\/mobiele-huizen\/nautilus-2\/","og_locale":"nl_NL","og_type":"article","og_title":"Mobil-home Nautilus \u2013 4 personnes | Camping Oc\u00e9an Vacances","og_description":"S\u00e9journez au Camping Oc\u00e9an Vacances \u00e0 Saint-Georges-de-Didonne dans le mobil-home Nautilus :, 2 chambres, terrasse semi-couverte.","og_url":"https:\/\/www.oceanvacances.com\/nl\/accommodatie-3\/mobiele-huizen\/nautilus-2\/","og_site_name":"Oc\u00e9an Vacances","article_publisher":"https:\/\/www.facebook.com\/oceanvacances\/","article_modified_time":"2026-01-08T13:41:58+00:00","og_image":[{"width":1020,"height":680,"url":"https:\/\/www.oceanvacances.com\/wp-content\/uploads\/2025\/10\/mobil-home-nautilus-avec-2-chambres-Camping-Ocean-Vacances-a-Saint-Georges-de-Didonne-1020x680.png","type":"image\/png"}],"twitter_card":"summary_large_image","twitter_misc":{"Geschatte leestijd":"1 minuut"},"schema":{"@context":"https:\/\/schema.org","@graph":[{"@type":"WebPage","@id":"https:\/\/www.oceanvacances.com\/hebergements\/location-mobil-homes\/nautilus-2\/","url":"https:\/\/www.oceanvacances.com\/hebergements\/location-mobil-homes\/nautilus-2\/","name":"Stacaravan Nautilus - 4 personen | Camping Oc\u00e9an Vakanties","isPartOf":{"@id":"https:\/\/www.oceanvacances.com\/#website"},"primaryImageOfPage":{"@id":"https:\/\/www.oceanvacances.com\/hebergements\/location-mobil-homes\/nautilus-2\/#primaryimage"},"image":{"@id":"https:\/\/www.oceanvacances.com\/hebergements\/location-mobil-homes\/nautilus-2\/#primaryimage"},"thumbnailUrl":"https:\/\/www.oceanvacances.com\/wp-content\/uploads\/2025\/10\/mobil-home-nautilus-avec-2-chambres-Camping-Ocean-Vacances-a-Saint-Georges-de-Didonne.png","datePublished":"2025-10-28T15:50:47+00:00","dateModified":"2026-01-08T13:41:58+00:00","description":"Verblijf op Camping Oc\u00e9an Vacances in Saint-Georges-de-Didonne in de stacaravan Nautilus: 2 slaapkamers, halfoverdekt terras.","breadcrumb":{"@id":"https:\/\/www.oceanvacances.com\/hebergements\/location-mobil-homes\/nautilus-2\/#breadcrumb"},"inLanguage":"nl-NL","potentialAction":[{"@type":"ReadAction","target":["https:\/\/www.oceanvacances.com\/hebergements\/location-mobil-homes\/nautilus-2\/"]}]},{"@type":"ImageObject","inLanguage":"nl-NL","@id":"https:\/\/www.oceanvacances.com\/hebergements\/location-mobil-homes\/nautilus-2\/#primaryimage","url":"https:\/\/www.oceanvacances.com\/wp-content\/uploads\/2025\/10\/mobil-home-nautilus-avec-2-chambres-Camping-Ocean-Vacances-a-Saint-Georges-de-Didonne.png","contentUrl":"https:\/\/www.oceanvacances.com\/wp-content\/uploads\/2025\/10\/mobil-home-nautilus-avec-2-chambres-Camping-Ocean-Vacances-a-Saint-Georges-de-Didonne.png","width":1200,"height":800,"caption":"Mobil Home Nautilus Avec 2 Chambres Camping Oc\u00e9an Vacances \u00e0 Saint Georges De Didonne"},{"@type":"BreadcrumbList","@id":"https:\/\/www.oceanvacances.com\/hebergements\/location-mobil-homes\/nautilus-2\/#breadcrumb","itemListElement":[{"@type":"ListItem","position":1,"name":"Home","item":"https:\/\/www.oceanvacances.com\/"},{"@type":"ListItem","position":2,"name":"Tous nos h\u00e9bergements en Charente-Maritime","item":"https:\/\/www.oceanvacances.com\/location-de-vacances-a-saint-georges-de-didonne\/hebergement\/"},{"@type":"ListItem","position":3,"name":"Nautilus"}]},{"@type":"WebSite","@id":"https:\/\/www.oceanvacances.com\/#website","url":"https:\/\/www.oceanvacances.com\/","name":"Oc\u00e9an Vakanties","description":"Jouw vakantiedorp dichtbij Royan","publisher":{"@id":"https:\/\/www.oceanvacances.com\/#organization"},"alternateName":"Camping les Embruns d'Ol\u00e9ron","potentialAction":[{"@type":"SearchAction","target":{"@type":"EntryPoint","urlTemplate":"https:\/\/www.oceanvacances.com\/?s={search_term_string}"},"query-input":{"@type":"PropertyValueSpecification","valueRequired":true,"valueName":"search_term_string"}}],"inLanguage":"nl-NL"},{"@type":"Organization","@id":"https:\/\/www.oceanvacances.com\/#organization","name":"Oc\u00e9an Vakanties","url":"https:\/\/www.oceanvacances.com\/","logo":{"@type":"ImageObject","inLanguage":"nl-NL","@id":"https:\/\/www.oceanvacances.com\/#\/schema\/logo\/image\/","url":"https:\/\/www.oceanvacances.com\/wp-content\/uploads\/2025\/10\/ocean-vacances-logo-color.svg","contentUrl":"https:\/\/www.oceanvacances.com\/wp-content\/uploads\/2025\/10\/ocean-vacances-logo-color.svg","width":457,"height":201,"caption":"Oc\u00e9an Vacances"},"image":{"@id":"https:\/\/www.oceanvacances.com\/#\/schema\/logo\/image\/"},"sameAs":["https:\/\/www.facebook.com\/oceanvacances\/","https:\/\/www.youtube.com\/@Campaldia","https:\/\/www.instagram.com\/campingoceanvacances\/"]}]}},"_links":{"self":[{"href":"https:\/\/www.oceanvacances.com\/nl\/wp-json\/wp\/v2\/product\/8383","targetHints":{"allow":["GET"]}}],"collection":[{"href":"https:\/\/www.oceanvacances.com\/nl\/wp-json\/wp\/v2\/product"}],"about":[{"href":"https:\/\/www.oceanvacances.com\/nl\/wp-json\/wp\/v2\/types\/product"}],"wp:featuredmedia":[{"embeddable":true,"href":"https:\/\/www.oceanvacances.com\/nl\/wp-json\/wp\/v2\/media\/8420"}],"wp:attachment":[{"href":"https:\/\/www.oceanvacances.com\/nl\/wp-json\/wp\/v2\/media?parent=8383"}],"wp:term":[{"taxonomy":"product_brand","embeddable":true,"href":"https:\/\/www.oceanvacances.com\/nl\/wp-json\/wp\/v2\/product_brand?post=8383"},{"taxonomy":"product_cat","embeddable":true,"href":"https:\/\/www.oceanvacances.com\/nl\/wp-json\/wp\/v2\/product_cat?post=8383"},{"taxonomy":"product_tag","embeddable":true,"href":"https:\/\/www.oceanvacances.com\/nl\/wp-json\/wp\/v2\/product_tag?post=8383"}],"curies":[{"name":"wp","href":"https:\/\/api.w.org\/{rel}","templated":true}]}}