{"id":8379,"date":"2025-10-28T16:50:47","date_gmt":"2025-10-28T15:50:47","guid":{"rendered":"https:\/\/www.oceanvacances.com\/hebergements\/non%20class\u00e9\/nacre\/"},"modified":"2026-04-16T11:36:06","modified_gmt":"2026-04-16T09:36:06","slug":"parelmoer","status":"publish","type":"product","link":"https:\/\/www.oceanvacances.com\/nl\/accommodatie-3\/mobiele-huizen\/parelmoer\/","title":{"rendered":"Parelmoer"},"content":{"rendered":"<p>De NACRE accommodatie combineert het comfort van een stacaravan met de authenticiteit van een tent en biedt een originele en gezellige ervaring, ideaal voor een vakantie met familie of vrienden. Het is ontworpen voor 4 personen en beschikt over een slaapkamer met een tweepersoonsbed (140 cm) en een slaapkamer met twee eenpersoonsbedden (80 cm). Er is ook een functionele keukenhoek en een volledig uitgerust terras, ideaal om te genieten van het warme weer.Om de geest van kamperen in de open lucht te behouden, heeft deze accommodatie geen ingebouwde sanitaire voorzieningen. De sanitaire blokken bevinden zich er recht tegenover en je hebt je eigen priv\u00e9ruimte met douche en toilet, toegankelijk met een persoonlijke sleutel die je bij aankomst krijgt. Wat de uitrusting betreft, stelt NACRE een koelkast, magnetron, elektrisch koffiezetapparaat en al het benodigde serviesgoed (borden, glazen, bestek, slakom, enz.) ter beschikking. Er is geen kookgerei aanwezig, maar je kunt je eigen kookgerei meenemen om op het terras te koken. Vergeet je potten en pannen niet!<\/p>\n<p><em>Niet-contractuele foto's en plannen<\/em><\/p>","protected":false},"excerpt":{"rendered":"<p>De NACRE, een kruising tussen een stacaravan en een tent, belooft een ongewone ervaring. Hij heeft 2 slaapkamers (1 tweepersoonsbed en 2 eenpersoonsbedden), een volledig uitgeruste keuken en een gemeubileerd terras. Er zijn geen sanitaire voorzieningen binnen: je hebt je eigen priv\u00e9douche en -toilet, net tegenover de accommodatie.<\/p>\n<p><em>Foto's en plattegronden zijn niet contractueel.<\/em><\/p>","protected":false},"featured_media":8417,"template":"","meta":{"_acf_changed":false,"inline_featured_image":false},"product_brand":[],"product_cat":[409,55],"product_tag":[],"class_list":{"0":"post-8379","1":"product","2":"type-product","3":"status-publish","4":"has-post-thumbnail","6":"product_cat-locations-4-personnes","7":"product_cat-location-mobil-homes","9":"first","10":"instock","11":"shipping-taxable","12":"product-type-simple"},"acf":[],"yoast_head":"<!-- This site is optimized with the Yoast SEO plugin v27.4 - https:\/\/yoast.com\/product\/yoast-seo-wordpress\/ -->\n<title>NACRE \u2013 4 pers | Camping Oc\u00e9an Vacances<\/title>\n<meta name=\"description\" content=\"Au Camping Oc\u00e9an Vacances \u00e0 Saint-Georges-de-Didonne, vivez l\u2019exp\u00e9rience NACRE : un h\u00e9bergement insolite entre mobil-home et tente, pour 4 personnes.\" \/>\n<meta name=\"robots\" content=\"index, follow, max-snippet:-1, max-image-preview:large, max-video-preview:-1\" \/>\n<link rel=\"canonical\" href=\"https:\/\/www.oceanvacances.com\/nl\/accommodatie-3\/mobiele-huizen\/parelmoer\/\" \/>\n<meta property=\"og:locale\" content=\"nl_NL\" \/>\n<meta property=\"og:type\" content=\"article\" \/>\n<meta property=\"og:title\" content=\"NACRE \u2013 4 pers | Camping Oc\u00e9an Vacances\" \/>\n<meta property=\"og:description\" content=\"Au Camping Oc\u00e9an Vacances \u00e0 Saint-Georges-de-Didonne, vivez l\u2019exp\u00e9rience NACRE : un h\u00e9bergement insolite entre mobil-home et tente, pour 4 personnes.\" \/>\n<meta property=\"og:url\" content=\"https:\/\/www.oceanvacances.com\/nl\/accommodatie-3\/mobiele-huizen\/parelmoer\/\" \/>\n<meta property=\"og:site_name\" content=\"Oc\u00e9an Vacances\" \/>\n<meta property=\"article:publisher\" content=\"https:\/\/www.facebook.com\/oceanvacances\/\" \/>\n<meta property=\"article:modified_time\" content=\"2026-04-16T09:36:06+00:00\" \/>\n<meta property=\"og:image\" content=\"https:\/\/www.oceanvacances.com\/wp-content\/uploads\/2025\/10\/mobil-home-insolite-nacre-pour-4-pers-au-camping-Ocean-Vacances-pres-de-royan.png\" \/>\n\t<meta property=\"og:image:width\" content=\"1200\" \/>\n\t<meta property=\"og:image:height\" content=\"800\" \/>\n\t<meta property=\"og:image:type\" content=\"image\/png\" \/>\n<meta name=\"twitter:card\" content=\"summary_large_image\" \/>\n<meta name=\"twitter:label1\" content=\"Geschatte leestijd\" \/>\n\t<meta name=\"twitter:data1\" content=\"2 minuten\" \/>\n<script type=\"application\/ld+json\" class=\"yoast-schema-graph\">{\"@context\":\"https:\\\/\\\/schema.org\",\"@graph\":[{\"@type\":\"WebPage\",\"@id\":\"https:\\\/\\\/www.oceanvacances.com\\\/hebergements\\\/location-mobil-homes\\\/nacre\\\/\",\"url\":\"https:\\\/\\\/www.oceanvacances.com\\\/hebergements\\\/location-mobil-homes\\\/nacre\\\/\",\"name\":\"NACRE \u2013 4 pers | Camping Oc\u00e9an Vacances\",\"isPartOf\":{\"@id\":\"https:\\\/\\\/www.oceanvacances.com\\\/#website\"},\"primaryImageOfPage\":{\"@id\":\"https:\\\/\\\/www.oceanvacances.com\\\/hebergements\\\/location-mobil-homes\\\/nacre\\\/#primaryimage\"},\"image\":{\"@id\":\"https:\\\/\\\/www.oceanvacances.com\\\/hebergements\\\/location-mobil-homes\\\/nacre\\\/#primaryimage\"},\"thumbnailUrl\":\"https:\\\/\\\/www.oceanvacances.com\\\/wp-content\\\/uploads\\\/2025\\\/10\\\/mobil-home-insolite-nacre-pour-4-pers-au-camping-Ocean-Vacances-pres-de-royan.png\",\"datePublished\":\"2025-10-28T15:50:47+00:00\",\"dateModified\":\"2026-04-16T09:36:06+00:00\",\"description\":\"Au Camping Oc\u00e9an Vacances \u00e0 Saint-Georges-de-Didonne, vivez l\u2019exp\u00e9rience NACRE : un h\u00e9bergement insolite entre mobil-home et tente, pour 4 personnes.\",\"breadcrumb\":{\"@id\":\"https:\\\/\\\/www.oceanvacances.com\\\/hebergements\\\/location-mobil-homes\\\/nacre\\\/#breadcrumb\"},\"inLanguage\":\"nl-NL\",\"potentialAction\":[{\"@type\":\"ReadAction\",\"target\":[\"https:\\\/\\\/www.oceanvacances.com\\\/hebergements\\\/location-mobil-homes\\\/nacre\\\/\"]}]},{\"@type\":\"ImageObject\",\"inLanguage\":\"nl-NL\",\"@id\":\"https:\\\/\\\/www.oceanvacances.com\\\/hebergements\\\/location-mobil-homes\\\/nacre\\\/#primaryimage\",\"url\":\"https:\\\/\\\/www.oceanvacances.com\\\/wp-content\\\/uploads\\\/2025\\\/10\\\/mobil-home-insolite-nacre-pour-4-pers-au-camping-Ocean-Vacances-pres-de-royan.png\",\"contentUrl\":\"https:\\\/\\\/www.oceanvacances.com\\\/wp-content\\\/uploads\\\/2025\\\/10\\\/mobil-home-insolite-nacre-pour-4-pers-au-camping-Ocean-Vacances-pres-de-royan.png\",\"width\":1200,\"height\":800,\"caption\":\"Mobil Home Insolite Nacre Pour 4 Pers Au Camping Oc\u00e9an Vacances Pr\u00e8s De Royan\"},{\"@type\":\"BreadcrumbList\",\"@id\":\"https:\\\/\\\/www.oceanvacances.com\\\/hebergements\\\/location-mobil-homes\\\/nacre\\\/#breadcrumb\",\"itemListElement\":[{\"@type\":\"ListItem\",\"position\":1,\"name\":\"Home\",\"item\":\"https:\\\/\\\/www.oceanvacances.com\\\/\"},{\"@type\":\"ListItem\",\"position\":2,\"name\":\"Tous nos h\u00e9bergements en Charente-Maritime\",\"item\":\"https:\\\/\\\/www.oceanvacances.com\\\/location-de-vacances-a-saint-georges-de-didonne\\\/hebergement\\\/\"},{\"@type\":\"ListItem\",\"position\":3,\"name\":\"Nacre\"}]},{\"@type\":\"WebSite\",\"@id\":\"https:\\\/\\\/www.oceanvacances.com\\\/#website\",\"url\":\"https:\\\/\\\/www.oceanvacances.com\\\/\",\"name\":\"Oc\u00e9an Vacances\",\"description\":\"Votre village vacances pr\u00e8s de Royan\",\"publisher\":{\"@id\":\"https:\\\/\\\/www.oceanvacances.com\\\/#organization\"},\"alternateName\":\"Camping les Embruns d'Ol\u00e9ron\",\"potentialAction\":[{\"@type\":\"SearchAction\",\"target\":{\"@type\":\"EntryPoint\",\"urlTemplate\":\"https:\\\/\\\/www.oceanvacances.com\\\/?s={search_term_string}\"},\"query-input\":{\"@type\":\"PropertyValueSpecification\",\"valueRequired\":true,\"valueName\":\"search_term_string\"}}],\"inLanguage\":\"nl-NL\"},{\"@type\":\"Organization\",\"@id\":\"https:\\\/\\\/www.oceanvacances.com\\\/#organization\",\"name\":\"Oc\u00e9an Vacances\",\"url\":\"https:\\\/\\\/www.oceanvacances.com\\\/\",\"logo\":{\"@type\":\"ImageObject\",\"inLanguage\":\"nl-NL\",\"@id\":\"https:\\\/\\\/www.oceanvacances.com\\\/#\\\/schema\\\/logo\\\/image\\\/\",\"url\":\"https:\\\/\\\/www.oceanvacances.com\\\/wp-content\\\/uploads\\\/2025\\\/10\\\/ocean-vacances-logo-color.svg\",\"contentUrl\":\"https:\\\/\\\/www.oceanvacances.com\\\/wp-content\\\/uploads\\\/2025\\\/10\\\/ocean-vacances-logo-color.svg\",\"width\":457,\"height\":201,\"caption\":\"Oc\u00e9an Vacances\"},\"image\":{\"@id\":\"https:\\\/\\\/www.oceanvacances.com\\\/#\\\/schema\\\/logo\\\/image\\\/\"},\"sameAs\":[\"https:\\\/\\\/www.facebook.com\\\/oceanvacances\\\/\",\"https:\\\/\\\/www.youtube.com\\\/@Campaldia\",\"https:\\\/\\\/www.instagram.com\\\/campingoceanvacances\\\/\"]}]}<\/script>\n<!-- \/ Yoast SEO plugin. -->","yoast_head_json":{"title":"NACRE - 4 pers | Camping Oc\u00e9an Vakanties","description":"Geniet op camping Oc\u00e9an Vacances in Saint-Georges-de-Didonne van de NACRE-ervaring: een ongewone accommodatie voor maximaal 4 personen, ergens tussen een stacaravan en een tent in.","robots":{"index":"index","follow":"follow","max-snippet":"max-snippet:-1","max-image-preview":"max-image-preview:large","max-video-preview":"max-video-preview:-1"},"canonical":"https:\/\/www.oceanvacances.com\/nl\/accommodatie-3\/mobiele-huizen\/parelmoer\/","og_locale":"nl_NL","og_type":"article","og_title":"NACRE \u2013 4 pers | Camping Oc\u00e9an Vacances","og_description":"Au Camping Oc\u00e9an Vacances \u00e0 Saint-Georges-de-Didonne, vivez l\u2019exp\u00e9rience NACRE : un h\u00e9bergement insolite entre mobil-home et tente, pour 4 personnes.","og_url":"https:\/\/www.oceanvacances.com\/nl\/accommodatie-3\/mobiele-huizen\/parelmoer\/","og_site_name":"Oc\u00e9an Vacances","article_publisher":"https:\/\/www.facebook.com\/oceanvacances\/","article_modified_time":"2026-04-16T09:36:06+00:00","og_image":[{"width":1200,"height":800,"url":"https:\/\/www.oceanvacances.com\/wp-content\/uploads\/2025\/10\/mobil-home-insolite-nacre-pour-4-pers-au-camping-Ocean-Vacances-pres-de-royan.png","type":"image\/png"}],"twitter_card":"summary_large_image","twitter_misc":{"Geschatte leestijd":"2 minuten"},"schema":{"@context":"https:\/\/schema.org","@graph":[{"@type":"WebPage","@id":"https:\/\/www.oceanvacances.com\/hebergements\/location-mobil-homes\/nacre\/","url":"https:\/\/www.oceanvacances.com\/hebergements\/location-mobil-homes\/nacre\/","name":"NACRE - 4 pers | Camping Oc\u00e9an Vakanties","isPartOf":{"@id":"https:\/\/www.oceanvacances.com\/#website"},"primaryImageOfPage":{"@id":"https:\/\/www.oceanvacances.com\/hebergements\/location-mobil-homes\/nacre\/#primaryimage"},"image":{"@id":"https:\/\/www.oceanvacances.com\/hebergements\/location-mobil-homes\/nacre\/#primaryimage"},"thumbnailUrl":"https:\/\/www.oceanvacances.com\/wp-content\/uploads\/2025\/10\/mobil-home-insolite-nacre-pour-4-pers-au-camping-Ocean-Vacances-pres-de-royan.png","datePublished":"2025-10-28T15:50:47+00:00","dateModified":"2026-04-16T09:36:06+00:00","description":"Geniet op camping Oc\u00e9an Vacances in Saint-Georges-de-Didonne van de NACRE-ervaring: een ongewone accommodatie voor maximaal 4 personen, ergens tussen een stacaravan en een tent in.","breadcrumb":{"@id":"https:\/\/www.oceanvacances.com\/hebergements\/location-mobil-homes\/nacre\/#breadcrumb"},"inLanguage":"nl-NL","potentialAction":[{"@type":"ReadAction","target":["https:\/\/www.oceanvacances.com\/hebergements\/location-mobil-homes\/nacre\/"]}]},{"@type":"ImageObject","inLanguage":"nl-NL","@id":"https:\/\/www.oceanvacances.com\/hebergements\/location-mobil-homes\/nacre\/#primaryimage","url":"https:\/\/www.oceanvacances.com\/wp-content\/uploads\/2025\/10\/mobil-home-insolite-nacre-pour-4-pers-au-camping-Ocean-Vacances-pres-de-royan.png","contentUrl":"https:\/\/www.oceanvacances.com\/wp-content\/uploads\/2025\/10\/mobil-home-insolite-nacre-pour-4-pers-au-camping-Ocean-Vacances-pres-de-royan.png","width":1200,"height":800,"caption":"Mobil Home Insolite Nacre Pour 4 Pers Au Camping Oc\u00e9an Vacances Pr\u00e8s De Royan"},{"@type":"BreadcrumbList","@id":"https:\/\/www.oceanvacances.com\/hebergements\/location-mobil-homes\/nacre\/#breadcrumb","itemListElement":[{"@type":"ListItem","position":1,"name":"Home","item":"https:\/\/www.oceanvacances.com\/"},{"@type":"ListItem","position":2,"name":"Tous nos h\u00e9bergements en Charente-Maritime","item":"https:\/\/www.oceanvacances.com\/location-de-vacances-a-saint-georges-de-didonne\/hebergement\/"},{"@type":"ListItem","position":3,"name":"Nacre"}]},{"@type":"WebSite","@id":"https:\/\/www.oceanvacances.com\/#website","url":"https:\/\/www.oceanvacances.com\/","name":"Oc\u00e9an Vakanties","description":"Jouw vakantiedorp dichtbij Royan","publisher":{"@id":"https:\/\/www.oceanvacances.com\/#organization"},"alternateName":"Camping les Embruns d'Ol\u00e9ron","potentialAction":[{"@type":"SearchAction","target":{"@type":"EntryPoint","urlTemplate":"https:\/\/www.oceanvacances.com\/?s={search_term_string}"},"query-input":{"@type":"PropertyValueSpecification","valueRequired":true,"valueName":"search_term_string"}}],"inLanguage":"nl-NL"},{"@type":"Organization","@id":"https:\/\/www.oceanvacances.com\/#organization","name":"Oc\u00e9an Vakanties","url":"https:\/\/www.oceanvacances.com\/","logo":{"@type":"ImageObject","inLanguage":"nl-NL","@id":"https:\/\/www.oceanvacances.com\/#\/schema\/logo\/image\/","url":"https:\/\/www.oceanvacances.com\/wp-content\/uploads\/2025\/10\/ocean-vacances-logo-color.svg","contentUrl":"https:\/\/www.oceanvacances.com\/wp-content\/uploads\/2025\/10\/ocean-vacances-logo-color.svg","width":457,"height":201,"caption":"Oc\u00e9an Vacances"},"image":{"@id":"https:\/\/www.oceanvacances.com\/#\/schema\/logo\/image\/"},"sameAs":["https:\/\/www.facebook.com\/oceanvacances\/","https:\/\/www.youtube.com\/@Campaldia","https:\/\/www.instagram.com\/campingoceanvacances\/"]}]}},"_links":{"self":[{"href":"https:\/\/www.oceanvacances.com\/nl\/wp-json\/wp\/v2\/product\/8379","targetHints":{"allow":["GET"]}}],"collection":[{"href":"https:\/\/www.oceanvacances.com\/nl\/wp-json\/wp\/v2\/product"}],"about":[{"href":"https:\/\/www.oceanvacances.com\/nl\/wp-json\/wp\/v2\/types\/product"}],"wp:featuredmedia":[{"embeddable":true,"href":"https:\/\/www.oceanvacances.com\/nl\/wp-json\/wp\/v2\/media\/8417"}],"wp:attachment":[{"href":"https:\/\/www.oceanvacances.com\/nl\/wp-json\/wp\/v2\/media?parent=8379"}],"wp:term":[{"taxonomy":"product_brand","embeddable":true,"href":"https:\/\/www.oceanvacances.com\/nl\/wp-json\/wp\/v2\/product_brand?post=8379"},{"taxonomy":"product_cat","embeddable":true,"href":"https:\/\/www.oceanvacances.com\/nl\/wp-json\/wp\/v2\/product_cat?post=8379"},{"taxonomy":"product_tag","embeddable":true,"href":"https:\/\/www.oceanvacances.com\/nl\/wp-json\/wp\/v2\/product_tag?post=8379"}],"curies":[{"name":"wp","href":"https:\/\/api.w.org\/{rel}","templated":true}]}}