{"id":7807,"date":"2025-10-23T13:37:04","date_gmt":"2025-10-23T11:37:04","guid":{"rendered":"https:\/\/www.oceanvacances.com\/?page_id=7807"},"modified":"2026-04-10T14:44:22","modified_gmt":"2026-04-10T12:44:22","slug":"winkels","status":"publish","type":"page","link":"https:\/\/www.oceanvacances.com\/nl\/camping-aan-zee-royan\/winkels\/","title":{"rendered":"Winkels"},"content":{"rendered":"<div id=\"gap-108410297\" class=\"gap-element clearfix\" style=\"display:block; height:auto;\">\n\t\t\n<style>\n#gap-108410297 {\n  padding-top: 50px;\n}\n@media (min-width:550px) {\n  #gap-108410297 {\n    padding-top: 30px;\n  }\n}\n<\/style>\n\t<\/div>\n\t\n\n\t<section class=\"section\" id=\"section_649088768\">\n\t\t<div class=\"section-bg fill\" >\n\t\t\t<img loading=\"lazy\" decoding=\"async\" width=\"2560\" height=\"1707\" src=\"https:\/\/www.oceanvacances.com\/wp-content\/uploads\/2025\/11\/DSC06119-scaled.jpg\" class=\"bg attachment-original size-original\" alt=\"Dsc06119\" \/>\t\t\t\t\t\t\n\t\t\t\n\n\t\t<\/div>\n\n\t\t\t<div class=\"ux-shape-divider ux-shape-divider--top ux-shape-divider--style-waves-opacity-3\">\n\t\t<svg viewbox=\"0 0 1000 300\" xmlns=\"http:\/\/www.w3.org\/2000\/svg\" preserveaspectratio=\"none\">\n\t<path class=\"ux-shape-fill\" opacity=\"0.05\" d=\"M1014 264V386H206L34 300C34 300 344.42 277.16 436 221C542 156 590 160 704 209C811 255 899.11 214.94 979 346L1014 264Z\"\/>\n\t<path class=\"ux-shape-fill\" opacity=\"0.1\" d=\"M-302 55C-302 55 -66.73 263.25 50 214C178 160 283 116 353 141C445.68 174.1 534.28 256.19 588 249C692.9 235 764.52 75.94 855 131C940.61 183.09 1000 254 1000 254V328L-306 338L-302 55Z\"\/>\n\t<path class=\"ux-shape-fill\" opacity=\"0.15\" d=\"M-286 255C-286 255 -72 152 52 126C176 100 255 155 436 227C581.57 284.91 614.7 277.79 708 227C787 184 1009 3.0001 1093 164C1146 265.63 1031 293 1031 293L924 377L-288 389L-286 255Z\"\/>\n\t<path class=\"ux-shape-fill\" opacity=\"0.3\" d=\"M-24 69C-24 69 275.68 370.66 389 314C397 310 622 316 673 356C690.47 369.7 845 224 890 182C944.8 130.85 1018 92 1078 143C1154.12 207.7 1196 242 1196 242L1184 374L-28 386L-24 69Z\"\/>\n\t<path class=\"ux-shape-fill\" d=\"M-12 201C-12 201 58 284 182 258C306 232 342.29 221.23 456 264C565 305 640.82 288.36 721 249C776 222 837.5 191.31 935 253C984 284 1030 279 1030 279L1024 430L-12 440V201Z\"\/>\n<\/svg>\n\t<\/div>\n\n\t<div class=\"ux-shape-divider ux-shape-divider--bottom ux-shape-divider--style-waves-opacity-2\">\n\t\t<svg viewbox=\"0 0 1000 300\" xmlns=\"http:\/\/www.w3.org\/2000\/svg\" preserveaspectratio=\"none\">\n  <path class=\"ux-shape-fill\" opacity=\"0.15\" d=\"M0 299L-2 19.9998C153 -16.0002 308 155 413 184C515.64 212.35 562 152 645 153C725 154 787 206 874 233C939.54 253.34 975 248 1000 244.61V299H0Z\"\/>\n  <path class=\"ux-shape-fill\" opacity=\"0.3\" d=\"M0 300L-2 34C155 -9.00003 300 178 403 212C504.11 245.38 562 165 645 166C725 167 790.09 220.07 874 253C939.21 278.59 978.07 269.72 1000 263.61V300H0Z\"\/>\n  <path class=\"ux-shape-fill\" d=\"M0 300L-1 69.7099C216 56.9999 299.47 198.86 403 226C506 253 577 196 660 197C740 198 790.09 234.07 874 267C935.23 291 982 282.61 1000 277.61V300H0Z\"\/>\n<\/svg>\n\t<\/div>\n\n\t\t<div class=\"section-content relative\">\n\t\t\t\n<div class=\"row align-right\"  id=\"row-961422946\">\n\n\t<div id=\"col-1643906125\" class=\"col medium-6 small-12 large-6\"  >\n\t\t\t\t<div class=\"col-inner text-center\" style=\"background-color:rgba(255, 255, 255, 0.86);\" >\n\t\t\t\n\t\t\t\n<h1>Winkels en diensten op camping Oc\u00e9an Vacances in Saint-Georges-de-Didonne<\/h1>\n<p>Ons 4-sterrenhotel biedt verschillende faciliteiten en speciale ruimtes om je verblijf comfortabel en eenvoudig te maken, in een natuurlijke omgeving dicht bij de kust en Royan.<\/p>\n\t\t<\/div>\n\t\t\t\t\n<style>\n#col-1643906125 > .col-inner {\n  padding: 30px 30px 30px 30px;\n  margin: 30px 0px 0px 0px;\n  border-radius: 30px;\n}\n@media (min-width:550px) {\n  #col-1643906125 > .col-inner {\n    padding: 30px 30px 30px 30px;\n    margin: 50px 0px 0px 0px;\n  }\n}\n<\/style>\n\t<\/div>\n\n\t\n<\/div>\n\t\t<\/div>\n\n\t\t\n<style>\n#section_649088768 {\n  padding-top: 50px;\n  padding-bottom: 50px;\n}\n#section_649088768 .section-bg img {\n  object-position: 0% 59%;\n}\n#section_649088768 .ux-shape-divider--top svg {\n  height: 100px;\n  --divider-top-width: 100%;\n}\n#section_649088768 .ux-shape-divider--bottom svg {\n  height: 150px;\n  --divider-width: 130%;\n}\n@media (min-width:550px) {\n  #section_649088768 .ux-shape-divider--top svg {\n    height: 200px;\n    --divider-top-width: 100%;\n  }\n}\n<\/style>\n\t<\/section>\n\t\n\n\t<section class=\"section\" id=\"section_728315580\">\n\t\t<div class=\"section-bg fill\" >\n\t\t\t\t\t\t\t\t\t\n\t\t\t\n\n\t\t<\/div>\n\n\t\t\n\n\t\t<div class=\"section-content relative\">\n\t\t\t\n<div class=\"row row-large\"  id=\"row-189118070\">\n\n\t<div id=\"col-1655210575\" class=\"col medium-12 small-12 large-6\"  >\n\t\t\t\t<div class=\"col-inner\"  >\n\t\t\t\n\t\t\t\n\t<div id=\"text-4258177624\" class=\"text li-check\">\n\t\t\n<h2>Plaatselijke winkels en voorzieningen<\/h2>\n<ul>\n<li>Als je boodschappen wilt doen, kun je terecht in de kruidenierswinkel op het terrein.<\/li>\n<li>Er is een brooddepositoservice op de camping als je wilt genieten van warm gebak bij het ontbijt.<\/li>\n<li>Als je trek hebt tussen de maaltijden door, ga dan naar de snackbar op de camping, die in het hoogseizoen geopend is.<\/li>\n<li>De camping heeft een zelfbedieningswasserette.<\/li>\n<li data-section-id=\"1ldnjuq\" data-start=\"512\" data-end=\"621\">De verhuur van babyuitrusting (babybed zonder matras, kinderstoel, etc.) om lichter te reizen.<\/li>\n<\/ul>\n\t\t\t<\/div>\n\t\n\t\t<\/div>\n\t\t\t\t\n<style>\n#col-1655210575 > .col-inner {\n  padding: 0px 0 0px 0px;\n  margin: 0px 0px 0px 0px;\n}\n@media (min-width:550px) {\n  #col-1655210575 > .col-inner {\n    padding: 0px 10% 0px 0px;\n  }\n}\n@media (min-width:850px) {\n  #col-1655210575 > .col-inner {\n    padding: 50px 0px 0px 0px;\n  }\n}\n<\/style>\n\t<\/div>\n\n\t\n\n\t<div id=\"col-2142178077\" class=\"col medium-12 small-12 large-6\"  >\n\t\t\t\t<div class=\"col-inner\"  >\n\t\t\t\n\t\t\t\n\t<div class=\"img has-hover x md-x lg-x y md-y lg-y\" id=\"image_427622711\">\n\t\t\t\t\t\t\t\t<div class=\"img-inner dark\" >\n\t\t\t<img loading=\"lazy\" decoding=\"async\" width=\"1020\" height=\"680\" src=\"https:\/\/www.oceanvacances.com\/wp-content\/uploads\/2025\/11\/snack-ocean-vacances-1020x680.png\" class=\"attachment-large size-large\" alt=\"Snack Oc\u00e9an Vacances\" srcset=\"https:\/\/www.oceanvacances.com\/wp-content\/uploads\/2025\/11\/snack-ocean-vacances-1020x680.png 1020w, https:\/\/www.oceanvacances.com\/wp-content\/uploads\/2025\/11\/snack-ocean-vacances-370x247.png 370w, https:\/\/www.oceanvacances.com\/wp-content\/uploads\/2025\/11\/snack-ocean-vacances-768x512.png 768w, https:\/\/www.oceanvacances.com\/wp-content\/uploads\/2025\/11\/snack-ocean-vacances-18x12.png 18w, https:\/\/www.oceanvacances.com\/wp-content\/uploads\/2025\/11\/snack-ocean-vacances-510x340.png 510w, https:\/\/www.oceanvacances.com\/wp-content\/uploads\/2025\/11\/snack-ocean-vacances.png 1200w\" sizes=\"auto, (max-width: 1020px) 100vw, 1020px\" \/>\t\t\t\t\t\t\n\t\t\t\t\t<\/div>\n\t\t\t\t\t\t\t\t\n<style>\n#image_427622711 {\n  width: 100%;\n}\n<\/style>\n\t<\/div>\n\t\n\t\t<\/div>\n\t\t\t\t\n<style>\n#col-2142178077 > .col-inner {\n  padding: 0px 0px 0px 0px;\n  margin: 0px 0px 0px 0px;\n}\n@media (min-width:550px) {\n  #col-2142178077 > .col-inner {\n    padding: 50px 0px 0px 0px;\n  }\n}\n<\/style>\n\t<\/div>\n\n\t\n<\/div>\n<div class=\"row\"  id=\"row-719002120\">\n\n\t<div id=\"col-405091853\" class=\"col medium-12 small-12 large-12 small-col-first\"  >\n\t\t\t\t<div class=\"col-inner text-center\"  >\n\t\t\t\n\t\t\t\n<a href=\"https:\/\/www.oceanvacances.com\/nl\/accommodatie\/\" class=\"button primary\" >\n\t\t<span>Ik kies mijn accommodatie<\/span>\n\t<\/a>\n\n\t\t<\/div>\n\t\t\t\t\n<style>\n#col-405091853 > .col-inner {\n  padding: 0px 0 0px 0px;\n  margin: 0px 0px 30px 0px;\n}\n@media (min-width:550px) {\n  #col-405091853 > .col-inner {\n    padding: 0px 10% 0px 0px;\n    margin: 30px 0px 0px 0px;\n  }\n}\n@media (min-width:850px) {\n  #col-405091853 > .col-inner {\n    padding: 0px 0px 0px 0px;\n  }\n}\n<\/style>\n\t<\/div>\n\n\t\n<\/div>\n<div class=\"row row-large align-center\"  id=\"row-1640450487\">\n\n\t<div id=\"col-1461616097\" class=\"col medium-12 small-12 large-6\"  >\n\t\t\t\t<div class=\"col-inner\"  >\n\t\t\t\n\t\t\t\n<div class=\"row\"  id=\"row-1163560934\">\n\n\t<div id=\"col-1420891961\" class=\"col medium-6 small-12 large-7\"  >\n\t\t\t\t<div class=\"col-inner\"  >\n\t\t\t\n\t\t\t\n\n  <div class=\"banner has-hover\" id=\"banner-475579001\">\n          <div class=\"banner-inner fill\">\n        <div class=\"banner-bg fill\" >\n            <img loading=\"lazy\" decoding=\"async\" width=\"1020\" height=\"680\" src=\"https:\/\/www.oceanvacances.com\/wp-content\/uploads\/2025\/11\/Epicerie1-1020x680.jpg\" class=\"bg attachment-large size-large\" alt=\"Kruidenierswinkel1\" \/>                                    \n                    <\/div>\n\t\t\n        <div class=\"banner-layers container\">\n            <div class=\"fill banner-link\"><\/div>            \n        <\/div>\n      <\/div>\n\n            \n<style>\n#banner-475579001 {\n  padding-top: 99.99%;\n  background-color: rgba(0, 0, 0, 0);\n}\n@media (min-width:550px) {\n  #banner-475579001 {\n    padding-top: 150%;\n  }\n}\n@media (min-width:850px) {\n  #banner-475579001 {\n    padding-top: 117%;\n  }\n}\n<\/style>\n  <\/div>\n\n\n\t\t<\/div>\n\t\t\t\t\t<\/div>\n\n\t\n\n\t<div id=\"col-948395198\" class=\"col medium-6 small-12 large-5\"  >\n\t\t\t\t<div class=\"col-inner\"  >\n\t\t\t\n\t\t\t\n\t<div class=\"img has-hover x md-x lg-x y md-y lg-y\" id=\"image_415335621\">\n\t\t\t\t\t\t\t\t<div class=\"img-inner image-cover dark\" style=\"padding-top:75%;\">\n\t\t\t<img loading=\"lazy\" decoding=\"async\" width=\"1020\" height=\"680\" src=\"https:\/\/www.oceanvacances.com\/wp-content\/uploads\/2025\/11\/LocationDeVelo-1020x680.jpg\" class=\"attachment-large size-large\" alt=\"Fietsverhuur\" srcset=\"https:\/\/www.oceanvacances.com\/wp-content\/uploads\/2025\/11\/LocationDeVelo-1020x680.jpg 1020w, https:\/\/www.oceanvacances.com\/wp-content\/uploads\/2025\/11\/LocationDeVelo-370x247.jpg 370w, https:\/\/www.oceanvacances.com\/wp-content\/uploads\/2025\/11\/LocationDeVelo-768x512.jpg 768w, https:\/\/www.oceanvacances.com\/wp-content\/uploads\/2025\/11\/LocationDeVelo-1536x1024.jpg 1536w, https:\/\/www.oceanvacances.com\/wp-content\/uploads\/2025\/11\/LocationDeVelo-2048x1365.jpg 2048w, https:\/\/www.oceanvacances.com\/wp-content\/uploads\/2025\/11\/LocationDeVelo-18x12.jpg 18w, https:\/\/www.oceanvacances.com\/wp-content\/uploads\/2025\/11\/LocationDeVelo-510x340.jpg 510w\" sizes=\"auto, (max-width: 1020px) 100vw, 1020px\" \/>\t\t\t\t\t\t\n\t\t\t\t\t<\/div>\n\t\t\t\t\t\t\t\t\n<style>\n#image_415335621 {\n  width: 100%;\n}\n<\/style>\n\t<\/div>\n\t\n\t\t<\/div>\n\t\t\t\t\t<\/div>\n\n\t\n<\/div>\n<div class=\"row align-right\"  id=\"row-858983699\">\n\n\t<div id=\"col-1197823095\" class=\"col medium-7 small-12 large-7\"  >\n\t\t\t\t<div class=\"col-inner\"  >\n\t\t\t\n\t\t\t\n\n  <div class=\"banner has-hover\" id=\"banner-1374086066\">\n          <div class=\"banner-inner fill\">\n        <div class=\"banner-bg fill\" >\n            <img loading=\"lazy\" decoding=\"async\" width=\"1020\" height=\"680\" src=\"https:\/\/www.oceanvacances.com\/wp-content\/uploads\/2025\/11\/Epicerie3-1020x680.jpg\" class=\"bg attachment-large size-large\" alt=\"Kruidenierswinkel3\" \/>                                    \n                    <\/div>\n\t\t\n        <div class=\"banner-layers container\">\n            <div class=\"fill banner-link\"><\/div>            \n        <\/div>\n      <\/div>\n\n            \n<style>\n#banner-1374086066 {\n  padding-top: 60%;\n  background-color: rgba(0, 0, 0, 0);\n}\n@media (min-width:550px) {\n  #banner-1374086066 {\n    padding-top: 75%;\n  }\n}\n<\/style>\n  <\/div>\n\n\n\t\t<\/div>\n\t\t\t\t\n<style>\n#col-1197823095 > .col-inner {\n  margin: 0 0px 0px 0px;\n}\n@media (min-width:550px) {\n  #col-1197823095 > .col-inner {\n    margin: -290px 0px 0px 0px;\n  }\n}\n@media (min-width:850px) {\n  #col-1197823095 > .col-inner {\n    margin: -165px 0px 0px 0px;\n  }\n}\n<\/style>\n\t<\/div>\n\n\t\n<\/div>\n\t\t<\/div>\n\t\t\t\t\n<style>\n#col-1461616097 > .col-inner {\n  padding: 0px 0px 0px 0px;\n  margin: 0px 0px 0px 0px;\n}\n@media (min-width:550px) {\n  #col-1461616097 > .col-inner {\n    padding: 50px 0px 0px 0px;\n    margin: 0px 0px 0px 0px;\n  }\n}\n<\/style>\n\t<\/div>\n\n\t\n\n\t<div id=\"col-734867349\" class=\"col medium-12 small-12 large-6 small-col-first\"  >\n\t\t\t\t<div class=\"col-inner\"  >\n\t\t\t\n\t\t\t\n\t<div id=\"text-2413234795\" class=\"text li-check\">\n\t\t\n<h2 style=\"position: relative; width: 100%;\">Praktische diensten voor een comfortabel verblijf<\/h2>\n<ul>\n<li>Receptie: ons team verwelkomt je met een glimlach en staat tijdens je hele verblijf voor je klaar.<\/li>\n<li>Je kunt fietsen huren voor uitstapjes met het gezin.\u00a0<\/li>\n<li>Wifi-verbinding: blijf op de hoogte dankzij de toegang op de hele camping.<\/li>\n<li>Sanitaire voorzieningen: continu onderhouden blokken, met toegang voor kinderdagverblijven en PBM's, en onbeperkt warm water.<\/li>\n<li>Nachtbewaking: in juli en augustus is er nachtbewaking voor een rustige en serene vakantie.<\/li>\n<\/ul>\n\t\t\t<\/div>\n\t\n\t\t<\/div>\n\t\t\t\t\n<style>\n#col-734867349 > .col-inner {\n  padding: 0px 0 0px 0px;\n  margin: 0px 0px 0px 0px;\n}\n@media (min-width:550px) {\n  #col-734867349 > .col-inner {\n    padding: 0px 10% 0px 0px;\n  }\n}\n@media (min-width:850px) {\n  #col-734867349 > .col-inner {\n    padding: 50px 0px 0px 0px;\n  }\n}\n<\/style>\n\t<\/div>\n\n\t\n<\/div>\n\t\t<\/div>\n\n\t\t\n<style>\n#section_728315580 {\n  padding-top: 0px;\n  padding-bottom: 0px;\n}\n<\/style>\n\t<\/section>","protected":false},"excerpt":{"rendered":"","protected":false},"author":7,"featured_media":0,"parent":8811,"menu_order":0,"comment_status":"closed","ping_status":"closed","template":"page-blank.php","meta":{"_acf_changed":false,"inline_featured_image":false,"footnotes":""},"class_list":["post-7807","page","type-page","status-publish","hentry"],"acf":[],"yoast_head":"<!-- This site is optimized with the Yoast SEO plugin v27.4 - https:\/\/yoast.com\/product\/yoast-seo-wordpress\/ -->\n<title>Les commerces du Camping Oc\u00e9an Vacances<\/title>\n<meta name=\"description\" content=\"D\u00e9couvrez tous les commerces et services du Camping Oc\u00e9an Vacances \u00e0 Saint-Georges-de-Didonne en Charente Maritime.\" \/>\n<meta name=\"robots\" content=\"index, follow, max-snippet:-1, max-image-preview:large, max-video-preview:-1\" \/>\n<link rel=\"canonical\" href=\"https:\/\/www.oceanvacances.com\/nl\/camping-aan-zee-royan\/winkels\/\" \/>\n<meta property=\"og:locale\" content=\"nl_NL\" \/>\n<meta property=\"og:type\" content=\"article\" \/>\n<meta property=\"og:title\" content=\"Les commerces du Camping Oc\u00e9an Vacances\" \/>\n<meta property=\"og:description\" content=\"D\u00e9couvrez tous les commerces et services du Camping Oc\u00e9an Vacances \u00e0 Saint-Georges-de-Didonne en Charente Maritime.\" \/>\n<meta property=\"og:url\" content=\"https:\/\/www.oceanvacances.com\/nl\/camping-aan-zee-royan\/winkels\/\" \/>\n<meta property=\"og:site_name\" content=\"Oc\u00e9an Vacances\" \/>\n<meta property=\"article:publisher\" content=\"https:\/\/www.facebook.com\/oceanvacances\/\" \/>\n<meta property=\"article:modified_time\" content=\"2026-04-10T12:44:22+00:00\" \/>\n<meta name=\"twitter:card\" content=\"summary_large_image\" \/>\n<meta name=\"twitter:label1\" content=\"Geschatte leestijd\" \/>\n\t<meta name=\"twitter:data1\" content=\"3 minuten\" \/>\n<script type=\"application\/ld+json\" class=\"yoast-schema-graph\">{\"@context\":\"https:\\\/\\\/schema.org\",\"@graph\":[{\"@type\":\"WebPage\",\"@id\":\"https:\\\/\\\/www.oceanvacances.com\\\/camping-bord-de-mer-royan\\\/commerces\\\/\",\"url\":\"https:\\\/\\\/www.oceanvacances.com\\\/camping-bord-de-mer-royan\\\/commerces\\\/\",\"name\":\"Les commerces du Camping Oc\u00e9an Vacances\",\"isPartOf\":{\"@id\":\"https:\\\/\\\/www.oceanvacances.com\\\/#website\"},\"datePublished\":\"2025-10-23T11:37:04+00:00\",\"dateModified\":\"2026-04-10T12:44:22+00:00\",\"description\":\"D\u00e9couvrez tous les commerces et services du Camping Oc\u00e9an Vacances \u00e0 Saint-Georges-de-Didonne en Charente Maritime.\",\"breadcrumb\":{\"@id\":\"https:\\\/\\\/www.oceanvacances.com\\\/camping-bord-de-mer-royan\\\/commerces\\\/#breadcrumb\"},\"inLanguage\":\"nl-NL\",\"potentialAction\":[{\"@type\":\"ReadAction\",\"target\":[\"https:\\\/\\\/www.oceanvacances.com\\\/camping-bord-de-mer-royan\\\/commerces\\\/\"]}]},{\"@type\":\"BreadcrumbList\",\"@id\":\"https:\\\/\\\/www.oceanvacances.com\\\/camping-bord-de-mer-royan\\\/commerces\\\/#breadcrumb\",\"itemListElement\":[{\"@type\":\"ListItem\",\"position\":1,\"name\":\"Home\",\"item\":\"https:\\\/\\\/www.oceanvacances.com\\\/\"},{\"@type\":\"ListItem\",\"position\":2,\"name\":\"Camping bord de mer\",\"item\":\"https:\\\/\\\/www.oceanvacances.com\\\/camping-bord-de-mer-royan\\\/\"},{\"@type\":\"ListItem\",\"position\":3,\"name\":\"Commerces\"}]},{\"@type\":\"WebSite\",\"@id\":\"https:\\\/\\\/www.oceanvacances.com\\\/#website\",\"url\":\"https:\\\/\\\/www.oceanvacances.com\\\/\",\"name\":\"Oc\u00e9an Vacances\",\"description\":\"Votre village vacances pr\u00e8s de Royan\",\"publisher\":{\"@id\":\"https:\\\/\\\/www.oceanvacances.com\\\/#organization\"},\"alternateName\":\"Camping les Embruns d'Ol\u00e9ron\",\"potentialAction\":[{\"@type\":\"SearchAction\",\"target\":{\"@type\":\"EntryPoint\",\"urlTemplate\":\"https:\\\/\\\/www.oceanvacances.com\\\/?s={search_term_string}\"},\"query-input\":{\"@type\":\"PropertyValueSpecification\",\"valueRequired\":true,\"valueName\":\"search_term_string\"}}],\"inLanguage\":\"nl-NL\"},{\"@type\":\"Organization\",\"@id\":\"https:\\\/\\\/www.oceanvacances.com\\\/#organization\",\"name\":\"Oc\u00e9an Vacances\",\"url\":\"https:\\\/\\\/www.oceanvacances.com\\\/\",\"logo\":{\"@type\":\"ImageObject\",\"inLanguage\":\"nl-NL\",\"@id\":\"https:\\\/\\\/www.oceanvacances.com\\\/#\\\/schema\\\/logo\\\/image\\\/\",\"url\":\"https:\\\/\\\/www.oceanvacances.com\\\/wp-content\\\/uploads\\\/2025\\\/10\\\/ocean-vacances-logo-color.svg\",\"contentUrl\":\"https:\\\/\\\/www.oceanvacances.com\\\/wp-content\\\/uploads\\\/2025\\\/10\\\/ocean-vacances-logo-color.svg\",\"width\":457,\"height\":201,\"caption\":\"Oc\u00e9an Vacances\"},\"image\":{\"@id\":\"https:\\\/\\\/www.oceanvacances.com\\\/#\\\/schema\\\/logo\\\/image\\\/\"},\"sameAs\":[\"https:\\\/\\\/www.facebook.com\\\/oceanvacances\\\/\",\"https:\\\/\\\/www.youtube.com\\\/@Campaldia\",\"https:\\\/\\\/www.instagram.com\\\/campingoceanvacances\\\/\"]}]}<\/script>\n<!-- \/ Yoast SEO plugin. -->","yoast_head_json":{"title":"De winkels op Camping Oc\u00e9an Vacances","description":"Ontdek alle winkels en voorzieningen op Camping Oc\u00e9an Vacances in Saint-Georges-de-Didonne in Charente Maritime.","robots":{"index":"index","follow":"follow","max-snippet":"max-snippet:-1","max-image-preview":"max-image-preview:large","max-video-preview":"max-video-preview:-1"},"canonical":"https:\/\/www.oceanvacances.com\/nl\/camping-aan-zee-royan\/winkels\/","og_locale":"nl_NL","og_type":"article","og_title":"Les commerces du Camping Oc\u00e9an Vacances","og_description":"D\u00e9couvrez tous les commerces et services du Camping Oc\u00e9an Vacances \u00e0 Saint-Georges-de-Didonne en Charente Maritime.","og_url":"https:\/\/www.oceanvacances.com\/nl\/camping-aan-zee-royan\/winkels\/","og_site_name":"Oc\u00e9an Vacances","article_publisher":"https:\/\/www.facebook.com\/oceanvacances\/","article_modified_time":"2026-04-10T12:44:22+00:00","twitter_card":"summary_large_image","twitter_misc":{"Geschatte leestijd":"3 minuten"},"schema":{"@context":"https:\/\/schema.org","@graph":[{"@type":"WebPage","@id":"https:\/\/www.oceanvacances.com\/camping-bord-de-mer-royan\/commerces\/","url":"https:\/\/www.oceanvacances.com\/camping-bord-de-mer-royan\/commerces\/","name":"De winkels op Camping Oc\u00e9an Vacances","isPartOf":{"@id":"https:\/\/www.oceanvacances.com\/#website"},"datePublished":"2025-10-23T11:37:04+00:00","dateModified":"2026-04-10T12:44:22+00:00","description":"Ontdek alle winkels en voorzieningen op Camping Oc\u00e9an Vacances in Saint-Georges-de-Didonne in Charente Maritime.","breadcrumb":{"@id":"https:\/\/www.oceanvacances.com\/camping-bord-de-mer-royan\/commerces\/#breadcrumb"},"inLanguage":"nl-NL","potentialAction":[{"@type":"ReadAction","target":["https:\/\/www.oceanvacances.com\/camping-bord-de-mer-royan\/commerces\/"]}]},{"@type":"BreadcrumbList","@id":"https:\/\/www.oceanvacances.com\/camping-bord-de-mer-royan\/commerces\/#breadcrumb","itemListElement":[{"@type":"ListItem","position":1,"name":"Home","item":"https:\/\/www.oceanvacances.com\/"},{"@type":"ListItem","position":2,"name":"Camping bord de mer","item":"https:\/\/www.oceanvacances.com\/camping-bord-de-mer-royan\/"},{"@type":"ListItem","position":3,"name":"Commerces"}]},{"@type":"WebSite","@id":"https:\/\/www.oceanvacances.com\/#website","url":"https:\/\/www.oceanvacances.com\/","name":"Oc\u00e9an Vakanties","description":"Jouw vakantiedorp dichtbij Royan","publisher":{"@id":"https:\/\/www.oceanvacances.com\/#organization"},"alternateName":"Camping les Embruns d'Ol\u00e9ron","potentialAction":[{"@type":"SearchAction","target":{"@type":"EntryPoint","urlTemplate":"https:\/\/www.oceanvacances.com\/?s={search_term_string}"},"query-input":{"@type":"PropertyValueSpecification","valueRequired":true,"valueName":"search_term_string"}}],"inLanguage":"nl-NL"},{"@type":"Organization","@id":"https:\/\/www.oceanvacances.com\/#organization","name":"Oc\u00e9an Vakanties","url":"https:\/\/www.oceanvacances.com\/","logo":{"@type":"ImageObject","inLanguage":"nl-NL","@id":"https:\/\/www.oceanvacances.com\/#\/schema\/logo\/image\/","url":"https:\/\/www.oceanvacances.com\/wp-content\/uploads\/2025\/10\/ocean-vacances-logo-color.svg","contentUrl":"https:\/\/www.oceanvacances.com\/wp-content\/uploads\/2025\/10\/ocean-vacances-logo-color.svg","width":457,"height":201,"caption":"Oc\u00e9an Vacances"},"image":{"@id":"https:\/\/www.oceanvacances.com\/#\/schema\/logo\/image\/"},"sameAs":["https:\/\/www.facebook.com\/oceanvacances\/","https:\/\/www.youtube.com\/@Campaldia","https:\/\/www.instagram.com\/campingoceanvacances\/"]}]}},"_links":{"self":[{"href":"https:\/\/www.oceanvacances.com\/nl\/wp-json\/wp\/v2\/pages\/7807","targetHints":{"allow":["GET"]}}],"collection":[{"href":"https:\/\/www.oceanvacances.com\/nl\/wp-json\/wp\/v2\/pages"}],"about":[{"href":"https:\/\/www.oceanvacances.com\/nl\/wp-json\/wp\/v2\/types\/page"}],"author":[{"embeddable":true,"href":"https:\/\/www.oceanvacances.com\/nl\/wp-json\/wp\/v2\/users\/7"}],"replies":[{"embeddable":true,"href":"https:\/\/www.oceanvacances.com\/nl\/wp-json\/wp\/v2\/comments?post=7807"}],"version-history":[{"count":21,"href":"https:\/\/www.oceanvacances.com\/nl\/wp-json\/wp\/v2\/pages\/7807\/revisions"}],"predecessor-version":[{"id":9749,"href":"https:\/\/www.oceanvacances.com\/nl\/wp-json\/wp\/v2\/pages\/7807\/revisions\/9749"}],"up":[{"embeddable":true,"href":"https:\/\/www.oceanvacances.com\/nl\/wp-json\/wp\/v2\/pages\/8811"}],"wp:attachment":[{"href":"https:\/\/www.oceanvacances.com\/nl\/wp-json\/wp\/v2\/media?parent=7807"}],"curies":[{"name":"wp","href":"https:\/\/api.w.org\/{rel}","templated":true}]}}