{"id":8393,"date":"2025-10-28T16:50:48","date_gmt":"2025-10-28T15:50:48","guid":{"rendered":"https:\/\/www.oceanvacances.com\/hebergements\/non%20class\u00e9\/corsaire\/"},"modified":"2026-01-08T14:39:15","modified_gmt":"2026-01-08T13:39:15","slug":"privateer","status":"publish","type":"product","link":"https:\/\/www.oceanvacances.com\/en\/accommodations\/4-person-rentals\/privateer\/","title":{"rendered":"Corsair"},"content":{"rendered":"<p>L'Appart\u2019 Corsaire is an atypical accommodation that can sleep up to 4 people thanks to its mezzanine sleeping area. Functional and friendly, it has no separate bedroom but offers a practical and pleasant setting for your holiday in Saint-Georges-de-Didonne, just a stone's throw from Royan. Ideal for a small family or a holiday with friends, this flat combines simplicity and comfort to make the most of your stay at Camping Oc\u00e9an Vacances. If you have any questions or specific requirements, please do not hesitate to contact our reservations department.<\/p>\n<p><em>Non-contractual photos and plans<\/em><\/p>","protected":false},"excerpt":{"rendered":"<p>With its mezzanine sleeping area, the Appart\u2019 Corsaire sleeps 4 people in a practical, friendly setting.<\/p>\n<p><em> Non-contractual photos and plans<\/em><\/p>","protected":false},"featured_media":8529,"template":"","meta":{"_acf_changed":false,"inline_featured_image":false},"product_brand":[],"product_cat":[432,409],"product_tag":[],"class_list":{"0":"post-8393","1":"product","2":"type-product","3":"status-publish","4":"has-post-thumbnail","6":"product_cat-appart","7":"product_cat-locations-4-personnes","9":"first","10":"instock","11":"shipping-taxable","12":"product-type-simple"},"acf":[],"yoast_head":"<!-- This site is optimized with the Yoast SEO plugin v27.4 - https:\/\/yoast.com\/product\/yoast-seo-wordpress\/ -->\n<title>Appart\u2019 Corsaire \u2013 4 pers | Camping Oc\u00e9an Vacances<\/title>\n<meta name=\"description\" content=\"Appartement en location pr\u00e8s de Royan, l\u2019Appart\u2019 Corsaire au Camping Oc\u00e9an Vacances accueille 4 pers en mezzanine, sans chambre s\u00e9par\u00e9e.\" \/>\n<meta name=\"robots\" content=\"index, follow, max-snippet:-1, max-image-preview:large, max-video-preview:-1\" \/>\n<link rel=\"canonical\" href=\"https:\/\/www.oceanvacances.com\/en\/accommodations\/4-person-rentals\/privateer\/\" \/>\n<meta property=\"og:locale\" content=\"en_GB\" \/>\n<meta property=\"og:type\" content=\"article\" \/>\n<meta property=\"og:title\" content=\"Appart\u2019 Corsaire \u2013 4 pers | Camping Oc\u00e9an Vacances\" \/>\n<meta property=\"og:description\" content=\"Appartement en location pr\u00e8s de Royan, l\u2019Appart\u2019 Corsaire au Camping Oc\u00e9an Vacances accueille 4 pers en mezzanine, sans chambre s\u00e9par\u00e9e.\" \/>\n<meta property=\"og:url\" content=\"https:\/\/www.oceanvacances.com\/en\/accommodations\/4-person-rentals\/privateer\/\" \/>\n<meta property=\"og:site_name\" content=\"Oc\u00e9an Vacances\" \/>\n<meta property=\"article:publisher\" content=\"https:\/\/www.facebook.com\/oceanvacances\/\" \/>\n<meta property=\"article:modified_time\" content=\"2026-01-08T13:39:15+00:00\" \/>\n<meta property=\"og:image\" content=\"https:\/\/www.oceanvacances.com\/wp-content\/uploads\/2025\/10\/appartement-corsaire-pour-4-personnes-a-royan.jpg\" \/>\n\t<meta property=\"og:image:width\" content=\"600\" \/>\n\t<meta property=\"og:image:height\" content=\"450\" \/>\n\t<meta property=\"og:image:type\" content=\"image\/jpeg\" \/>\n<meta name=\"twitter:card\" content=\"summary_large_image\" \/>\n<meta name=\"twitter:label1\" content=\"Estimated reading time\" \/>\n\t<meta name=\"twitter:data1\" content=\"1 minute\" \/>\n<script type=\"application\/ld+json\" class=\"yoast-schema-graph\">{\"@context\":\"https:\\\/\\\/schema.org\",\"@graph\":[{\"@type\":\"WebPage\",\"@id\":\"https:\\\/\\\/www.oceanvacances.com\\\/hebergements\\\/locations-4-personnes\\\/corsaire\\\/\",\"url\":\"https:\\\/\\\/www.oceanvacances.com\\\/hebergements\\\/locations-4-personnes\\\/corsaire\\\/\",\"name\":\"Appart\u2019 Corsaire \u2013 4 pers | Camping Oc\u00e9an Vacances\",\"isPartOf\":{\"@id\":\"https:\\\/\\\/www.oceanvacances.com\\\/#website\"},\"primaryImageOfPage\":{\"@id\":\"https:\\\/\\\/www.oceanvacances.com\\\/hebergements\\\/locations-4-personnes\\\/corsaire\\\/#primaryimage\"},\"image\":{\"@id\":\"https:\\\/\\\/www.oceanvacances.com\\\/hebergements\\\/locations-4-personnes\\\/corsaire\\\/#primaryimage\"},\"thumbnailUrl\":\"https:\\\/\\\/www.oceanvacances.com\\\/wp-content\\\/uploads\\\/2025\\\/10\\\/appartement-corsaire-pour-4-personnes-a-royan.jpg\",\"datePublished\":\"2025-10-28T15:50:48+00:00\",\"dateModified\":\"2026-01-08T13:39:15+00:00\",\"description\":\"Appartement en location pr\u00e8s de Royan, l\u2019Appart\u2019 Corsaire au Camping Oc\u00e9an Vacances accueille 4 pers en mezzanine, sans chambre s\u00e9par\u00e9e.\",\"breadcrumb\":{\"@id\":\"https:\\\/\\\/www.oceanvacances.com\\\/hebergements\\\/locations-4-personnes\\\/corsaire\\\/#breadcrumb\"},\"inLanguage\":\"en-GB\",\"potentialAction\":[{\"@type\":\"ReadAction\",\"target\":[\"https:\\\/\\\/www.oceanvacances.com\\\/hebergements\\\/locations-4-personnes\\\/corsaire\\\/\"]}]},{\"@type\":\"ImageObject\",\"inLanguage\":\"en-GB\",\"@id\":\"https:\\\/\\\/www.oceanvacances.com\\\/hebergements\\\/locations-4-personnes\\\/corsaire\\\/#primaryimage\",\"url\":\"https:\\\/\\\/www.oceanvacances.com\\\/wp-content\\\/uploads\\\/2025\\\/10\\\/appartement-corsaire-pour-4-personnes-a-royan.jpg\",\"contentUrl\":\"https:\\\/\\\/www.oceanvacances.com\\\/wp-content\\\/uploads\\\/2025\\\/10\\\/appartement-corsaire-pour-4-personnes-a-royan.jpg\",\"width\":600,\"height\":450,\"caption\":\"Appartement Corsaire Pour 4 Personnes \u00e0 Royan\"},{\"@type\":\"BreadcrumbList\",\"@id\":\"https:\\\/\\\/www.oceanvacances.com\\\/hebergements\\\/locations-4-personnes\\\/corsaire\\\/#breadcrumb\",\"itemListElement\":[{\"@type\":\"ListItem\",\"position\":1,\"name\":\"Home\",\"item\":\"https:\\\/\\\/www.oceanvacances.com\\\/\"},{\"@type\":\"ListItem\",\"position\":2,\"name\":\"Tous nos h\u00e9bergements en Charente-Maritime\",\"item\":\"https:\\\/\\\/www.oceanvacances.com\\\/location-de-vacances-a-saint-georges-de-didonne\\\/hebergement\\\/\"},{\"@type\":\"ListItem\",\"position\":3,\"name\":\"Corsaire\"}]},{\"@type\":\"WebSite\",\"@id\":\"https:\\\/\\\/www.oceanvacances.com\\\/#website\",\"url\":\"https:\\\/\\\/www.oceanvacances.com\\\/\",\"name\":\"Oc\u00e9an Vacances\",\"description\":\"Votre village vacances pr\u00e8s de Royan\",\"publisher\":{\"@id\":\"https:\\\/\\\/www.oceanvacances.com\\\/#organization\"},\"alternateName\":\"Camping les Embruns d'Ol\u00e9ron\",\"potentialAction\":[{\"@type\":\"SearchAction\",\"target\":{\"@type\":\"EntryPoint\",\"urlTemplate\":\"https:\\\/\\\/www.oceanvacances.com\\\/?s={search_term_string}\"},\"query-input\":{\"@type\":\"PropertyValueSpecification\",\"valueRequired\":true,\"valueName\":\"search_term_string\"}}],\"inLanguage\":\"en-GB\"},{\"@type\":\"Organization\",\"@id\":\"https:\\\/\\\/www.oceanvacances.com\\\/#organization\",\"name\":\"Oc\u00e9an Vacances\",\"url\":\"https:\\\/\\\/www.oceanvacances.com\\\/\",\"logo\":{\"@type\":\"ImageObject\",\"inLanguage\":\"en-GB\",\"@id\":\"https:\\\/\\\/www.oceanvacances.com\\\/#\\\/schema\\\/logo\\\/image\\\/\",\"url\":\"https:\\\/\\\/www.oceanvacances.com\\\/wp-content\\\/uploads\\\/2025\\\/10\\\/ocean-vacances-logo-color.svg\",\"contentUrl\":\"https:\\\/\\\/www.oceanvacances.com\\\/wp-content\\\/uploads\\\/2025\\\/10\\\/ocean-vacances-logo-color.svg\",\"width\":457,\"height\":201,\"caption\":\"Oc\u00e9an Vacances\"},\"image\":{\"@id\":\"https:\\\/\\\/www.oceanvacances.com\\\/#\\\/schema\\\/logo\\\/image\\\/\"},\"sameAs\":[\"https:\\\/\\\/www.facebook.com\\\/oceanvacances\\\/\",\"https:\\\/\\\/www.youtube.com\\\/@Campaldia\",\"https:\\\/\\\/www.instagram.com\\\/campingoceanvacances\\\/\"]}]}<\/script>\n<!-- \/ Yoast SEO plugin. -->","yoast_head_json":{"title":"Appart\u2019 Corsaire - 4 pers | Camping Oc\u00e9an Vacances","description":"Flat to rent near Royan, the Appart\u2019 Corsaire at Camping Oc\u00e9an Vacances sleeps 4 on a mezzanine floor, with no separate bedroom.","robots":{"index":"index","follow":"follow","max-snippet":"max-snippet:-1","max-image-preview":"max-image-preview:large","max-video-preview":"max-video-preview:-1"},"canonical":"https:\/\/www.oceanvacances.com\/en\/accommodations\/4-person-rentals\/privateer\/","og_locale":"en_GB","og_type":"article","og_title":"Appart\u2019 Corsaire \u2013 4 pers | Camping Oc\u00e9an Vacances","og_description":"Appartement en location pr\u00e8s de Royan, l\u2019Appart\u2019 Corsaire au Camping Oc\u00e9an Vacances accueille 4 pers en mezzanine, sans chambre s\u00e9par\u00e9e.","og_url":"https:\/\/www.oceanvacances.com\/en\/accommodations\/4-person-rentals\/privateer\/","og_site_name":"Oc\u00e9an Vacances","article_publisher":"https:\/\/www.facebook.com\/oceanvacances\/","article_modified_time":"2026-01-08T13:39:15+00:00","og_image":[{"width":600,"height":450,"url":"https:\/\/www.oceanvacances.com\/wp-content\/uploads\/2025\/10\/appartement-corsaire-pour-4-personnes-a-royan.jpg","type":"image\/jpeg"}],"twitter_card":"summary_large_image","twitter_misc":{"Estimated reading time":"1 minute"},"schema":{"@context":"https:\/\/schema.org","@graph":[{"@type":"WebPage","@id":"https:\/\/www.oceanvacances.com\/hebergements\/locations-4-personnes\/corsaire\/","url":"https:\/\/www.oceanvacances.com\/hebergements\/locations-4-personnes\/corsaire\/","name":"Appart\u2019 Corsaire - 4 pers | Camping Oc\u00e9an Vacances","isPartOf":{"@id":"https:\/\/www.oceanvacances.com\/#website"},"primaryImageOfPage":{"@id":"https:\/\/www.oceanvacances.com\/hebergements\/locations-4-personnes\/corsaire\/#primaryimage"},"image":{"@id":"https:\/\/www.oceanvacances.com\/hebergements\/locations-4-personnes\/corsaire\/#primaryimage"},"thumbnailUrl":"https:\/\/www.oceanvacances.com\/wp-content\/uploads\/2025\/10\/appartement-corsaire-pour-4-personnes-a-royan.jpg","datePublished":"2025-10-28T15:50:48+00:00","dateModified":"2026-01-08T13:39:15+00:00","description":"Flat to rent near Royan, the Appart\u2019 Corsaire at Camping Oc\u00e9an Vacances sleeps 4 on a mezzanine floor, with no separate bedroom.","breadcrumb":{"@id":"https:\/\/www.oceanvacances.com\/hebergements\/locations-4-personnes\/corsaire\/#breadcrumb"},"inLanguage":"en-GB","potentialAction":[{"@type":"ReadAction","target":["https:\/\/www.oceanvacances.com\/hebergements\/locations-4-personnes\/corsaire\/"]}]},{"@type":"ImageObject","inLanguage":"en-GB","@id":"https:\/\/www.oceanvacances.com\/hebergements\/locations-4-personnes\/corsaire\/#primaryimage","url":"https:\/\/www.oceanvacances.com\/wp-content\/uploads\/2025\/10\/appartement-corsaire-pour-4-personnes-a-royan.jpg","contentUrl":"https:\/\/www.oceanvacances.com\/wp-content\/uploads\/2025\/10\/appartement-corsaire-pour-4-personnes-a-royan.jpg","width":600,"height":450,"caption":"Appartement Corsaire Pour 4 Personnes \u00e0 Royan"},{"@type":"BreadcrumbList","@id":"https:\/\/www.oceanvacances.com\/hebergements\/locations-4-personnes\/corsaire\/#breadcrumb","itemListElement":[{"@type":"ListItem","position":1,"name":"Home","item":"https:\/\/www.oceanvacances.com\/"},{"@type":"ListItem","position":2,"name":"Tous nos h\u00e9bergements en Charente-Maritime","item":"https:\/\/www.oceanvacances.com\/location-de-vacances-a-saint-georges-de-didonne\/hebergement\/"},{"@type":"ListItem","position":3,"name":"Corsaire"}]},{"@type":"WebSite","@id":"https:\/\/www.oceanvacances.com\/#website","url":"https:\/\/www.oceanvacances.com\/","name":"Oc\u00e9an Vacances","description":"Your holiday village near Royan","publisher":{"@id":"https:\/\/www.oceanvacances.com\/#organization"},"alternateName":"Camping les Embruns d'Ol\u00e9ron","potentialAction":[{"@type":"SearchAction","target":{"@type":"EntryPoint","urlTemplate":"https:\/\/www.oceanvacances.com\/?s={search_term_string}"},"query-input":{"@type":"PropertyValueSpecification","valueRequired":true,"valueName":"search_term_string"}}],"inLanguage":"en-GB"},{"@type":"Organization","@id":"https:\/\/www.oceanvacances.com\/#organization","name":"Oc\u00e9an Vacances","url":"https:\/\/www.oceanvacances.com\/","logo":{"@type":"ImageObject","inLanguage":"en-GB","@id":"https:\/\/www.oceanvacances.com\/#\/schema\/logo\/image\/","url":"https:\/\/www.oceanvacances.com\/wp-content\/uploads\/2025\/10\/ocean-vacances-logo-color.svg","contentUrl":"https:\/\/www.oceanvacances.com\/wp-content\/uploads\/2025\/10\/ocean-vacances-logo-color.svg","width":457,"height":201,"caption":"Oc\u00e9an Vacances"},"image":{"@id":"https:\/\/www.oceanvacances.com\/#\/schema\/logo\/image\/"},"sameAs":["https:\/\/www.facebook.com\/oceanvacances\/","https:\/\/www.youtube.com\/@Campaldia","https:\/\/www.instagram.com\/campingoceanvacances\/"]}]}},"_links":{"self":[{"href":"https:\/\/www.oceanvacances.com\/en\/wp-json\/wp\/v2\/product\/8393","targetHints":{"allow":["GET"]}}],"collection":[{"href":"https:\/\/www.oceanvacances.com\/en\/wp-json\/wp\/v2\/product"}],"about":[{"href":"https:\/\/www.oceanvacances.com\/en\/wp-json\/wp\/v2\/types\/product"}],"wp:featuredmedia":[{"embeddable":true,"href":"https:\/\/www.oceanvacances.com\/en\/wp-json\/wp\/v2\/media\/8529"}],"wp:attachment":[{"href":"https:\/\/www.oceanvacances.com\/en\/wp-json\/wp\/v2\/media?parent=8393"}],"wp:term":[{"taxonomy":"product_brand","embeddable":true,"href":"https:\/\/www.oceanvacances.com\/en\/wp-json\/wp\/v2\/product_brand?post=8393"},{"taxonomy":"product_cat","embeddable":true,"href":"https:\/\/www.oceanvacances.com\/en\/wp-json\/wp\/v2\/product_cat?post=8393"},{"taxonomy":"product_tag","embeddable":true,"href":"https:\/\/www.oceanvacances.com\/en\/wp-json\/wp\/v2\/product_tag?post=8393"}],"curies":[{"name":"wp","href":"https:\/\/api.w.org\/{rel}","templated":true}]}}