{"id":8393,"date":"2025-10-28T16:50:48","date_gmt":"2025-10-28T15:50:48","guid":{"rendered":"https:\/\/www.oceanvacances.com\/hebergements\/non%20class\u00e9\/corsaire\/"},"modified":"2026-01-08T14:39:15","modified_gmt":"2026-01-08T13:39:15","slug":"korsar","status":"publish","type":"product","link":"https:\/\/www.oceanvacances.com\/de\/unterkunft-3\/mietunterkunfte-4-personen\/korsar\/","title":{"rendered":"Korsar"},"content":{"rendered":"<p>Das Appart\u2019 Corsaire ist eine atypische Unterkunft, die dank ihres Schlafbereichs im Zwischengeschoss bis zu 4 Personen beherbergen kann. Die funktionale und gesellige Wohnung verf\u00fcgt \u00fcber kein separates Schlafzimmer, bietet aber einen praktischen und angenehmen Rahmen f\u00fcr Ihren Urlaub in Saint-Georges-de-Didonne, nur wenige Schritte von Royan entfernt. Diese Wohnung ist ideal f\u00fcr eine kleine Familie oder einen Aufenthalt mit Freunden und verbindet Einfachheit und Komfort, damit Sie Ihren Aufenthalt auf dem Campingplatz Oc\u00e9an Vacances in vollen Z\u00fcgen genie\u00dfen k\u00f6nnen. F\u00fcr weitere Informationen oder spezielle Bed\u00fcrfnisse wenden Sie sich bitte an unsere Reservierungszentrale.<\/p>\n<p><em>Fotos und Pl\u00e4ne sind nicht vertraglich bindend<\/em><\/p>","protected":false},"excerpt":{"rendered":"<p>Mit seinem Schlafbereich im Zwischengeschoss bietet das Appart\u2019 Corsaire Platz f\u00fcr 4 Personen in einer praktischen und geselligen Umgebung.<\/p>\n<p><em> Fotos und Pl\u00e4ne sind nicht vertraglich bindend<\/em><\/p>","protected":false},"featured_media":8529,"template":"","meta":{"_acf_changed":false,"inline_featured_image":false},"product_brand":[],"product_cat":[432,409],"product_tag":[],"class_list":{"0":"post-8393","1":"product","2":"type-product","3":"status-publish","4":"has-post-thumbnail","6":"product_cat-appart","7":"product_cat-locations-4-personnes","9":"first","10":"instock","11":"shipping-taxable","12":"product-type-simple"},"acf":[],"yoast_head":"<!-- This site is optimized with the Yoast SEO plugin v27.4 - https:\/\/yoast.com\/product\/yoast-seo-wordpress\/ -->\n<title>Appart\u2019 Corsaire \u2013 4 pers | Camping Oc\u00e9an Vacances<\/title>\n<meta name=\"description\" content=\"Appartement en location pr\u00e8s de Royan, l\u2019Appart\u2019 Corsaire au Camping Oc\u00e9an Vacances accueille 4 pers en mezzanine, sans chambre s\u00e9par\u00e9e.\" \/>\n<meta name=\"robots\" content=\"index, follow, max-snippet:-1, max-image-preview:large, max-video-preview:-1\" \/>\n<link rel=\"canonical\" href=\"https:\/\/www.oceanvacances.com\/de\/unterkunft-3\/mietunterkunfte-4-personen\/korsar\/\" \/>\n<meta property=\"og:locale\" content=\"de_DE\" \/>\n<meta property=\"og:type\" content=\"article\" \/>\n<meta property=\"og:title\" content=\"Appart\u2019 Corsaire \u2013 4 pers | Camping Oc\u00e9an Vacances\" \/>\n<meta property=\"og:description\" content=\"Appartement en location pr\u00e8s de Royan, l\u2019Appart\u2019 Corsaire au Camping Oc\u00e9an Vacances accueille 4 pers en mezzanine, sans chambre s\u00e9par\u00e9e.\" \/>\n<meta property=\"og:url\" content=\"https:\/\/www.oceanvacances.com\/de\/unterkunft-3\/mietunterkunfte-4-personen\/korsar\/\" \/>\n<meta property=\"og:site_name\" content=\"Oc\u00e9an Vacances\" \/>\n<meta property=\"article:publisher\" content=\"https:\/\/www.facebook.com\/oceanvacances\/\" \/>\n<meta property=\"article:modified_time\" content=\"2026-01-08T13:39:15+00:00\" \/>\n<meta property=\"og:image\" content=\"https:\/\/www.oceanvacances.com\/wp-content\/uploads\/2025\/10\/appartement-corsaire-pour-4-personnes-a-royan.jpg\" \/>\n\t<meta property=\"og:image:width\" content=\"600\" \/>\n\t<meta property=\"og:image:height\" content=\"450\" \/>\n\t<meta property=\"og:image:type\" content=\"image\/jpeg\" \/>\n<meta name=\"twitter:card\" content=\"summary_large_image\" \/>\n<meta name=\"twitter:label1\" content=\"Gesch\u00e4tzte Lesezeit\" \/>\n\t<meta name=\"twitter:data1\" content=\"1\u00a0Minute\" \/>\n<script type=\"application\/ld+json\" class=\"yoast-schema-graph\">{\"@context\":\"https:\\\/\\\/schema.org\",\"@graph\":[{\"@type\":\"WebPage\",\"@id\":\"https:\\\/\\\/www.oceanvacances.com\\\/hebergements\\\/locations-4-personnes\\\/corsaire\\\/\",\"url\":\"https:\\\/\\\/www.oceanvacances.com\\\/hebergements\\\/locations-4-personnes\\\/corsaire\\\/\",\"name\":\"Appart\u2019 Corsaire \u2013 4 pers | Camping Oc\u00e9an Vacances\",\"isPartOf\":{\"@id\":\"https:\\\/\\\/www.oceanvacances.com\\\/#website\"},\"primaryImageOfPage\":{\"@id\":\"https:\\\/\\\/www.oceanvacances.com\\\/hebergements\\\/locations-4-personnes\\\/corsaire\\\/#primaryimage\"},\"image\":{\"@id\":\"https:\\\/\\\/www.oceanvacances.com\\\/hebergements\\\/locations-4-personnes\\\/corsaire\\\/#primaryimage\"},\"thumbnailUrl\":\"https:\\\/\\\/www.oceanvacances.com\\\/wp-content\\\/uploads\\\/2025\\\/10\\\/appartement-corsaire-pour-4-personnes-a-royan.jpg\",\"datePublished\":\"2025-10-28T15:50:48+00:00\",\"dateModified\":\"2026-01-08T13:39:15+00:00\",\"description\":\"Appartement en location pr\u00e8s de Royan, l\u2019Appart\u2019 Corsaire au Camping Oc\u00e9an Vacances accueille 4 pers en mezzanine, sans chambre s\u00e9par\u00e9e.\",\"breadcrumb\":{\"@id\":\"https:\\\/\\\/www.oceanvacances.com\\\/hebergements\\\/locations-4-personnes\\\/corsaire\\\/#breadcrumb\"},\"inLanguage\":\"de\",\"potentialAction\":[{\"@type\":\"ReadAction\",\"target\":[\"https:\\\/\\\/www.oceanvacances.com\\\/hebergements\\\/locations-4-personnes\\\/corsaire\\\/\"]}]},{\"@type\":\"ImageObject\",\"inLanguage\":\"de\",\"@id\":\"https:\\\/\\\/www.oceanvacances.com\\\/hebergements\\\/locations-4-personnes\\\/corsaire\\\/#primaryimage\",\"url\":\"https:\\\/\\\/www.oceanvacances.com\\\/wp-content\\\/uploads\\\/2025\\\/10\\\/appartement-corsaire-pour-4-personnes-a-royan.jpg\",\"contentUrl\":\"https:\\\/\\\/www.oceanvacances.com\\\/wp-content\\\/uploads\\\/2025\\\/10\\\/appartement-corsaire-pour-4-personnes-a-royan.jpg\",\"width\":600,\"height\":450,\"caption\":\"Appartement Corsaire Pour 4 Personnes \u00e0 Royan\"},{\"@type\":\"BreadcrumbList\",\"@id\":\"https:\\\/\\\/www.oceanvacances.com\\\/hebergements\\\/locations-4-personnes\\\/corsaire\\\/#breadcrumb\",\"itemListElement\":[{\"@type\":\"ListItem\",\"position\":1,\"name\":\"Home\",\"item\":\"https:\\\/\\\/www.oceanvacances.com\\\/\"},{\"@type\":\"ListItem\",\"position\":2,\"name\":\"Tous nos h\u00e9bergements en Charente-Maritime\",\"item\":\"https:\\\/\\\/www.oceanvacances.com\\\/location-de-vacances-a-saint-georges-de-didonne\\\/hebergement\\\/\"},{\"@type\":\"ListItem\",\"position\":3,\"name\":\"Corsaire\"}]},{\"@type\":\"WebSite\",\"@id\":\"https:\\\/\\\/www.oceanvacances.com\\\/#website\",\"url\":\"https:\\\/\\\/www.oceanvacances.com\\\/\",\"name\":\"Oc\u00e9an Vacances\",\"description\":\"Votre village vacances pr\u00e8s de Royan\",\"publisher\":{\"@id\":\"https:\\\/\\\/www.oceanvacances.com\\\/#organization\"},\"alternateName\":\"Camping les Embruns d'Ol\u00e9ron\",\"potentialAction\":[{\"@type\":\"SearchAction\",\"target\":{\"@type\":\"EntryPoint\",\"urlTemplate\":\"https:\\\/\\\/www.oceanvacances.com\\\/?s={search_term_string}\"},\"query-input\":{\"@type\":\"PropertyValueSpecification\",\"valueRequired\":true,\"valueName\":\"search_term_string\"}}],\"inLanguage\":\"de\"},{\"@type\":\"Organization\",\"@id\":\"https:\\\/\\\/www.oceanvacances.com\\\/#organization\",\"name\":\"Oc\u00e9an Vacances\",\"url\":\"https:\\\/\\\/www.oceanvacances.com\\\/\",\"logo\":{\"@type\":\"ImageObject\",\"inLanguage\":\"de\",\"@id\":\"https:\\\/\\\/www.oceanvacances.com\\\/#\\\/schema\\\/logo\\\/image\\\/\",\"url\":\"https:\\\/\\\/www.oceanvacances.com\\\/wp-content\\\/uploads\\\/2025\\\/10\\\/ocean-vacances-logo-color.svg\",\"contentUrl\":\"https:\\\/\\\/www.oceanvacances.com\\\/wp-content\\\/uploads\\\/2025\\\/10\\\/ocean-vacances-logo-color.svg\",\"width\":457,\"height\":201,\"caption\":\"Oc\u00e9an Vacances\"},\"image\":{\"@id\":\"https:\\\/\\\/www.oceanvacances.com\\\/#\\\/schema\\\/logo\\\/image\\\/\"},\"sameAs\":[\"https:\\\/\\\/www.facebook.com\\\/oceanvacances\\\/\",\"https:\\\/\\\/www.youtube.com\\\/@Campaldia\",\"https:\\\/\\\/www.instagram.com\\\/campingoceanvacances\\\/\"]}]}<\/script>\n<!-- \/ Yoast SEO plugin. -->","yoast_head_json":{"title":"Appart\u2019 Corsaire - 4 pers | Camping Oc\u00e9an Vacances","description":"Ferienwohnung in der N\u00e4he von Royan, das Appart\u2019 Corsaire auf dem Campingplatz Oc\u00e9an Vacances empf\u00e4ngt 4 Personen im Mezzanin, ohne separates Schlafzimmer.","robots":{"index":"index","follow":"follow","max-snippet":"max-snippet:-1","max-image-preview":"max-image-preview:large","max-video-preview":"max-video-preview:-1"},"canonical":"https:\/\/www.oceanvacances.com\/de\/unterkunft-3\/mietunterkunfte-4-personen\/korsar\/","og_locale":"de_DE","og_type":"article","og_title":"Appart\u2019 Corsaire \u2013 4 pers | Camping Oc\u00e9an Vacances","og_description":"Appartement en location pr\u00e8s de Royan, l\u2019Appart\u2019 Corsaire au Camping Oc\u00e9an Vacances accueille 4 pers en mezzanine, sans chambre s\u00e9par\u00e9e.","og_url":"https:\/\/www.oceanvacances.com\/de\/unterkunft-3\/mietunterkunfte-4-personen\/korsar\/","og_site_name":"Oc\u00e9an Vacances","article_publisher":"https:\/\/www.facebook.com\/oceanvacances\/","article_modified_time":"2026-01-08T13:39:15+00:00","og_image":[{"width":600,"height":450,"url":"https:\/\/www.oceanvacances.com\/wp-content\/uploads\/2025\/10\/appartement-corsaire-pour-4-personnes-a-royan.jpg","type":"image\/jpeg"}],"twitter_card":"summary_large_image","twitter_misc":{"Gesch\u00e4tzte Lesezeit":"1\u00a0Minute"},"schema":{"@context":"https:\/\/schema.org","@graph":[{"@type":"WebPage","@id":"https:\/\/www.oceanvacances.com\/hebergements\/locations-4-personnes\/corsaire\/","url":"https:\/\/www.oceanvacances.com\/hebergements\/locations-4-personnes\/corsaire\/","name":"Appart\u2019 Corsaire - 4 pers | Camping Oc\u00e9an Vacances","isPartOf":{"@id":"https:\/\/www.oceanvacances.com\/#website"},"primaryImageOfPage":{"@id":"https:\/\/www.oceanvacances.com\/hebergements\/locations-4-personnes\/corsaire\/#primaryimage"},"image":{"@id":"https:\/\/www.oceanvacances.com\/hebergements\/locations-4-personnes\/corsaire\/#primaryimage"},"thumbnailUrl":"https:\/\/www.oceanvacances.com\/wp-content\/uploads\/2025\/10\/appartement-corsaire-pour-4-personnes-a-royan.jpg","datePublished":"2025-10-28T15:50:48+00:00","dateModified":"2026-01-08T13:39:15+00:00","description":"Ferienwohnung in der N\u00e4he von Royan, das Appart\u2019 Corsaire auf dem Campingplatz Oc\u00e9an Vacances empf\u00e4ngt 4 Personen im Mezzanin, ohne separates Schlafzimmer.","breadcrumb":{"@id":"https:\/\/www.oceanvacances.com\/hebergements\/locations-4-personnes\/corsaire\/#breadcrumb"},"inLanguage":"de","potentialAction":[{"@type":"ReadAction","target":["https:\/\/www.oceanvacances.com\/hebergements\/locations-4-personnes\/corsaire\/"]}]},{"@type":"ImageObject","inLanguage":"de","@id":"https:\/\/www.oceanvacances.com\/hebergements\/locations-4-personnes\/corsaire\/#primaryimage","url":"https:\/\/www.oceanvacances.com\/wp-content\/uploads\/2025\/10\/appartement-corsaire-pour-4-personnes-a-royan.jpg","contentUrl":"https:\/\/www.oceanvacances.com\/wp-content\/uploads\/2025\/10\/appartement-corsaire-pour-4-personnes-a-royan.jpg","width":600,"height":450,"caption":"Appartement Corsaire Pour 4 Personnes \u00e0 Royan"},{"@type":"BreadcrumbList","@id":"https:\/\/www.oceanvacances.com\/hebergements\/locations-4-personnes\/corsaire\/#breadcrumb","itemListElement":[{"@type":"ListItem","position":1,"name":"Home","item":"https:\/\/www.oceanvacances.com\/"},{"@type":"ListItem","position":2,"name":"Tous nos h\u00e9bergements en Charente-Maritime","item":"https:\/\/www.oceanvacances.com\/location-de-vacances-a-saint-georges-de-didonne\/hebergement\/"},{"@type":"ListItem","position":3,"name":"Corsaire"}]},{"@type":"WebSite","@id":"https:\/\/www.oceanvacances.com\/#website","url":"https:\/\/www.oceanvacances.com\/","name":"Ocean Vacances","description":"Ihr Feriendorf in der N\u00e4he von Royan","publisher":{"@id":"https:\/\/www.oceanvacances.com\/#organization"},"alternateName":"Camping les Embruns d'Ol\u00e9ron","potentialAction":[{"@type":"SearchAction","target":{"@type":"EntryPoint","urlTemplate":"https:\/\/www.oceanvacances.com\/?s={search_term_string}"},"query-input":{"@type":"PropertyValueSpecification","valueRequired":true,"valueName":"search_term_string"}}],"inLanguage":"de"},{"@type":"Organization","@id":"https:\/\/www.oceanvacances.com\/#organization","name":"Ocean Vacances","url":"https:\/\/www.oceanvacances.com\/","logo":{"@type":"ImageObject","inLanguage":"de","@id":"https:\/\/www.oceanvacances.com\/#\/schema\/logo\/image\/","url":"https:\/\/www.oceanvacances.com\/wp-content\/uploads\/2025\/10\/ocean-vacances-logo-color.svg","contentUrl":"https:\/\/www.oceanvacances.com\/wp-content\/uploads\/2025\/10\/ocean-vacances-logo-color.svg","width":457,"height":201,"caption":"Oc\u00e9an Vacances"},"image":{"@id":"https:\/\/www.oceanvacances.com\/#\/schema\/logo\/image\/"},"sameAs":["https:\/\/www.facebook.com\/oceanvacances\/","https:\/\/www.youtube.com\/@Campaldia","https:\/\/www.instagram.com\/campingoceanvacances\/"]}]}},"_links":{"self":[{"href":"https:\/\/www.oceanvacances.com\/de\/wp-json\/wp\/v2\/product\/8393","targetHints":{"allow":["GET"]}}],"collection":[{"href":"https:\/\/www.oceanvacances.com\/de\/wp-json\/wp\/v2\/product"}],"about":[{"href":"https:\/\/www.oceanvacances.com\/de\/wp-json\/wp\/v2\/types\/product"}],"wp:featuredmedia":[{"embeddable":true,"href":"https:\/\/www.oceanvacances.com\/de\/wp-json\/wp\/v2\/media\/8529"}],"wp:attachment":[{"href":"https:\/\/www.oceanvacances.com\/de\/wp-json\/wp\/v2\/media?parent=8393"}],"wp:term":[{"taxonomy":"product_brand","embeddable":true,"href":"https:\/\/www.oceanvacances.com\/de\/wp-json\/wp\/v2\/product_brand?post=8393"},{"taxonomy":"product_cat","embeddable":true,"href":"https:\/\/www.oceanvacances.com\/de\/wp-json\/wp\/v2\/product_cat?post=8393"},{"taxonomy":"product_tag","embeddable":true,"href":"https:\/\/www.oceanvacances.com\/de\/wp-json\/wp\/v2\/product_tag?post=8393"}],"curies":[{"name":"wp","href":"https:\/\/api.w.org\/{rel}","templated":true}]}}