{"id":8392,"date":"2025-10-28T16:50:48","date_gmt":"2025-10-28T15:50:48","guid":{"rendered":"https:\/\/www.oceanvacances.com\/hebergements\/non%20class\u00e9\/sirene\/"},"modified":"2026-01-08T14:42:39","modified_gmt":"2026-01-08T13:42:39","slug":"sirene","status":"publish","type":"product","link":"https:\/\/www.oceanvacances.com\/de\/unterkunft-3\/mietunterkunfte-3-personen\/sirene\/","title":{"rendered":"Sirene"},"content":{"rendered":"<p>Entdecken Sie das Appart\u2019 Sir\u00e8ne, eine komfortable und praktische Unterkunft f\u00fcr bis zu 3 Personen. Sie besteht aus einem Schlafzimmer und einem Schlafbereich und ist ideal f\u00fcr einen Aufenthalt zu zweit, mit einer kleinen Familie oder mit Freunden. Diese Wohnung wurde entworfen, um Ihnen eine angenehme und funktionelle Umgebung auf dem Campingplatz Oc\u00e9an Vacances in Saint-Georges-de-Didonne zu bieten. F\u00fcr weitere Informationen oder spezielle Bed\u00fcrfnisse wenden Sie sich bitte direkt an unsere Reservierungszentrale, die Ihre Erwartungen erf\u00fcllen wird.<\/p>\n<p><em>Fotos und Pl\u00e4ne sind nicht vertraglich bindend<\/em><\/p>","protected":false},"excerpt":{"rendered":"<p>Das Appart\u2019 Sir\u00e8ne besteht aus einem Schlafzimmer und einem Schlafbereich und bietet Platz f\u00fcr 3 Personen, die einen praktischen und geselligen Aufenthalt verbringen m\u00f6chten.<\/p>\n<p><em>Fotos und Pl\u00e4ne sind nicht vertraglich bindend<\/em><\/p>","protected":false},"featured_media":8505,"template":"","meta":{"_acf_changed":false,"inline_featured_image":false},"product_brand":[],"product_cat":[432,431],"product_tag":[],"class_list":{"0":"post-8392","1":"product","2":"type-product","3":"status-publish","4":"has-post-thumbnail","6":"product_cat-appart","7":"product_cat-locations-3-personnes","9":"first","10":"instock","11":"shipping-taxable","12":"product-type-simple"},"acf":[],"yoast_head":"<!-- This site is optimized with the Yoast SEO plugin v27.4 - https:\/\/yoast.com\/product\/yoast-seo-wordpress\/ -->\n<title>Appart\u2019 Sir\u00e8ne \u2013 3 pers | Camping Oc\u00e9an Vacances<\/title>\n<meta name=\"description\" content=\"Appartement en location pr\u00e8s de Royan, l\u2019Appart\u2019 Sir\u00e8ne au Camping Oc\u00e9an Vacances accueille 3 pers avec 1 chambre et 1 espace nuit.\" \/>\n<meta name=\"robots\" content=\"index, follow, max-snippet:-1, max-image-preview:large, max-video-preview:-1\" \/>\n<link rel=\"canonical\" href=\"https:\/\/www.oceanvacances.com\/de\/unterkunft-3\/mietunterkunfte-3-personen\/sirene\/\" \/>\n<meta property=\"og:locale\" content=\"de_DE\" \/>\n<meta property=\"og:type\" content=\"article\" \/>\n<meta property=\"og:title\" content=\"Appart\u2019 Sir\u00e8ne \u2013 3 pers | Camping Oc\u00e9an Vacances\" \/>\n<meta property=\"og:description\" content=\"Appartement en location pr\u00e8s de Royan, l\u2019Appart\u2019 Sir\u00e8ne au Camping Oc\u00e9an Vacances accueille 3 pers avec 1 chambre et 1 espace nuit.\" \/>\n<meta property=\"og:url\" content=\"https:\/\/www.oceanvacances.com\/de\/unterkunft-3\/mietunterkunfte-3-personen\/sirene\/\" \/>\n<meta property=\"og:site_name\" content=\"Oc\u00e9an Vacances\" \/>\n<meta property=\"article:publisher\" content=\"https:\/\/www.facebook.com\/oceanvacances\/\" \/>\n<meta property=\"article:modified_time\" content=\"2026-01-08T13:42:39+00:00\" \/>\n<meta property=\"og:image\" content=\"https:\/\/www.oceanvacances.com\/wp-content\/uploads\/2025\/10\/salon-appartement-sirene-pres-de-royan-scaled.jpg\" \/>\n\t<meta property=\"og:image:width\" content=\"2560\" \/>\n\t<meta property=\"og:image:height\" content=\"1920\" \/>\n\t<meta property=\"og:image:type\" content=\"image\/jpeg\" \/>\n<meta name=\"twitter:card\" content=\"summary_large_image\" \/>\n<meta name=\"twitter:label1\" content=\"Gesch\u00e4tzte Lesezeit\" \/>\n\t<meta name=\"twitter:data1\" content=\"1\u00a0Minute\" \/>\n<script type=\"application\/ld+json\" class=\"yoast-schema-graph\">{\"@context\":\"https:\\\/\\\/schema.org\",\"@graph\":[{\"@type\":\"WebPage\",\"@id\":\"https:\\\/\\\/www.oceanvacances.com\\\/hebergements\\\/locations-3-personnes\\\/sirene\\\/\",\"url\":\"https:\\\/\\\/www.oceanvacances.com\\\/hebergements\\\/locations-3-personnes\\\/sirene\\\/\",\"name\":\"Appart\u2019 Sir\u00e8ne \u2013 3 pers | Camping Oc\u00e9an Vacances\",\"isPartOf\":{\"@id\":\"https:\\\/\\\/www.oceanvacances.com\\\/#website\"},\"primaryImageOfPage\":{\"@id\":\"https:\\\/\\\/www.oceanvacances.com\\\/hebergements\\\/locations-3-personnes\\\/sirene\\\/#primaryimage\"},\"image\":{\"@id\":\"https:\\\/\\\/www.oceanvacances.com\\\/hebergements\\\/locations-3-personnes\\\/sirene\\\/#primaryimage\"},\"thumbnailUrl\":\"https:\\\/\\\/www.oceanvacances.com\\\/wp-content\\\/uploads\\\/2025\\\/10\\\/salon-appartement-sirene-pres-de-royan-scaled.jpg\",\"datePublished\":\"2025-10-28T15:50:48+00:00\",\"dateModified\":\"2026-01-08T13:42:39+00:00\",\"description\":\"Appartement en location pr\u00e8s de Royan, l\u2019Appart\u2019 Sir\u00e8ne au Camping Oc\u00e9an Vacances accueille 3 pers avec 1 chambre et 1 espace nuit.\",\"breadcrumb\":{\"@id\":\"https:\\\/\\\/www.oceanvacances.com\\\/hebergements\\\/locations-3-personnes\\\/sirene\\\/#breadcrumb\"},\"inLanguage\":\"de\",\"potentialAction\":[{\"@type\":\"ReadAction\",\"target\":[\"https:\\\/\\\/www.oceanvacances.com\\\/hebergements\\\/locations-3-personnes\\\/sirene\\\/\"]}]},{\"@type\":\"ImageObject\",\"inLanguage\":\"de\",\"@id\":\"https:\\\/\\\/www.oceanvacances.com\\\/hebergements\\\/locations-3-personnes\\\/sirene\\\/#primaryimage\",\"url\":\"https:\\\/\\\/www.oceanvacances.com\\\/wp-content\\\/uploads\\\/2025\\\/10\\\/salon-appartement-sirene-pres-de-royan-scaled.jpg\",\"contentUrl\":\"https:\\\/\\\/www.oceanvacances.com\\\/wp-content\\\/uploads\\\/2025\\\/10\\\/salon-appartement-sirene-pres-de-royan-scaled.jpg\",\"width\":2560,\"height\":1920,\"caption\":\"Salon Appartement Sirene Pr\u00e8s De Royan\"},{\"@type\":\"BreadcrumbList\",\"@id\":\"https:\\\/\\\/www.oceanvacances.com\\\/hebergements\\\/locations-3-personnes\\\/sirene\\\/#breadcrumb\",\"itemListElement\":[{\"@type\":\"ListItem\",\"position\":1,\"name\":\"Home\",\"item\":\"https:\\\/\\\/www.oceanvacances.com\\\/\"},{\"@type\":\"ListItem\",\"position\":2,\"name\":\"Tous nos h\u00e9bergements en Charente-Maritime\",\"item\":\"https:\\\/\\\/www.oceanvacances.com\\\/location-de-vacances-a-saint-georges-de-didonne\\\/hebergement\\\/\"},{\"@type\":\"ListItem\",\"position\":3,\"name\":\"Sir\u00e8ne\"}]},{\"@type\":\"WebSite\",\"@id\":\"https:\\\/\\\/www.oceanvacances.com\\\/#website\",\"url\":\"https:\\\/\\\/www.oceanvacances.com\\\/\",\"name\":\"Oc\u00e9an Vacances\",\"description\":\"Votre village vacances pr\u00e8s de Royan\",\"publisher\":{\"@id\":\"https:\\\/\\\/www.oceanvacances.com\\\/#organization\"},\"alternateName\":\"Camping les Embruns d'Ol\u00e9ron\",\"potentialAction\":[{\"@type\":\"SearchAction\",\"target\":{\"@type\":\"EntryPoint\",\"urlTemplate\":\"https:\\\/\\\/www.oceanvacances.com\\\/?s={search_term_string}\"},\"query-input\":{\"@type\":\"PropertyValueSpecification\",\"valueRequired\":true,\"valueName\":\"search_term_string\"}}],\"inLanguage\":\"de\"},{\"@type\":\"Organization\",\"@id\":\"https:\\\/\\\/www.oceanvacances.com\\\/#organization\",\"name\":\"Oc\u00e9an Vacances\",\"url\":\"https:\\\/\\\/www.oceanvacances.com\\\/\",\"logo\":{\"@type\":\"ImageObject\",\"inLanguage\":\"de\",\"@id\":\"https:\\\/\\\/www.oceanvacances.com\\\/#\\\/schema\\\/logo\\\/image\\\/\",\"url\":\"https:\\\/\\\/www.oceanvacances.com\\\/wp-content\\\/uploads\\\/2025\\\/10\\\/ocean-vacances-logo-color.svg\",\"contentUrl\":\"https:\\\/\\\/www.oceanvacances.com\\\/wp-content\\\/uploads\\\/2025\\\/10\\\/ocean-vacances-logo-color.svg\",\"width\":457,\"height\":201,\"caption\":\"Oc\u00e9an Vacances\"},\"image\":{\"@id\":\"https:\\\/\\\/www.oceanvacances.com\\\/#\\\/schema\\\/logo\\\/image\\\/\"},\"sameAs\":[\"https:\\\/\\\/www.facebook.com\\\/oceanvacances\\\/\",\"https:\\\/\\\/www.youtube.com\\\/@Campaldia\",\"https:\\\/\\\/www.instagram.com\\\/campingoceanvacances\\\/\"]}]}<\/script>\n<!-- \/ Yoast SEO plugin. -->","yoast_head_json":{"title":"Appart\u2019 Sir\u00e8ne - 3 pers | Camping Oc\u00e9an Vacances","description":"Ferienwohnung in der N\u00e4he von Royan, das Appart\u2019 Sir\u00e8ne auf dem Campingplatz Oc\u00e9an Vacances bietet Platz f\u00fcr 3 Personen mit 1 Schlafzimmer und 1 Schlafbereich.","robots":{"index":"index","follow":"follow","max-snippet":"max-snippet:-1","max-image-preview":"max-image-preview:large","max-video-preview":"max-video-preview:-1"},"canonical":"https:\/\/www.oceanvacances.com\/de\/unterkunft-3\/mietunterkunfte-3-personen\/sirene\/","og_locale":"de_DE","og_type":"article","og_title":"Appart\u2019 Sir\u00e8ne \u2013 3 pers | Camping Oc\u00e9an Vacances","og_description":"Appartement en location pr\u00e8s de Royan, l\u2019Appart\u2019 Sir\u00e8ne au Camping Oc\u00e9an Vacances accueille 3 pers avec 1 chambre et 1 espace nuit.","og_url":"https:\/\/www.oceanvacances.com\/de\/unterkunft-3\/mietunterkunfte-3-personen\/sirene\/","og_site_name":"Oc\u00e9an Vacances","article_publisher":"https:\/\/www.facebook.com\/oceanvacances\/","article_modified_time":"2026-01-08T13:42:39+00:00","og_image":[{"width":2560,"height":1920,"url":"https:\/\/www.oceanvacances.com\/wp-content\/uploads\/2025\/10\/salon-appartement-sirene-pres-de-royan-scaled.jpg","type":"image\/jpeg"}],"twitter_card":"summary_large_image","twitter_misc":{"Gesch\u00e4tzte Lesezeit":"1\u00a0Minute"},"schema":{"@context":"https:\/\/schema.org","@graph":[{"@type":"WebPage","@id":"https:\/\/www.oceanvacances.com\/hebergements\/locations-3-personnes\/sirene\/","url":"https:\/\/www.oceanvacances.com\/hebergements\/locations-3-personnes\/sirene\/","name":"Appart\u2019 Sir\u00e8ne - 3 pers | Camping Oc\u00e9an Vacances","isPartOf":{"@id":"https:\/\/www.oceanvacances.com\/#website"},"primaryImageOfPage":{"@id":"https:\/\/www.oceanvacances.com\/hebergements\/locations-3-personnes\/sirene\/#primaryimage"},"image":{"@id":"https:\/\/www.oceanvacances.com\/hebergements\/locations-3-personnes\/sirene\/#primaryimage"},"thumbnailUrl":"https:\/\/www.oceanvacances.com\/wp-content\/uploads\/2025\/10\/salon-appartement-sirene-pres-de-royan-scaled.jpg","datePublished":"2025-10-28T15:50:48+00:00","dateModified":"2026-01-08T13:42:39+00:00","description":"Ferienwohnung in der N\u00e4he von Royan, das Appart\u2019 Sir\u00e8ne auf dem Campingplatz Oc\u00e9an Vacances bietet Platz f\u00fcr 3 Personen mit 1 Schlafzimmer und 1 Schlafbereich.","breadcrumb":{"@id":"https:\/\/www.oceanvacances.com\/hebergements\/locations-3-personnes\/sirene\/#breadcrumb"},"inLanguage":"de","potentialAction":[{"@type":"ReadAction","target":["https:\/\/www.oceanvacances.com\/hebergements\/locations-3-personnes\/sirene\/"]}]},{"@type":"ImageObject","inLanguage":"de","@id":"https:\/\/www.oceanvacances.com\/hebergements\/locations-3-personnes\/sirene\/#primaryimage","url":"https:\/\/www.oceanvacances.com\/wp-content\/uploads\/2025\/10\/salon-appartement-sirene-pres-de-royan-scaled.jpg","contentUrl":"https:\/\/www.oceanvacances.com\/wp-content\/uploads\/2025\/10\/salon-appartement-sirene-pres-de-royan-scaled.jpg","width":2560,"height":1920,"caption":"Salon Appartement Sirene Pr\u00e8s De Royan"},{"@type":"BreadcrumbList","@id":"https:\/\/www.oceanvacances.com\/hebergements\/locations-3-personnes\/sirene\/#breadcrumb","itemListElement":[{"@type":"ListItem","position":1,"name":"Home","item":"https:\/\/www.oceanvacances.com\/"},{"@type":"ListItem","position":2,"name":"Tous nos h\u00e9bergements en Charente-Maritime","item":"https:\/\/www.oceanvacances.com\/location-de-vacances-a-saint-georges-de-didonne\/hebergement\/"},{"@type":"ListItem","position":3,"name":"Sir\u00e8ne"}]},{"@type":"WebSite","@id":"https:\/\/www.oceanvacances.com\/#website","url":"https:\/\/www.oceanvacances.com\/","name":"Ocean Vacances","description":"Ihr Feriendorf in der N\u00e4he von Royan","publisher":{"@id":"https:\/\/www.oceanvacances.com\/#organization"},"alternateName":"Camping les Embruns d'Ol\u00e9ron","potentialAction":[{"@type":"SearchAction","target":{"@type":"EntryPoint","urlTemplate":"https:\/\/www.oceanvacances.com\/?s={search_term_string}"},"query-input":{"@type":"PropertyValueSpecification","valueRequired":true,"valueName":"search_term_string"}}],"inLanguage":"de"},{"@type":"Organization","@id":"https:\/\/www.oceanvacances.com\/#organization","name":"Ocean Vacances","url":"https:\/\/www.oceanvacances.com\/","logo":{"@type":"ImageObject","inLanguage":"de","@id":"https:\/\/www.oceanvacances.com\/#\/schema\/logo\/image\/","url":"https:\/\/www.oceanvacances.com\/wp-content\/uploads\/2025\/10\/ocean-vacances-logo-color.svg","contentUrl":"https:\/\/www.oceanvacances.com\/wp-content\/uploads\/2025\/10\/ocean-vacances-logo-color.svg","width":457,"height":201,"caption":"Oc\u00e9an Vacances"},"image":{"@id":"https:\/\/www.oceanvacances.com\/#\/schema\/logo\/image\/"},"sameAs":["https:\/\/www.facebook.com\/oceanvacances\/","https:\/\/www.youtube.com\/@Campaldia","https:\/\/www.instagram.com\/campingoceanvacances\/"]}]}},"_links":{"self":[{"href":"https:\/\/www.oceanvacances.com\/de\/wp-json\/wp\/v2\/product\/8392","targetHints":{"allow":["GET"]}}],"collection":[{"href":"https:\/\/www.oceanvacances.com\/de\/wp-json\/wp\/v2\/product"}],"about":[{"href":"https:\/\/www.oceanvacances.com\/de\/wp-json\/wp\/v2\/types\/product"}],"wp:featuredmedia":[{"embeddable":true,"href":"https:\/\/www.oceanvacances.com\/de\/wp-json\/wp\/v2\/media\/8505"}],"wp:attachment":[{"href":"https:\/\/www.oceanvacances.com\/de\/wp-json\/wp\/v2\/media?parent=8392"}],"wp:term":[{"taxonomy":"product_brand","embeddable":true,"href":"https:\/\/www.oceanvacances.com\/de\/wp-json\/wp\/v2\/product_brand?post=8392"},{"taxonomy":"product_cat","embeddable":true,"href":"https:\/\/www.oceanvacances.com\/de\/wp-json\/wp\/v2\/product_cat?post=8392"},{"taxonomy":"product_tag","embeddable":true,"href":"https:\/\/www.oceanvacances.com\/de\/wp-json\/wp\/v2\/product_tag?post=8392"}],"curies":[{"name":"wp","href":"https:\/\/api.w.org\/{rel}","templated":true}]}}