{"id":8391,"date":"2025-10-28T16:50:48","date_gmt":"2025-10-28T15:50:48","guid":{"rendered":"https:\/\/www.oceanvacances.com\/hebergements\/non%20class\u00e9\/chambres-familiale\/"},"modified":"2026-04-14T13:43:39","modified_gmt":"2026-04-14T11:43:39","slug":"familienzimmer-2","status":"publish","type":"product","link":"https:\/\/www.oceanvacances.com\/de\/unterkunft-3\/mietunterkunfte-4-personen\/familienzimmer-2\/","title":{"rendered":"Familienzimmer"},"content":{"rendered":"<p>Auf dem Campingplatz Oc\u00e9an Vacances in Saint-Georges-de-Didonne sind unsere Familienzimmer ideal f\u00fcr einen Aufenthalt mit der ganzen Familie, da sie Komfort und Zweckm\u00e4\u00dfigkeit in sich vereinen. Mit einer Fl\u00e4che von 20 m\u00b2 bieten sie Platz f\u00fcr bis zu 4 Personen (2 Erwachsene und 2 Kinder). Sie verf\u00fcgen \u00fcber ein 140 cm breites Doppelbett f\u00fcr die Eltern und zwei Etagenbetten f\u00fcr die Kinder. Jedes Zimmer ist mit einem Kleiderschrank, einem Schreibtisch, einem Fernseher und einem WLAN-Anschluss ausgestattet. Sie profitieren von einem angrenzenden Badezimmer mit Dusche und WC sowie von einer umkehrbaren Klimaanlage f\u00fcr optimalen Komfort zu jeder Jahreszeit. Ein kleines Extra: Bei einem Aufenthalt zwischen dem 1. Juli und dem 31. August ist das Fr\u00fchst\u00fcck im Preis inbegriffen. Eine perfekte L\u00f6sung f\u00fcr Familien, die Einfachheit, Komfort und N\u00e4he zum Ozean kombinieren m\u00f6chten.<\/p>\n<p><em>Fotos und Pl\u00e4ne sind nicht vertraglich bindend<\/em><\/p>","protected":false},"excerpt":{"rendered":"<p>Das 20 m\u00b2 gro\u00dfe Familienzimmer ist ideal f\u00fcr 2 Erwachsene und 2 Kinder und verf\u00fcgt \u00fcber ein Doppelbett, 2 Etagenbetten, einen Fernseher, WLAN und ein eigenes Badezimmer mit umkehrbarer Klimaanlage. Fr\u00fchst\u00fcck vom 1. Juli bis 31. August inbegriffen.<\/p>\n<p><em>Fotos und Pl\u00e4ne sind nicht vertraglich bindend<\/em><\/p>","protected":false},"featured_media":8485,"template":"","meta":{"_acf_changed":false,"inline_featured_image":false},"product_brand":[],"product_cat":[430,409],"product_tag":[],"class_list":{"0":"post-8391","1":"product","2":"type-product","3":"status-publish","4":"has-post-thumbnail","6":"product_cat-hotel","7":"product_cat-locations-4-personnes","9":"first","10":"instock","11":"shipping-taxable","12":"product-type-simple"},"acf":[],"yoast_head":"<!-- This site is optimized with the Yoast SEO plugin v27.5 - https:\/\/yoast.com\/product\/yoast-seo-wordpress\/ -->\n<title>Chambre d&#039;h\u00f4tel famille \u2013 4 pers | Oc\u00e9an Vacances<\/title>\n<meta name=\"description\" content=\"Au Camping Oc\u00e9an Vacances \u00e0 Saint-Georges-de-Didonne, chambre famille 4 pers (1 lit double, 2 lits superpos\u00e9s), TV, wifi, clim, salle de bain privative.\" \/>\n<meta name=\"robots\" content=\"index, follow, max-snippet:-1, max-image-preview:large, max-video-preview:-1\" \/>\n<link rel=\"canonical\" href=\"https:\/\/www.oceanvacances.com\/de\/unterkunft-3\/mietunterkunfte-4-personen\/familienzimmer-2\/\" \/>\n<meta property=\"og:locale\" content=\"de_DE\" \/>\n<meta property=\"og:type\" content=\"article\" \/>\n<meta property=\"og:title\" content=\"Chambre d&#039;h\u00f4tel famille \u2013 4 pers | Oc\u00e9an Vacances\" \/>\n<meta property=\"og:description\" content=\"Au Camping Oc\u00e9an Vacances \u00e0 Saint-Georges-de-Didonne, chambre famille 4 pers (1 lit double, 2 lits superpos\u00e9s), TV, wifi, clim, salle de bain privative.\" \/>\n<meta property=\"og:url\" content=\"https:\/\/www.oceanvacances.com\/de\/unterkunft-3\/mietunterkunfte-4-personen\/familienzimmer-2\/\" \/>\n<meta property=\"og:site_name\" content=\"Oc\u00e9an Vacances\" \/>\n<meta property=\"article:publisher\" content=\"https:\/\/www.facebook.com\/oceanvacances\/\" \/>\n<meta property=\"article:modified_time\" content=\"2026-04-14T11:43:39+00:00\" \/>\n<meta property=\"og:image\" content=\"https:\/\/www.oceanvacances.com\/wp-content\/uploads\/2025\/10\/hotel-ocean-vacances-avec-chambre-familiale-a-saint-georges-de-didonne.png\" \/>\n\t<meta property=\"og:image:width\" content=\"1200\" \/>\n\t<meta property=\"og:image:height\" content=\"800\" \/>\n\t<meta property=\"og:image:type\" content=\"image\/png\" \/>\n<meta name=\"twitter:card\" content=\"summary_large_image\" \/>\n<meta name=\"twitter:label1\" content=\"Gesch\u00e4tzte Lesezeit\" \/>\n\t<meta name=\"twitter:data1\" content=\"1\u00a0Minute\" \/>\n<script type=\"application\/ld+json\" class=\"yoast-schema-graph\">{\"@context\":\"https:\\\/\\\/schema.org\",\"@graph\":[{\"@type\":\"WebPage\",\"@id\":\"https:\\\/\\\/www.oceanvacances.com\\\/hebergements\\\/locations-4-personnes\\\/chambres-famille\\\/\",\"url\":\"https:\\\/\\\/www.oceanvacances.com\\\/hebergements\\\/locations-4-personnes\\\/chambres-famille\\\/\",\"name\":\"Chambre d'h\u00f4tel famille \u2013 4 pers | Oc\u00e9an Vacances\",\"isPartOf\":{\"@id\":\"https:\\\/\\\/www.oceanvacances.com\\\/#website\"},\"primaryImageOfPage\":{\"@id\":\"https:\\\/\\\/www.oceanvacances.com\\\/hebergements\\\/locations-4-personnes\\\/chambres-famille\\\/#primaryimage\"},\"image\":{\"@id\":\"https:\\\/\\\/www.oceanvacances.com\\\/hebergements\\\/locations-4-personnes\\\/chambres-famille\\\/#primaryimage\"},\"thumbnailUrl\":\"https:\\\/\\\/www.oceanvacances.com\\\/wp-content\\\/uploads\\\/2025\\\/10\\\/hotel-ocean-vacances-avec-chambre-familiale-a-saint-georges-de-didonne.png\",\"datePublished\":\"2025-10-28T15:50:48+00:00\",\"dateModified\":\"2026-04-14T11:43:39+00:00\",\"description\":\"Au Camping Oc\u00e9an Vacances \u00e0 Saint-Georges-de-Didonne, chambre famille 4 pers (1 lit double, 2 lits superpos\u00e9s), TV, wifi, clim, salle de bain privative.\",\"breadcrumb\":{\"@id\":\"https:\\\/\\\/www.oceanvacances.com\\\/hebergements\\\/locations-4-personnes\\\/chambres-famille\\\/#breadcrumb\"},\"inLanguage\":\"de\",\"potentialAction\":[{\"@type\":\"ReadAction\",\"target\":[\"https:\\\/\\\/www.oceanvacances.com\\\/hebergements\\\/locations-4-personnes\\\/chambres-famille\\\/\"]}]},{\"@type\":\"ImageObject\",\"inLanguage\":\"de\",\"@id\":\"https:\\\/\\\/www.oceanvacances.com\\\/hebergements\\\/locations-4-personnes\\\/chambres-famille\\\/#primaryimage\",\"url\":\"https:\\\/\\\/www.oceanvacances.com\\\/wp-content\\\/uploads\\\/2025\\\/10\\\/hotel-ocean-vacances-avec-chambre-familiale-a-saint-georges-de-didonne.png\",\"contentUrl\":\"https:\\\/\\\/www.oceanvacances.com\\\/wp-content\\\/uploads\\\/2025\\\/10\\\/hotel-ocean-vacances-avec-chambre-familiale-a-saint-georges-de-didonne.png\",\"width\":1200,\"height\":800,\"caption\":\"Hotel Ocean Vacances Avec Chambre Familiale \u00e0 Saint Georges De Didonne\"},{\"@type\":\"BreadcrumbList\",\"@id\":\"https:\\\/\\\/www.oceanvacances.com\\\/hebergements\\\/locations-4-personnes\\\/chambres-famille\\\/#breadcrumb\",\"itemListElement\":[{\"@type\":\"ListItem\",\"position\":1,\"name\":\"Home\",\"item\":\"https:\\\/\\\/www.oceanvacances.com\\\/\"},{\"@type\":\"ListItem\",\"position\":2,\"name\":\"Tous nos h\u00e9bergements en Charente-Maritime\",\"item\":\"https:\\\/\\\/www.oceanvacances.com\\\/location-de-vacances-a-saint-georges-de-didonne\\\/hebergement\\\/\"},{\"@type\":\"ListItem\",\"position\":3,\"name\":\"Chambre famille\"}]},{\"@type\":\"WebSite\",\"@id\":\"https:\\\/\\\/www.oceanvacances.com\\\/#website\",\"url\":\"https:\\\/\\\/www.oceanvacances.com\\\/\",\"name\":\"Oc\u00e9an Vacances\",\"description\":\"Votre village vacances pr\u00e8s de Royan\",\"publisher\":{\"@id\":\"https:\\\/\\\/www.oceanvacances.com\\\/#organization\"},\"alternateName\":\"Camping les Embruns d'Ol\u00e9ron\",\"potentialAction\":[{\"@type\":\"SearchAction\",\"target\":{\"@type\":\"EntryPoint\",\"urlTemplate\":\"https:\\\/\\\/www.oceanvacances.com\\\/?s={search_term_string}\"},\"query-input\":{\"@type\":\"PropertyValueSpecification\",\"valueRequired\":true,\"valueName\":\"search_term_string\"}}],\"inLanguage\":\"de\"},{\"@type\":\"Organization\",\"@id\":\"https:\\\/\\\/www.oceanvacances.com\\\/#organization\",\"name\":\"Oc\u00e9an Vacances\",\"url\":\"https:\\\/\\\/www.oceanvacances.com\\\/\",\"logo\":{\"@type\":\"ImageObject\",\"inLanguage\":\"de\",\"@id\":\"https:\\\/\\\/www.oceanvacances.com\\\/#\\\/schema\\\/logo\\\/image\\\/\",\"url\":\"https:\\\/\\\/www.oceanvacances.com\\\/wp-content\\\/uploads\\\/2025\\\/10\\\/ocean-vacances-logo-color.svg\",\"contentUrl\":\"https:\\\/\\\/www.oceanvacances.com\\\/wp-content\\\/uploads\\\/2025\\\/10\\\/ocean-vacances-logo-color.svg\",\"width\":457,\"height\":201,\"caption\":\"Oc\u00e9an Vacances\"},\"image\":{\"@id\":\"https:\\\/\\\/www.oceanvacances.com\\\/#\\\/schema\\\/logo\\\/image\\\/\"},\"sameAs\":[\"https:\\\/\\\/www.facebook.com\\\/oceanvacances\\\/\",\"https:\\\/\\\/www.youtube.com\\\/@Campaldia\",\"https:\\\/\\\/www.instagram.com\\\/campingoceanvacances\\\/\"]}]}<\/script>\n<!-- \/ Yoast SEO plugin. -->","yoast_head_json":{"title":"Hotelzimmer Familie - 4 pers | Oc\u00e9an Vacances","description":"Auf dem Campingplatz Oc\u00e9an Vacances in Saint-Georges-de-Didonne, Familienzimmer 4 Pers. (1 Doppelbett, 2 Etagenbetten), TV, Wifi, Klimaanlage, eigenes Bad.","robots":{"index":"index","follow":"follow","max-snippet":"max-snippet:-1","max-image-preview":"max-image-preview:large","max-video-preview":"max-video-preview:-1"},"canonical":"https:\/\/www.oceanvacances.com\/de\/unterkunft-3\/mietunterkunfte-4-personen\/familienzimmer-2\/","og_locale":"de_DE","og_type":"article","og_title":"Chambre d'h\u00f4tel famille \u2013 4 pers | Oc\u00e9an Vacances","og_description":"Au Camping Oc\u00e9an Vacances \u00e0 Saint-Georges-de-Didonne, chambre famille 4 pers (1 lit double, 2 lits superpos\u00e9s), TV, wifi, clim, salle de bain privative.","og_url":"https:\/\/www.oceanvacances.com\/de\/unterkunft-3\/mietunterkunfte-4-personen\/familienzimmer-2\/","og_site_name":"Oc\u00e9an Vacances","article_publisher":"https:\/\/www.facebook.com\/oceanvacances\/","article_modified_time":"2026-04-14T11:43:39+00:00","og_image":[{"width":1200,"height":800,"url":"https:\/\/www.oceanvacances.com\/wp-content\/uploads\/2025\/10\/hotel-ocean-vacances-avec-chambre-familiale-a-saint-georges-de-didonne.png","type":"image\/png"}],"twitter_card":"summary_large_image","twitter_misc":{"Gesch\u00e4tzte Lesezeit":"1\u00a0Minute"},"schema":{"@context":"https:\/\/schema.org","@graph":[{"@type":"WebPage","@id":"https:\/\/www.oceanvacances.com\/hebergements\/locations-4-personnes\/chambres-famille\/","url":"https:\/\/www.oceanvacances.com\/hebergements\/locations-4-personnes\/chambres-famille\/","name":"Hotelzimmer Familie - 4 pers | Oc\u00e9an Vacances","isPartOf":{"@id":"https:\/\/www.oceanvacances.com\/#website"},"primaryImageOfPage":{"@id":"https:\/\/www.oceanvacances.com\/hebergements\/locations-4-personnes\/chambres-famille\/#primaryimage"},"image":{"@id":"https:\/\/www.oceanvacances.com\/hebergements\/locations-4-personnes\/chambres-famille\/#primaryimage"},"thumbnailUrl":"https:\/\/www.oceanvacances.com\/wp-content\/uploads\/2025\/10\/hotel-ocean-vacances-avec-chambre-familiale-a-saint-georges-de-didonne.png","datePublished":"2025-10-28T15:50:48+00:00","dateModified":"2026-04-14T11:43:39+00:00","description":"Auf dem Campingplatz Oc\u00e9an Vacances in Saint-Georges-de-Didonne, Familienzimmer 4 Pers. (1 Doppelbett, 2 Etagenbetten), TV, Wifi, Klimaanlage, eigenes Bad.","breadcrumb":{"@id":"https:\/\/www.oceanvacances.com\/hebergements\/locations-4-personnes\/chambres-famille\/#breadcrumb"},"inLanguage":"de","potentialAction":[{"@type":"ReadAction","target":["https:\/\/www.oceanvacances.com\/hebergements\/locations-4-personnes\/chambres-famille\/"]}]},{"@type":"ImageObject","inLanguage":"de","@id":"https:\/\/www.oceanvacances.com\/hebergements\/locations-4-personnes\/chambres-famille\/#primaryimage","url":"https:\/\/www.oceanvacances.com\/wp-content\/uploads\/2025\/10\/hotel-ocean-vacances-avec-chambre-familiale-a-saint-georges-de-didonne.png","contentUrl":"https:\/\/www.oceanvacances.com\/wp-content\/uploads\/2025\/10\/hotel-ocean-vacances-avec-chambre-familiale-a-saint-georges-de-didonne.png","width":1200,"height":800,"caption":"Hotel Ocean Vacances Avec Chambre Familiale \u00e0 Saint Georges De Didonne"},{"@type":"BreadcrumbList","@id":"https:\/\/www.oceanvacances.com\/hebergements\/locations-4-personnes\/chambres-famille\/#breadcrumb","itemListElement":[{"@type":"ListItem","position":1,"name":"Home","item":"https:\/\/www.oceanvacances.com\/"},{"@type":"ListItem","position":2,"name":"Tous nos h\u00e9bergements en Charente-Maritime","item":"https:\/\/www.oceanvacances.com\/location-de-vacances-a-saint-georges-de-didonne\/hebergement\/"},{"@type":"ListItem","position":3,"name":"Chambre famille"}]},{"@type":"WebSite","@id":"https:\/\/www.oceanvacances.com\/#website","url":"https:\/\/www.oceanvacances.com\/","name":"Ocean Vacances","description":"Ihr Feriendorf in der N\u00e4he von Royan","publisher":{"@id":"https:\/\/www.oceanvacances.com\/#organization"},"alternateName":"Camping les Embruns d'Ol\u00e9ron","potentialAction":[{"@type":"SearchAction","target":{"@type":"EntryPoint","urlTemplate":"https:\/\/www.oceanvacances.com\/?s={search_term_string}"},"query-input":{"@type":"PropertyValueSpecification","valueRequired":true,"valueName":"search_term_string"}}],"inLanguage":"de"},{"@type":"Organization","@id":"https:\/\/www.oceanvacances.com\/#organization","name":"Ocean Vacances","url":"https:\/\/www.oceanvacances.com\/","logo":{"@type":"ImageObject","inLanguage":"de","@id":"https:\/\/www.oceanvacances.com\/#\/schema\/logo\/image\/","url":"https:\/\/www.oceanvacances.com\/wp-content\/uploads\/2025\/10\/ocean-vacances-logo-color.svg","contentUrl":"https:\/\/www.oceanvacances.com\/wp-content\/uploads\/2025\/10\/ocean-vacances-logo-color.svg","width":457,"height":201,"caption":"Oc\u00e9an Vacances"},"image":{"@id":"https:\/\/www.oceanvacances.com\/#\/schema\/logo\/image\/"},"sameAs":["https:\/\/www.facebook.com\/oceanvacances\/","https:\/\/www.youtube.com\/@Campaldia","https:\/\/www.instagram.com\/campingoceanvacances\/"]}]}},"_links":{"self":[{"href":"https:\/\/www.oceanvacances.com\/de\/wp-json\/wp\/v2\/product\/8391","targetHints":{"allow":["GET"]}}],"collection":[{"href":"https:\/\/www.oceanvacances.com\/de\/wp-json\/wp\/v2\/product"}],"about":[{"href":"https:\/\/www.oceanvacances.com\/de\/wp-json\/wp\/v2\/types\/product"}],"wp:featuredmedia":[{"embeddable":true,"href":"https:\/\/www.oceanvacances.com\/de\/wp-json\/wp\/v2\/media\/8485"}],"wp:attachment":[{"href":"https:\/\/www.oceanvacances.com\/de\/wp-json\/wp\/v2\/media?parent=8391"}],"wp:term":[{"taxonomy":"product_brand","embeddable":true,"href":"https:\/\/www.oceanvacances.com\/de\/wp-json\/wp\/v2\/product_brand?post=8391"},{"taxonomy":"product_cat","embeddable":true,"href":"https:\/\/www.oceanvacances.com\/de\/wp-json\/wp\/v2\/product_cat?post=8391"},{"taxonomy":"product_tag","embeddable":true,"href":"https:\/\/www.oceanvacances.com\/de\/wp-json\/wp\/v2\/product_tag?post=8391"}],"curies":[{"name":"wp","href":"https:\/\/api.w.org\/{rel}","templated":true}]}}