{"id":8384,"date":"2025-10-28T16:50:47","date_gmt":"2025-10-28T15:50:47","guid":{"rendered":"https:\/\/www.oceanvacances.com\/hebergements\/non%20class\u00e9\/calypso-2\/"},"modified":"2026-02-19T09:11:01","modified_gmt":"2026-02-19T08:11:01","slug":"calypso-2","status":"publish","type":"product","link":"https:\/\/www.oceanvacances.com\/de\/unterkunft-3\/mobile-unterkunfte\/calypso-2\/","title":{"rendered":"Calypso"},"content":{"rendered":"<p>Das Mobilheim CALYPSO ist ideal f\u00fcr einen Aufenthalt mit der Familie oder mit Freunden in Saint-Georges-de-Didonne. Es ist klimatisiert und vollst\u00e4ndig ausgestattet und kann bis zu 4 Personen in einer komfortablen und geselligen Umgebung beherbergen. Es verf\u00fcgt \u00fcber ein Zimmer mit einem Doppelbett (140 cm) und ein Zimmer mit zwei Einzelbetten (80 cm). Im Wohnzimmer steht Ihnen ein Fernseher f\u00fcr Ihre Entspannungsmomente zur Verf\u00fcgung. Sie werden auch die halb\u00fcberdachte Holzterrasse zu sch\u00e4tzen wissen, die perfekt ist, um Mahlzeiten im Freien zu teilen oder die Seeluft zu genie\u00dfen.<\/p>\n<p><em>Fotos und Pl\u00e4ne sind nicht vertraglich bindend.<\/em><\/p>","protected":false},"excerpt":{"rendered":"<p>Das Mobilheim Calypso ist eine klimatisierte Unterkunft mit 2 Schlafzimmern, einem Fernseher und einer halb\u00fcberdachten Holzterrasse.<\/p>\n<p><em>Fotos und Pl\u00e4ne sind nicht vertraglich bindend<\/em><\/p>","protected":false},"featured_media":8432,"template":"","meta":{"_acf_changed":false,"inline_featured_image":false},"product_brand":[],"product_cat":[409,55],"product_tag":[],"class_list":{"0":"post-8384","1":"product","2":"type-product","3":"status-publish","4":"has-post-thumbnail","6":"product_cat-locations-4-personnes","7":"product_cat-location-mobil-homes","9":"first","10":"instock","11":"shipping-taxable","12":"product-type-simple"},"acf":[],"yoast_head":"<!-- This site is optimized with the Yoast SEO plugin v27.5 - https:\/\/yoast.com\/product\/yoast-seo-wordpress\/ -->\n<title>Mobil-home Calypso \u2013 4 pers | Camping Oc\u00e9an Vacances<\/title>\n<meta name=\"description\" content=\"Au Camping Oc\u00e9an Vacances \u00e0 Saint-Georges-de-Didonne, s\u00e9journez dans le mobil-home Calypso : climatis\u00e9, avec 2 chambres, TV et terrasse bois semi-couverte.\" \/>\n<meta name=\"robots\" content=\"index, follow, max-snippet:-1, max-image-preview:large, max-video-preview:-1\" \/>\n<link rel=\"canonical\" href=\"https:\/\/www.oceanvacances.com\/de\/unterkunft-3\/mobile-unterkunfte\/calypso-2\/\" \/>\n<meta property=\"og:locale\" content=\"de_DE\" \/>\n<meta property=\"og:type\" content=\"article\" \/>\n<meta property=\"og:title\" content=\"Mobil-home Calypso \u2013 4 pers | Camping Oc\u00e9an Vacances\" \/>\n<meta property=\"og:description\" content=\"Au Camping Oc\u00e9an Vacances \u00e0 Saint-Georges-de-Didonne, s\u00e9journez dans le mobil-home Calypso : climatis\u00e9, avec 2 chambres, TV et terrasse bois semi-couverte.\" \/>\n<meta property=\"og:url\" content=\"https:\/\/www.oceanvacances.com\/de\/unterkunft-3\/mobile-unterkunfte\/calypso-2\/\" \/>\n<meta property=\"og:site_name\" content=\"Oc\u00e9an Vacances\" \/>\n<meta property=\"article:publisher\" content=\"https:\/\/www.facebook.com\/oceanvacances\/\" \/>\n<meta property=\"article:modified_time\" content=\"2026-02-19T08:11:01+00:00\" \/>\n<meta property=\"og:image\" content=\"https:\/\/www.oceanvacances.com\/wp-content\/uploads\/2025\/10\/mobil-home-calypso-pour-4-pers-au-camping-Ocean-Vacances-pres-de-royan.jpg\" \/>\n\t<meta property=\"og:image:width\" content=\"1200\" \/>\n\t<meta property=\"og:image:height\" content=\"800\" \/>\n\t<meta property=\"og:image:type\" content=\"image\/jpeg\" \/>\n<meta name=\"twitter:card\" content=\"summary_large_image\" \/>\n<meta name=\"twitter:label1\" content=\"Gesch\u00e4tzte Lesezeit\" \/>\n\t<meta name=\"twitter:data1\" content=\"1\u00a0Minute\" \/>\n<script type=\"application\/ld+json\" class=\"yoast-schema-graph\">{\"@context\":\"https:\\\/\\\/schema.org\",\"@graph\":[{\"@type\":\"WebPage\",\"@id\":\"https:\\\/\\\/www.oceanvacances.com\\\/hebergements\\\/location-mobil-homes\\\/calypso-2\\\/\",\"url\":\"https:\\\/\\\/www.oceanvacances.com\\\/hebergements\\\/location-mobil-homes\\\/calypso-2\\\/\",\"name\":\"Mobil-home Calypso \u2013 4 pers | Camping Oc\u00e9an Vacances\",\"isPartOf\":{\"@id\":\"https:\\\/\\\/www.oceanvacances.com\\\/#website\"},\"primaryImageOfPage\":{\"@id\":\"https:\\\/\\\/www.oceanvacances.com\\\/hebergements\\\/location-mobil-homes\\\/calypso-2\\\/#primaryimage\"},\"image\":{\"@id\":\"https:\\\/\\\/www.oceanvacances.com\\\/hebergements\\\/location-mobil-homes\\\/calypso-2\\\/#primaryimage\"},\"thumbnailUrl\":\"https:\\\/\\\/www.oceanvacances.com\\\/wp-content\\\/uploads\\\/2025\\\/10\\\/mobil-home-calypso-pour-4-pers-au-camping-Ocean-Vacances-pres-de-royan.jpg\",\"datePublished\":\"2025-10-28T15:50:47+00:00\",\"dateModified\":\"2026-02-19T08:11:01+00:00\",\"description\":\"Au Camping Oc\u00e9an Vacances \u00e0 Saint-Georges-de-Didonne, s\u00e9journez dans le mobil-home Calypso : climatis\u00e9, avec 2 chambres, TV et terrasse bois semi-couverte.\",\"breadcrumb\":{\"@id\":\"https:\\\/\\\/www.oceanvacances.com\\\/hebergements\\\/location-mobil-homes\\\/calypso-2\\\/#breadcrumb\"},\"inLanguage\":\"de\",\"potentialAction\":[{\"@type\":\"ReadAction\",\"target\":[\"https:\\\/\\\/www.oceanvacances.com\\\/hebergements\\\/location-mobil-homes\\\/calypso-2\\\/\"]}]},{\"@type\":\"ImageObject\",\"inLanguage\":\"de\",\"@id\":\"https:\\\/\\\/www.oceanvacances.com\\\/hebergements\\\/location-mobil-homes\\\/calypso-2\\\/#primaryimage\",\"url\":\"https:\\\/\\\/www.oceanvacances.com\\\/wp-content\\\/uploads\\\/2025\\\/10\\\/mobil-home-calypso-pour-4-pers-au-camping-Ocean-Vacances-pres-de-royan.jpg\",\"contentUrl\":\"https:\\\/\\\/www.oceanvacances.com\\\/wp-content\\\/uploads\\\/2025\\\/10\\\/mobil-home-calypso-pour-4-pers-au-camping-Ocean-Vacances-pres-de-royan.jpg\",\"width\":1200,\"height\":800,\"caption\":\"Mobil Home Calypso Pour 4 Pers Au Camping Oc\u00e9an Vacances Pr\u00e8s De Royan\"},{\"@type\":\"BreadcrumbList\",\"@id\":\"https:\\\/\\\/www.oceanvacances.com\\\/hebergements\\\/location-mobil-homes\\\/calypso-2\\\/#breadcrumb\",\"itemListElement\":[{\"@type\":\"ListItem\",\"position\":1,\"name\":\"Home\",\"item\":\"https:\\\/\\\/www.oceanvacances.com\\\/\"},{\"@type\":\"ListItem\",\"position\":2,\"name\":\"Tous nos h\u00e9bergements en Charente-Maritime\",\"item\":\"https:\\\/\\\/www.oceanvacances.com\\\/location-de-vacances-a-saint-georges-de-didonne\\\/hebergement\\\/\"},{\"@type\":\"ListItem\",\"position\":3,\"name\":\"Calypso\"}]},{\"@type\":\"WebSite\",\"@id\":\"https:\\\/\\\/www.oceanvacances.com\\\/#website\",\"url\":\"https:\\\/\\\/www.oceanvacances.com\\\/\",\"name\":\"Oc\u00e9an Vacances\",\"description\":\"Votre village vacances pr\u00e8s de Royan\",\"publisher\":{\"@id\":\"https:\\\/\\\/www.oceanvacances.com\\\/#organization\"},\"alternateName\":\"Camping les Embruns d'Ol\u00e9ron\",\"potentialAction\":[{\"@type\":\"SearchAction\",\"target\":{\"@type\":\"EntryPoint\",\"urlTemplate\":\"https:\\\/\\\/www.oceanvacances.com\\\/?s={search_term_string}\"},\"query-input\":{\"@type\":\"PropertyValueSpecification\",\"valueRequired\":true,\"valueName\":\"search_term_string\"}}],\"inLanguage\":\"de\"},{\"@type\":\"Organization\",\"@id\":\"https:\\\/\\\/www.oceanvacances.com\\\/#organization\",\"name\":\"Oc\u00e9an Vacances\",\"url\":\"https:\\\/\\\/www.oceanvacances.com\\\/\",\"logo\":{\"@type\":\"ImageObject\",\"inLanguage\":\"de\",\"@id\":\"https:\\\/\\\/www.oceanvacances.com\\\/#\\\/schema\\\/logo\\\/image\\\/\",\"url\":\"https:\\\/\\\/www.oceanvacances.com\\\/wp-content\\\/uploads\\\/2025\\\/10\\\/ocean-vacances-logo-color.svg\",\"contentUrl\":\"https:\\\/\\\/www.oceanvacances.com\\\/wp-content\\\/uploads\\\/2025\\\/10\\\/ocean-vacances-logo-color.svg\",\"width\":457,\"height\":201,\"caption\":\"Oc\u00e9an Vacances\"},\"image\":{\"@id\":\"https:\\\/\\\/www.oceanvacances.com\\\/#\\\/schema\\\/logo\\\/image\\\/\"},\"sameAs\":[\"https:\\\/\\\/www.facebook.com\\\/oceanvacances\\\/\",\"https:\\\/\\\/www.youtube.com\\\/@Campaldia\",\"https:\\\/\\\/www.instagram.com\\\/campingoceanvacances\\\/\"]}]}<\/script>\n<!-- \/ Yoast SEO plugin. -->","yoast_head_json":{"title":"Mobilheim Calypso - 4 pers | Camping Oc\u00e9an Vacances","description":"Auf dem Campingplatz Oc\u00e9an Vacances in Saint-Georges-de-Didonne wohnen Sie im Mobilheim Calypso: klimatisiert, mit 2 Schlafzimmern, TV und halb\u00fcberdachter Holzterrasse.","robots":{"index":"index","follow":"follow","max-snippet":"max-snippet:-1","max-image-preview":"max-image-preview:large","max-video-preview":"max-video-preview:-1"},"canonical":"https:\/\/www.oceanvacances.com\/de\/unterkunft-3\/mobile-unterkunfte\/calypso-2\/","og_locale":"de_DE","og_type":"article","og_title":"Mobil-home Calypso \u2013 4 pers | Camping Oc\u00e9an Vacances","og_description":"Au Camping Oc\u00e9an Vacances \u00e0 Saint-Georges-de-Didonne, s\u00e9journez dans le mobil-home Calypso : climatis\u00e9, avec 2 chambres, TV et terrasse bois semi-couverte.","og_url":"https:\/\/www.oceanvacances.com\/de\/unterkunft-3\/mobile-unterkunfte\/calypso-2\/","og_site_name":"Oc\u00e9an Vacances","article_publisher":"https:\/\/www.facebook.com\/oceanvacances\/","article_modified_time":"2026-02-19T08:11:01+00:00","og_image":[{"width":1200,"height":800,"url":"https:\/\/www.oceanvacances.com\/wp-content\/uploads\/2025\/10\/mobil-home-calypso-pour-4-pers-au-camping-Ocean-Vacances-pres-de-royan.jpg","type":"image\/jpeg"}],"twitter_card":"summary_large_image","twitter_misc":{"Gesch\u00e4tzte Lesezeit":"1\u00a0Minute"},"schema":{"@context":"https:\/\/schema.org","@graph":[{"@type":"WebPage","@id":"https:\/\/www.oceanvacances.com\/hebergements\/location-mobil-homes\/calypso-2\/","url":"https:\/\/www.oceanvacances.com\/hebergements\/location-mobil-homes\/calypso-2\/","name":"Mobilheim Calypso - 4 pers | Camping Oc\u00e9an Vacances","isPartOf":{"@id":"https:\/\/www.oceanvacances.com\/#website"},"primaryImageOfPage":{"@id":"https:\/\/www.oceanvacances.com\/hebergements\/location-mobil-homes\/calypso-2\/#primaryimage"},"image":{"@id":"https:\/\/www.oceanvacances.com\/hebergements\/location-mobil-homes\/calypso-2\/#primaryimage"},"thumbnailUrl":"https:\/\/www.oceanvacances.com\/wp-content\/uploads\/2025\/10\/mobil-home-calypso-pour-4-pers-au-camping-Ocean-Vacances-pres-de-royan.jpg","datePublished":"2025-10-28T15:50:47+00:00","dateModified":"2026-02-19T08:11:01+00:00","description":"Auf dem Campingplatz Oc\u00e9an Vacances in Saint-Georges-de-Didonne wohnen Sie im Mobilheim Calypso: klimatisiert, mit 2 Schlafzimmern, TV und halb\u00fcberdachter Holzterrasse.","breadcrumb":{"@id":"https:\/\/www.oceanvacances.com\/hebergements\/location-mobil-homes\/calypso-2\/#breadcrumb"},"inLanguage":"de","potentialAction":[{"@type":"ReadAction","target":["https:\/\/www.oceanvacances.com\/hebergements\/location-mobil-homes\/calypso-2\/"]}]},{"@type":"ImageObject","inLanguage":"de","@id":"https:\/\/www.oceanvacances.com\/hebergements\/location-mobil-homes\/calypso-2\/#primaryimage","url":"https:\/\/www.oceanvacances.com\/wp-content\/uploads\/2025\/10\/mobil-home-calypso-pour-4-pers-au-camping-Ocean-Vacances-pres-de-royan.jpg","contentUrl":"https:\/\/www.oceanvacances.com\/wp-content\/uploads\/2025\/10\/mobil-home-calypso-pour-4-pers-au-camping-Ocean-Vacances-pres-de-royan.jpg","width":1200,"height":800,"caption":"Mobil Home Calypso Pour 4 Pers Au Camping Oc\u00e9an Vacances Pr\u00e8s De Royan"},{"@type":"BreadcrumbList","@id":"https:\/\/www.oceanvacances.com\/hebergements\/location-mobil-homes\/calypso-2\/#breadcrumb","itemListElement":[{"@type":"ListItem","position":1,"name":"Home","item":"https:\/\/www.oceanvacances.com\/"},{"@type":"ListItem","position":2,"name":"Tous nos h\u00e9bergements en Charente-Maritime","item":"https:\/\/www.oceanvacances.com\/location-de-vacances-a-saint-georges-de-didonne\/hebergement\/"},{"@type":"ListItem","position":3,"name":"Calypso"}]},{"@type":"WebSite","@id":"https:\/\/www.oceanvacances.com\/#website","url":"https:\/\/www.oceanvacances.com\/","name":"Ocean Vacances","description":"Ihr Feriendorf in der N\u00e4he von Royan","publisher":{"@id":"https:\/\/www.oceanvacances.com\/#organization"},"alternateName":"Camping les Embruns d'Ol\u00e9ron","potentialAction":[{"@type":"SearchAction","target":{"@type":"EntryPoint","urlTemplate":"https:\/\/www.oceanvacances.com\/?s={search_term_string}"},"query-input":{"@type":"PropertyValueSpecification","valueRequired":true,"valueName":"search_term_string"}}],"inLanguage":"de"},{"@type":"Organization","@id":"https:\/\/www.oceanvacances.com\/#organization","name":"Ocean Vacances","url":"https:\/\/www.oceanvacances.com\/","logo":{"@type":"ImageObject","inLanguage":"de","@id":"https:\/\/www.oceanvacances.com\/#\/schema\/logo\/image\/","url":"https:\/\/www.oceanvacances.com\/wp-content\/uploads\/2025\/10\/ocean-vacances-logo-color.svg","contentUrl":"https:\/\/www.oceanvacances.com\/wp-content\/uploads\/2025\/10\/ocean-vacances-logo-color.svg","width":457,"height":201,"caption":"Oc\u00e9an Vacances"},"image":{"@id":"https:\/\/www.oceanvacances.com\/#\/schema\/logo\/image\/"},"sameAs":["https:\/\/www.facebook.com\/oceanvacances\/","https:\/\/www.youtube.com\/@Campaldia","https:\/\/www.instagram.com\/campingoceanvacances\/"]}]}},"_links":{"self":[{"href":"https:\/\/www.oceanvacances.com\/de\/wp-json\/wp\/v2\/product\/8384","targetHints":{"allow":["GET"]}}],"collection":[{"href":"https:\/\/www.oceanvacances.com\/de\/wp-json\/wp\/v2\/product"}],"about":[{"href":"https:\/\/www.oceanvacances.com\/de\/wp-json\/wp\/v2\/types\/product"}],"wp:featuredmedia":[{"embeddable":true,"href":"https:\/\/www.oceanvacances.com\/de\/wp-json\/wp\/v2\/media\/8432"}],"wp:attachment":[{"href":"https:\/\/www.oceanvacances.com\/de\/wp-json\/wp\/v2\/media?parent=8384"}],"wp:term":[{"taxonomy":"product_brand","embeddable":true,"href":"https:\/\/www.oceanvacances.com\/de\/wp-json\/wp\/v2\/product_brand?post=8384"},{"taxonomy":"product_cat","embeddable":true,"href":"https:\/\/www.oceanvacances.com\/de\/wp-json\/wp\/v2\/product_cat?post=8384"},{"taxonomy":"product_tag","embeddable":true,"href":"https:\/\/www.oceanvacances.com\/de\/wp-json\/wp\/v2\/product_tag?post=8384"}],"curies":[{"name":"wp","href":"https:\/\/api.w.org\/{rel}","templated":true}]}}