{"id":8382,"date":"2025-10-28T16:50:47","date_gmt":"2025-10-28T15:50:47","guid":{"rendered":"https:\/\/www.oceanvacances.com\/hebergements\/non%20class\u00e9\/abysse\/"},"modified":"2026-01-08T14:28:16","modified_gmt":"2026-01-08T13:28:16","slug":"abyss","status":"publish","type":"product","link":"https:\/\/www.oceanvacances.com\/de\/unterkunft-3\/mobile-unterkunfte\/abyss\/","title":{"rendered":"Abysse"},"content":{"rendered":"<p>Das Mobilheim Abysse ist eine komfortable, klimatisierte Unterkunft, die sich ideal f\u00fcr einen Aufenthalt mit der Familie oder mit Freunden in Saint-Georges-de-Didonne, in der N\u00e4he von Royan, eignet. Es ist kompakt und funktional und bietet Platz f\u00fcr bis zu 4 Personen. Es verf\u00fcgt \u00fcber ein Schlafzimmer mit einem Doppelbett (140\u00d7190 cm) und ein Schlafzimmer mit zwei Einzelbetten (70\u00d7190 cm). Ein Fernseher steht Ihnen f\u00fcr Ihre Entspannungsmomente ebenfalls zur Verf\u00fcgung. Auf der halb\u00fcberdachten Holzterrasse k\u00f6nnen Sie den Aufenthalt im Freien genie\u00dfen, sei es f\u00fcr Ihre Mahlzeiten oder Ihre Ruhepausen.<\/p>\n<p><em>Fotos und Pl\u00e4ne sind nicht vertraglich bindend<\/em><\/p>","protected":false},"excerpt":{"rendered":"<p>Das Mobilheim Abysse ist eine kompakte, klimatisierte Unterkunft mit 2 Schlafzimmern, Fernseher und halb\u00fcberdachter Holzterrasse.<\/p>\n<p><em>Fotos und Pl\u00e4ne sind nicht vertraglich bindend<\/em><\/p>","protected":false},"featured_media":8448,"template":"","meta":{"_acf_changed":false,"inline_featured_image":false},"product_brand":[],"product_cat":[409,55],"product_tag":[],"class_list":{"0":"post-8382","1":"product","2":"type-product","3":"status-publish","4":"has-post-thumbnail","6":"product_cat-locations-4-personnes","7":"product_cat-location-mobil-homes","9":"first","10":"instock","11":"shipping-taxable","12":"product-type-simple"},"acf":[],"yoast_head":"<!-- This site is optimized with the Yoast SEO plugin v27.5 - https:\/\/yoast.com\/product\/yoast-seo-wordpress\/ -->\n<title>Mobil-home Abysse \u2013 4 pers | Camping Oc\u00e9an Vacances<\/title>\n<meta name=\"description\" content=\"Au Camping Oc\u00e9an Vacances \u00e0 Saint-Georges-de-Didonne, le mobil-home Abysse accueille jusqu&#039;\u00e0 4 personnes pour des vacances en bord de mer.\" \/>\n<meta name=\"robots\" content=\"index, follow, max-snippet:-1, max-image-preview:large, max-video-preview:-1\" \/>\n<link rel=\"canonical\" href=\"https:\/\/www.oceanvacances.com\/de\/unterkunft-3\/mobile-unterkunfte\/abyss\/\" \/>\n<meta property=\"og:locale\" content=\"de_DE\" \/>\n<meta property=\"og:type\" content=\"article\" \/>\n<meta property=\"og:title\" content=\"Mobil-home Abysse \u2013 4 pers | Camping Oc\u00e9an Vacances\" \/>\n<meta property=\"og:description\" content=\"Au Camping Oc\u00e9an Vacances \u00e0 Saint-Georges-de-Didonne, le mobil-home Abysse accueille jusqu&#039;\u00e0 4 personnes pour des vacances en bord de mer.\" \/>\n<meta property=\"og:url\" content=\"https:\/\/www.oceanvacances.com\/de\/unterkunft-3\/mobile-unterkunfte\/abyss\/\" \/>\n<meta property=\"og:site_name\" content=\"Oc\u00e9an Vacances\" \/>\n<meta property=\"article:publisher\" content=\"https:\/\/www.facebook.com\/oceanvacances\/\" \/>\n<meta property=\"article:modified_time\" content=\"2026-01-08T13:28:16+00:00\" \/>\n<meta property=\"og:image\" content=\"https:\/\/www.oceanvacances.com\/wp-content\/uploads\/2025\/10\/mobil-home-abysse-au-camping-ocean-vacances-pres-de-royan.png\" \/>\n\t<meta property=\"og:image:width\" content=\"1200\" \/>\n\t<meta property=\"og:image:height\" content=\"800\" \/>\n\t<meta property=\"og:image:type\" content=\"image\/png\" \/>\n<meta name=\"twitter:card\" content=\"summary_large_image\" \/>\n<meta name=\"twitter:label1\" content=\"Gesch\u00e4tzte Lesezeit\" \/>\n\t<meta name=\"twitter:data1\" content=\"1\u00a0Minute\" \/>\n<script type=\"application\/ld+json\" class=\"yoast-schema-graph\">{\"@context\":\"https:\\\/\\\/schema.org\",\"@graph\":[{\"@type\":\"WebPage\",\"@id\":\"https:\\\/\\\/www.oceanvacances.com\\\/hebergements\\\/location-mobil-homes\\\/abysse\\\/\",\"url\":\"https:\\\/\\\/www.oceanvacances.com\\\/hebergements\\\/location-mobil-homes\\\/abysse\\\/\",\"name\":\"Mobil-home Abysse \u2013 4 pers | Camping Oc\u00e9an Vacances\",\"isPartOf\":{\"@id\":\"https:\\\/\\\/www.oceanvacances.com\\\/#website\"},\"primaryImageOfPage\":{\"@id\":\"https:\\\/\\\/www.oceanvacances.com\\\/hebergements\\\/location-mobil-homes\\\/abysse\\\/#primaryimage\"},\"image\":{\"@id\":\"https:\\\/\\\/www.oceanvacances.com\\\/hebergements\\\/location-mobil-homes\\\/abysse\\\/#primaryimage\"},\"thumbnailUrl\":\"https:\\\/\\\/www.oceanvacances.com\\\/wp-content\\\/uploads\\\/2025\\\/10\\\/mobil-home-abysse-au-camping-ocean-vacances-pres-de-royan.png\",\"datePublished\":\"2025-10-28T15:50:47+00:00\",\"dateModified\":\"2026-01-08T13:28:16+00:00\",\"description\":\"Au Camping Oc\u00e9an Vacances \u00e0 Saint-Georges-de-Didonne, le mobil-home Abysse accueille jusqu'\u00e0 4 personnes pour des vacances en bord de mer.\",\"breadcrumb\":{\"@id\":\"https:\\\/\\\/www.oceanvacances.com\\\/hebergements\\\/location-mobil-homes\\\/abysse\\\/#breadcrumb\"},\"inLanguage\":\"de\",\"potentialAction\":[{\"@type\":\"ReadAction\",\"target\":[\"https:\\\/\\\/www.oceanvacances.com\\\/hebergements\\\/location-mobil-homes\\\/abysse\\\/\"]}]},{\"@type\":\"ImageObject\",\"inLanguage\":\"de\",\"@id\":\"https:\\\/\\\/www.oceanvacances.com\\\/hebergements\\\/location-mobil-homes\\\/abysse\\\/#primaryimage\",\"url\":\"https:\\\/\\\/www.oceanvacances.com\\\/wp-content\\\/uploads\\\/2025\\\/10\\\/mobil-home-abysse-au-camping-ocean-vacances-pres-de-royan.png\",\"contentUrl\":\"https:\\\/\\\/www.oceanvacances.com\\\/wp-content\\\/uploads\\\/2025\\\/10\\\/mobil-home-abysse-au-camping-ocean-vacances-pres-de-royan.png\",\"width\":1200,\"height\":800,\"caption\":\"Mobil Home Abysse Au Camping Oc\u00e9an Vacances Pr\u00e8s De Royan\"},{\"@type\":\"BreadcrumbList\",\"@id\":\"https:\\\/\\\/www.oceanvacances.com\\\/hebergements\\\/location-mobil-homes\\\/abysse\\\/#breadcrumb\",\"itemListElement\":[{\"@type\":\"ListItem\",\"position\":1,\"name\":\"Home\",\"item\":\"https:\\\/\\\/www.oceanvacances.com\\\/\"},{\"@type\":\"ListItem\",\"position\":2,\"name\":\"Tous nos h\u00e9bergements en Charente-Maritime\",\"item\":\"https:\\\/\\\/www.oceanvacances.com\\\/location-de-vacances-a-saint-georges-de-didonne\\\/hebergement\\\/\"},{\"@type\":\"ListItem\",\"position\":3,\"name\":\"Abysse\"}]},{\"@type\":\"WebSite\",\"@id\":\"https:\\\/\\\/www.oceanvacances.com\\\/#website\",\"url\":\"https:\\\/\\\/www.oceanvacances.com\\\/\",\"name\":\"Oc\u00e9an Vacances\",\"description\":\"Votre village vacances pr\u00e8s de Royan\",\"publisher\":{\"@id\":\"https:\\\/\\\/www.oceanvacances.com\\\/#organization\"},\"alternateName\":\"Camping les Embruns d'Ol\u00e9ron\",\"potentialAction\":[{\"@type\":\"SearchAction\",\"target\":{\"@type\":\"EntryPoint\",\"urlTemplate\":\"https:\\\/\\\/www.oceanvacances.com\\\/?s={search_term_string}\"},\"query-input\":{\"@type\":\"PropertyValueSpecification\",\"valueRequired\":true,\"valueName\":\"search_term_string\"}}],\"inLanguage\":\"de\"},{\"@type\":\"Organization\",\"@id\":\"https:\\\/\\\/www.oceanvacances.com\\\/#organization\",\"name\":\"Oc\u00e9an Vacances\",\"url\":\"https:\\\/\\\/www.oceanvacances.com\\\/\",\"logo\":{\"@type\":\"ImageObject\",\"inLanguage\":\"de\",\"@id\":\"https:\\\/\\\/www.oceanvacances.com\\\/#\\\/schema\\\/logo\\\/image\\\/\",\"url\":\"https:\\\/\\\/www.oceanvacances.com\\\/wp-content\\\/uploads\\\/2025\\\/10\\\/ocean-vacances-logo-color.svg\",\"contentUrl\":\"https:\\\/\\\/www.oceanvacances.com\\\/wp-content\\\/uploads\\\/2025\\\/10\\\/ocean-vacances-logo-color.svg\",\"width\":457,\"height\":201,\"caption\":\"Oc\u00e9an Vacances\"},\"image\":{\"@id\":\"https:\\\/\\\/www.oceanvacances.com\\\/#\\\/schema\\\/logo\\\/image\\\/\"},\"sameAs\":[\"https:\\\/\\\/www.facebook.com\\\/oceanvacances\\\/\",\"https:\\\/\\\/www.youtube.com\\\/@Campaldia\",\"https:\\\/\\\/www.instagram.com\\\/campingoceanvacances\\\/\"]}]}<\/script>\n<!-- \/ Yoast SEO plugin. -->","yoast_head_json":{"title":"Mobilheim Abysse - 4 pers | Camping Oc\u00e9an Vacances","description":"Auf dem Campingplatz Oc\u00e9an Vacances in Saint-Georges-de-Didonne bietet das Mobilheim Abysse Platz f\u00fcr bis zu 4 Personen f\u00fcr einen Urlaub am Meer.","robots":{"index":"index","follow":"follow","max-snippet":"max-snippet:-1","max-image-preview":"max-image-preview:large","max-video-preview":"max-video-preview:-1"},"canonical":"https:\/\/www.oceanvacances.com\/de\/unterkunft-3\/mobile-unterkunfte\/abyss\/","og_locale":"de_DE","og_type":"article","og_title":"Mobil-home Abysse \u2013 4 pers | Camping Oc\u00e9an Vacances","og_description":"Au Camping Oc\u00e9an Vacances \u00e0 Saint-Georges-de-Didonne, le mobil-home Abysse accueille jusqu'\u00e0 4 personnes pour des vacances en bord de mer.","og_url":"https:\/\/www.oceanvacances.com\/de\/unterkunft-3\/mobile-unterkunfte\/abyss\/","og_site_name":"Oc\u00e9an Vacances","article_publisher":"https:\/\/www.facebook.com\/oceanvacances\/","article_modified_time":"2026-01-08T13:28:16+00:00","og_image":[{"width":1200,"height":800,"url":"https:\/\/www.oceanvacances.com\/wp-content\/uploads\/2025\/10\/mobil-home-abysse-au-camping-ocean-vacances-pres-de-royan.png","type":"image\/png"}],"twitter_card":"summary_large_image","twitter_misc":{"Gesch\u00e4tzte Lesezeit":"1\u00a0Minute"},"schema":{"@context":"https:\/\/schema.org","@graph":[{"@type":"WebPage","@id":"https:\/\/www.oceanvacances.com\/hebergements\/location-mobil-homes\/abysse\/","url":"https:\/\/www.oceanvacances.com\/hebergements\/location-mobil-homes\/abysse\/","name":"Mobilheim Abysse - 4 pers | Camping Oc\u00e9an Vacances","isPartOf":{"@id":"https:\/\/www.oceanvacances.com\/#website"},"primaryImageOfPage":{"@id":"https:\/\/www.oceanvacances.com\/hebergements\/location-mobil-homes\/abysse\/#primaryimage"},"image":{"@id":"https:\/\/www.oceanvacances.com\/hebergements\/location-mobil-homes\/abysse\/#primaryimage"},"thumbnailUrl":"https:\/\/www.oceanvacances.com\/wp-content\/uploads\/2025\/10\/mobil-home-abysse-au-camping-ocean-vacances-pres-de-royan.png","datePublished":"2025-10-28T15:50:47+00:00","dateModified":"2026-01-08T13:28:16+00:00","description":"Auf dem Campingplatz Oc\u00e9an Vacances in Saint-Georges-de-Didonne bietet das Mobilheim Abysse Platz f\u00fcr bis zu 4 Personen f\u00fcr einen Urlaub am Meer.","breadcrumb":{"@id":"https:\/\/www.oceanvacances.com\/hebergements\/location-mobil-homes\/abysse\/#breadcrumb"},"inLanguage":"de","potentialAction":[{"@type":"ReadAction","target":["https:\/\/www.oceanvacances.com\/hebergements\/location-mobil-homes\/abysse\/"]}]},{"@type":"ImageObject","inLanguage":"de","@id":"https:\/\/www.oceanvacances.com\/hebergements\/location-mobil-homes\/abysse\/#primaryimage","url":"https:\/\/www.oceanvacances.com\/wp-content\/uploads\/2025\/10\/mobil-home-abysse-au-camping-ocean-vacances-pres-de-royan.png","contentUrl":"https:\/\/www.oceanvacances.com\/wp-content\/uploads\/2025\/10\/mobil-home-abysse-au-camping-ocean-vacances-pres-de-royan.png","width":1200,"height":800,"caption":"Mobil Home Abysse Au Camping Oc\u00e9an Vacances Pr\u00e8s De Royan"},{"@type":"BreadcrumbList","@id":"https:\/\/www.oceanvacances.com\/hebergements\/location-mobil-homes\/abysse\/#breadcrumb","itemListElement":[{"@type":"ListItem","position":1,"name":"Home","item":"https:\/\/www.oceanvacances.com\/"},{"@type":"ListItem","position":2,"name":"Tous nos h\u00e9bergements en Charente-Maritime","item":"https:\/\/www.oceanvacances.com\/location-de-vacances-a-saint-georges-de-didonne\/hebergement\/"},{"@type":"ListItem","position":3,"name":"Abysse"}]},{"@type":"WebSite","@id":"https:\/\/www.oceanvacances.com\/#website","url":"https:\/\/www.oceanvacances.com\/","name":"Ocean Vacances","description":"Ihr Feriendorf in der N\u00e4he von Royan","publisher":{"@id":"https:\/\/www.oceanvacances.com\/#organization"},"alternateName":"Camping les Embruns d'Ol\u00e9ron","potentialAction":[{"@type":"SearchAction","target":{"@type":"EntryPoint","urlTemplate":"https:\/\/www.oceanvacances.com\/?s={search_term_string}"},"query-input":{"@type":"PropertyValueSpecification","valueRequired":true,"valueName":"search_term_string"}}],"inLanguage":"de"},{"@type":"Organization","@id":"https:\/\/www.oceanvacances.com\/#organization","name":"Ocean Vacances","url":"https:\/\/www.oceanvacances.com\/","logo":{"@type":"ImageObject","inLanguage":"de","@id":"https:\/\/www.oceanvacances.com\/#\/schema\/logo\/image\/","url":"https:\/\/www.oceanvacances.com\/wp-content\/uploads\/2025\/10\/ocean-vacances-logo-color.svg","contentUrl":"https:\/\/www.oceanvacances.com\/wp-content\/uploads\/2025\/10\/ocean-vacances-logo-color.svg","width":457,"height":201,"caption":"Oc\u00e9an Vacances"},"image":{"@id":"https:\/\/www.oceanvacances.com\/#\/schema\/logo\/image\/"},"sameAs":["https:\/\/www.facebook.com\/oceanvacances\/","https:\/\/www.youtube.com\/@Campaldia","https:\/\/www.instagram.com\/campingoceanvacances\/"]}]}},"_links":{"self":[{"href":"https:\/\/www.oceanvacances.com\/de\/wp-json\/wp\/v2\/product\/8382","targetHints":{"allow":["GET"]}}],"collection":[{"href":"https:\/\/www.oceanvacances.com\/de\/wp-json\/wp\/v2\/product"}],"about":[{"href":"https:\/\/www.oceanvacances.com\/de\/wp-json\/wp\/v2\/types\/product"}],"wp:featuredmedia":[{"embeddable":true,"href":"https:\/\/www.oceanvacances.com\/de\/wp-json\/wp\/v2\/media\/8448"}],"wp:attachment":[{"href":"https:\/\/www.oceanvacances.com\/de\/wp-json\/wp\/v2\/media?parent=8382"}],"wp:term":[{"taxonomy":"product_brand","embeddable":true,"href":"https:\/\/www.oceanvacances.com\/de\/wp-json\/wp\/v2\/product_brand?post=8382"},{"taxonomy":"product_cat","embeddable":true,"href":"https:\/\/www.oceanvacances.com\/de\/wp-json\/wp\/v2\/product_cat?post=8382"},{"taxonomy":"product_tag","embeddable":true,"href":"https:\/\/www.oceanvacances.com\/de\/wp-json\/wp\/v2\/product_tag?post=8382"}],"curies":[{"name":"wp","href":"https:\/\/api.w.org\/{rel}","templated":true}]}}