{"id":9222,"date":"2025-12-08T08:39:26","date_gmt":"2025-12-08T07:39:26","guid":{"rendered":"https:\/\/www.oceanvacances.com\/?page_id=9222"},"modified":"2026-03-20T14:50:47","modified_gmt":"2026-03-20T13:50:47","slug":"la-palmyre","status":"publish","type":"page","link":"https:\/\/www.oceanvacances.com\/de\/camping-charente-maritime\/la-palmyre\/","title":{"rendered":"La Palmyre"},"content":{"rendered":"<div id=\"gap-1513048120\" class=\"gap-element clearfix\" style=\"display:block; height:auto;\">\n\t\t\n<style>\n#gap-1513048120 {\n  padding-top: 50px;\n}\n@media (min-width:550px) {\n  #gap-1513048120 {\n    padding-top: 30px;\n  }\n}\n<\/style>\n\t<\/div>\n\t\n\n\t<section class=\"section\" id=\"section_97097803\">\n\t\t<div class=\"section-bg fill\" >\n\t\t\t<img loading=\"lazy\" decoding=\"async\" width=\"768\" height=\"512\" src=\"https:\/\/www.oceanvacances.com\/wp-content\/uploads\/2026\/01\/Zoo_de_la_Palmyre.png\" class=\"bg attachment-original size-original\" alt=\"Zoo De La Palmyre\" \/>\t\t\t\t\t\t\n\t\t\t\n\n\t\t<\/div>\n\n\t\t\t<div class=\"ux-shape-divider ux-shape-divider--top ux-shape-divider--style-waves-opacity-3\">\n\t\t<svg viewbox=\"0 0 1000 300\" xmlns=\"http:\/\/www.w3.org\/2000\/svg\" preserveaspectratio=\"none\">\n\t<path class=\"ux-shape-fill\" opacity=\"0.05\" d=\"M1014 264V386H206L34 300C34 300 344.42 277.16 436 221C542 156 590 160 704 209C811 255 899.11 214.94 979 346L1014 264Z\"\/>\n\t<path class=\"ux-shape-fill\" opacity=\"0.1\" d=\"M-302 55C-302 55 -66.73 263.25 50 214C178 160 283 116 353 141C445.68 174.1 534.28 256.19 588 249C692.9 235 764.52 75.94 855 131C940.61 183.09 1000 254 1000 254V328L-306 338L-302 55Z\"\/>\n\t<path class=\"ux-shape-fill\" opacity=\"0.15\" d=\"M-286 255C-286 255 -72 152 52 126C176 100 255 155 436 227C581.57 284.91 614.7 277.79 708 227C787 184 1009 3.0001 1093 164C1146 265.63 1031 293 1031 293L924 377L-288 389L-286 255Z\"\/>\n\t<path class=\"ux-shape-fill\" opacity=\"0.3\" d=\"M-24 69C-24 69 275.68 370.66 389 314C397 310 622 316 673 356C690.47 369.7 845 224 890 182C944.8 130.85 1018 92 1078 143C1154.12 207.7 1196 242 1196 242L1184 374L-28 386L-24 69Z\"\/>\n\t<path class=\"ux-shape-fill\" d=\"M-12 201C-12 201 58 284 182 258C306 232 342.29 221.23 456 264C565 305 640.82 288.36 721 249C776 222 837.5 191.31 935 253C984 284 1030 279 1030 279L1024 430L-12 440V201Z\"\/>\n<\/svg>\n\t<\/div>\n\n\t<div class=\"ux-shape-divider ux-shape-divider--bottom ux-shape-divider--style-waves-opacity-2\">\n\t\t<svg viewbox=\"0 0 1000 300\" xmlns=\"http:\/\/www.w3.org\/2000\/svg\" preserveaspectratio=\"none\">\n  <path class=\"ux-shape-fill\" opacity=\"0.15\" d=\"M0 299L-2 19.9998C153 -16.0002 308 155 413 184C515.64 212.35 562 152 645 153C725 154 787 206 874 233C939.54 253.34 975 248 1000 244.61V299H0Z\"\/>\n  <path class=\"ux-shape-fill\" opacity=\"0.3\" d=\"M0 300L-2 34C155 -9.00003 300 178 403 212C504.11 245.38 562 165 645 166C725 167 790.09 220.07 874 253C939.21 278.59 978.07 269.72 1000 263.61V300H0Z\"\/>\n  <path class=\"ux-shape-fill\" d=\"M0 300L-1 69.7099C216 56.9999 299.47 198.86 403 226C506 253 577 196 660 197C740 198 790.09 234.07 874 267C935.23 291 982 282.61 1000 277.61V300H0Z\"\/>\n<\/svg>\n\t<\/div>\n\n\t\t<div class=\"section-content relative\">\n\t\t\t\n<div class=\"row align-right\"  id=\"row-943594061\">\n\n\t<div id=\"col-876531635\" class=\"col medium-6 small-12 large-6\"  >\n\t\t\t\t<div class=\"col-inner text-center\" style=\"background-color:rgba(255, 255, 255, 0.86);\" >\n\t\t\t\n\t\t\t\n<h1>Top-Aktivit\u00e4ten in La Palmyre<\/h1>\n<p>Seit <strong><a href=\"https:\/\/www.oceanvacances.com\/de\/\">Oc\u00e9an Vacances, 4-Sterne-Campingplatz in Saint-Georges-de-Didonne<\/a><\/strong>, Entdecken Sie La Palmyre, das symboltr\u00e4chtige Naturziel im Departement Charente-Maritime. Feinsandige Str\u00e4nde, Kiefernw\u00e4lder, Freizeitangebote und unumg\u00e4ngliche Attraktionen: La Palmyre besticht durch seinen Strandcharme und seine zahlreichen Ausflugsm\u00f6glichkeiten.<\/p>\n\t\t<\/div>\n\t\t\t\t\n<style>\n#col-876531635 > .col-inner {\n  padding: 30px 30px 30px 30px;\n  margin: 30px 0px 0px 0px;\n  border-radius: 30px;\n}\n@media (min-width:550px) {\n  #col-876531635 > .col-inner {\n    padding: 30px 30px 30px 30px;\n    margin: 50px 0px 0px 0px;\n  }\n}\n<\/style>\n\t<\/div>\n\n\t\n<\/div>\n\t\t<\/div>\n\n\t\t\n<style>\n#section_97097803 {\n  padding-top: 50px;\n  padding-bottom: 50px;\n}\n#section_97097803 .section-bg img {\n  object-position: 0% 51%;\n}\n#section_97097803 .ux-shape-divider--top svg {\n  height: 100px;\n  --divider-top-width: 100%;\n}\n#section_97097803 .ux-shape-divider--bottom svg {\n  height: 150px;\n  --divider-width: 130%;\n}\n@media (min-width:550px) {\n  #section_97097803 .ux-shape-divider--top svg {\n    height: 200px;\n    --divider-top-width: 100%;\n  }\n}\n<\/style>\n\t<\/section>\n\t\n<div class=\"row row-large align-middle\"  id=\"row-282774212\">\n\n\t<div id=\"col-1359261691\" class=\"col medium-6 small-12 large-6\"  data-animate=\"fadeInLeft\">\n\t\t\t\t<div class=\"col-inner\"  >\n\t\t\t\n\t<div class=\"is-border\"\n\t\tstyle=\"border-width:0px 0px 0px 0px;margin:0px 0px 0px 0px;\">\n\t<\/div>\n\t\t\t\n<h2>Den Zoo von La Palmyre besuchen<\/h2>\n<p data-start=\"129\" data-end=\"421\"><a href=\"https:\/\/www.zoo-palmyre.fr\/\">Der Zoo von La Palmyre<\/a> z\u00e4hlt zu den unumg\u00e4nglichen Sehensw\u00fcrdigkeiten des Sektors. Mit seiner gro\u00dfen Artenvielfalt und seinen weitl\u00e4ufigen, gestalteten Bereichen bietet er einen fesselnden Einblick in die Tierwelt. Ein perfekter Ausflug f\u00fcr Familien, die auf der Suche nach Staunen, Lernen und Abenteuer sind.<\/p>\n\t\t<\/div>\n\t\t\t\t\n<style>\n#col-1359261691 > .col-inner {\n  margin: 0px 0px 20px 0px;\n}\n@media (min-width:550px) {\n  #col-1359261691 > .col-inner {\n    margin: 50px 0px 50px 0px;\n  }\n}\n<\/style>\n\t<\/div>\n\n\t\n\n\t<div id=\"col-772418622\" class=\"col medium-5 small-12 large-5 small-col-first\"  data-animate=\"fadeInRight\">\n\t\t\t\t<div class=\"col-inner\"  >\n\t\t\t\n\t<div class=\"is-border\"\n\t\tstyle=\"border-width:0px 0px 0px 0px;margin:0px 0px 0px 0px;\">\n\t<\/div>\n\t\t\t\n\t<div class=\"img has-hover x md-x lg-x y md-y lg-y\" id=\"image_1882930522\">\n\t\t\t\t\t\t\t\t<div class=\"img-inner image-cover dark\" style=\"padding-top:70%;\">\n\t\t\t<img loading=\"lazy\" decoding=\"async\" width=\"768\" height=\"364\" src=\"https:\/\/www.oceanvacances.com\/wp-content\/uploads\/2025\/12\/\u00a9zoo-de-la-palmyre-768x364.jpg\" class=\"attachment-medium_large size-medium_large\" alt=\"Zoo De La Palmyre\" srcset=\"https:\/\/www.oceanvacances.com\/wp-content\/uploads\/2025\/12\/\u00a9zoo-de-la-palmyre-768x364.jpg 768w, https:\/\/www.oceanvacances.com\/wp-content\/uploads\/2025\/12\/\u00a9zoo-de-la-palmyre-370x175.jpg 370w, https:\/\/www.oceanvacances.com\/wp-content\/uploads\/2025\/12\/\u00a9zoo-de-la-palmyre-18x9.jpg 18w, https:\/\/www.oceanvacances.com\/wp-content\/uploads\/2025\/12\/\u00a9zoo-de-la-palmyre-510x241.jpg 510w, https:\/\/www.oceanvacances.com\/wp-content\/uploads\/2025\/12\/\u00a9zoo-de-la-palmyre.jpg 866w\" sizes=\"auto, (max-width: 768px) 100vw, 768px\" \/>\t\t\t\t\t\t\n\t\t\t\t\t<\/div>\n\t\t\t\t\t\t\t\t\n<style>\n#image_1882930522 {\n  width: 100%;\n}\n<\/style>\n\t<\/div>\n\t\n\t\t<\/div>\n\t\t\t\t\n<style>\n#col-772418622 > .col-inner {\n  margin: 0px 0px -20px 0px;\n}\n@media (min-width:550px) {\n  #col-772418622 > .col-inner {\n    margin: 50px 0px 50px 0px;\n  }\n}\n<\/style>\n\t<\/div>\n\n\t\n<\/div>\n<div class=\"row\"  id=\"row-965190300\">\n\n\t<div id=\"col-83705831\" class=\"col small-12 large-12\"  >\n\t\t\t\t<div class=\"col-inner\"  >\n\t\t\t\n\t\t\t\n<h2>In der Natur wandern gehen<\/h2>\n\t\t<\/div>\n\t\t\t\t\t<\/div>\n\n\t\n<\/div>\n<div class=\"row row-large align-middle\"  id=\"row-487613550\">\n\n\t<div id=\"col-1065110617\" class=\"col medium-5 small-12 large-5 small-col-first\"  data-animate=\"fadeInLeft\">\n\t\t\t\t<div class=\"col-inner\"  >\n\t\t\t\n\t<div class=\"is-border\"\n\t\tstyle=\"border-width:0px 0px 0px 0px;margin:0px 0px 0px 0px;\">\n\t<\/div>\n\t\t\t\n\t<div class=\"img has-hover x md-x lg-x y md-y lg-y\" id=\"image_635975520\">\n\t\t\t\t\t\t\t\t<div class=\"img-inner image-cover dark\" style=\"padding-top:70%;\">\n\t\t\t<img loading=\"lazy\" decoding=\"async\" width=\"768\" height=\"512\" src=\"https:\/\/www.oceanvacances.com\/wp-content\/uploads\/2025\/12\/la-palmyre-charente-maritime.svg\" class=\"attachment-medium_large size-medium_large\" alt=\"La Palmyre Charente Maritime\" \/>\t\t\t\t\t\t\n\t\t\t\t\t<\/div>\n\t\t\t\t\t\t\t\t\n<style>\n#image_635975520 {\n  width: 100%;\n}\n<\/style>\n\t<\/div>\n\t\n\t\t<\/div>\n\t\t\t\t\n<style>\n#col-1065110617 > .col-inner {\n  margin: 0px 0px -20px 0px;\n}\n@media (min-width:550px) {\n  #col-1065110617 > .col-inner {\n    margin: 50px 0px 50px 0px;\n  }\n}\n<\/style>\n\t<\/div>\n\n\t\n\n\t<div id=\"col-1523567382\" class=\"col medium-6 small-12 large-6 small-col-first\"  data-animate=\"fadeInRight\">\n\t\t\t\t<div class=\"col-inner\"  >\n\t\t\t\n\t\t\t\n<h3>W\u00e4hlen Sie den Waldspaziergang<\/h3>\n<p data-start=\"126\" data-end=\"268\">La Palmyre ist von einem wundersch\u00f6nen Pinienwald umgeben, der zum Wandern, Radfahren oder einfach nur zum Ausruhen in der Natur einl\u00e4dt.<\/p>\n<h3 data-start=\"270\" data-end=\"445\">Am Ozean spazieren gehen<\/h3>\n<p data-start=\"270\" data-end=\"445\">Die K\u00fcste von Palmyra bietet weite Sandstr\u00e4nde, die ideal f\u00fcr lange Spazierg\u00e4nge mit Blick auf den Ozean bei Sonnenaufgang oder -untergang sind.<\/p>\n\t\t<\/div>\n\t\t\t\t\n<style>\n#col-1523567382 > .col-inner {\n  margin: 0px 0px 20px 0px;\n}\n@media (min-width:550px) {\n  #col-1523567382 > .col-inner {\n    margin: 50px 0px 50px 0px;\n  }\n}\n<\/style>\n\t<\/div>\n\n\t\n<\/div>\n<div class=\"row\"  id=\"row-1275839937\">\n\n\t<div id=\"col-1001726346\" class=\"col small-12 large-12\"  >\n\t\t\t\t<div class=\"col-inner text-center\"  >\n\t\t\t\n\t\t\t\n<a href=\"https:\/\/www.oceanvacances.com\/de\/unterkunft\/\" class=\"button primary\" >\n\t\t<span>Ich w\u00e4hle meine Unterkunft<\/span>\n\t<\/a>\n\n\t\t<\/div>\n\t\t\t\t\t<\/div>\n\n\t\n\n\t<div id=\"col-1305940123\" class=\"col small-12 large-12\"  >\n\t\t\t\t<div class=\"col-inner\"  >\n\t\t\t\n\t\t\t\n\t<div id=\"text-489272805\" class=\"text\">\n\t\t\n<h2>Spa\u00df im Luna Park haben<\/h2>\n<p>Wenn die Nacht hereinbricht, erwacht der Luna Park zum Leben und taucht Gro\u00df und Klein in eine festliche und farbenfrohe Atmosph\u00e4re. Sensationskarussells, Familienattraktionen, Spiele und Leckereien bestimmen den Rhythmus des Besuchs und sorgen f\u00fcr einen Moment purer Unterhaltung. Ein unumg\u00e4nglicher Ausflug, um w\u00e4hrend Ihres Urlaubs in Royan und La Palmyre Lachen, Emotionen und Erinnerungen zu teilen.<\/p>\n<p>\u00a0<\/p>\n\t\t\n<style>\n#text-489272805 {\n  text-align: left;\n}\n<\/style>\n\t<\/div>\n\t\n\t\t<\/div>\n\t\t\t\t\t<\/div>\n\n\t\n<\/div>\n<div class=\"row row-large align-middle\"  id=\"row-1245459186\">\n\n\t<div id=\"col-1880290687\" class=\"col medium-6 small-12 large-6 small-col-first\"  data-animate=\"fadeInRight\">\n\t\t\t\t<div class=\"col-inner\"  >\n\t\t\t\n\t\t\t\n<h2>Golf spielen in La Palmyre<\/h2>\n<p>Im Herzen der nat\u00fcrlichen Umgebung von La Palmyre bietet der \u00f6rtliche Golfplatz einen gr\u00fcnen Parcours, der ideal f\u00fcr passionierte Golfer ist. Eine raffinierte Art, w\u00e4hrend Ihres gesamten Aufenthalts Entspannung, frische Luft und sportliche Freizeitaktivit\u00e4ten zu verbinden.<\/p>\n\t\t<\/div>\n\t\t\t\t\n<style>\n#col-1880290687 > .col-inner {\n  margin: 0px 0px 20px 0px;\n}\n@media (min-width:550px) {\n  #col-1880290687 > .col-inner {\n    margin: 50px 0px 50px 0px;\n  }\n}\n<\/style>\n\t<\/div>\n\n\t\n\n\t<div id=\"col-1643891908\" class=\"col medium-5 small-12 large-5\"  >\n\t\t\t\t<div class=\"col-inner\"  >\n\t\t\t\n\t\t\t\n\t<div class=\"img has-hover x md-x lg-x y md-y lg-y\" id=\"image_1794516749\">\n\t\t\t\t\t\t\t\t<div class=\"img-inner dark\" >\n\t\t\t<img loading=\"lazy\" decoding=\"async\" width=\"1020\" height=\"765\" src=\"https:\/\/www.oceanvacances.com\/wp-content\/uploads\/2025\/12\/Golf-de-la-Palmyre-1020x765.webp\" class=\"attachment-large size-large\" alt=\"Golf De La Palmyre\" srcset=\"https:\/\/www.oceanvacances.com\/wp-content\/uploads\/2025\/12\/Golf-de-la-Palmyre-1020x765.webp 1020w, https:\/\/www.oceanvacances.com\/wp-content\/uploads\/2025\/12\/Golf-de-la-Palmyre-370x278.webp 370w, https:\/\/www.oceanvacances.com\/wp-content\/uploads\/2025\/12\/Golf-de-la-Palmyre-768x576.webp 768w, https:\/\/www.oceanvacances.com\/wp-content\/uploads\/2025\/12\/Golf-de-la-Palmyre-16x12.webp 16w, https:\/\/www.oceanvacances.com\/wp-content\/uploads\/2025\/12\/Golf-de-la-Palmyre-510x383.webp 510w, https:\/\/www.oceanvacances.com\/wp-content\/uploads\/2025\/12\/Golf-de-la-Palmyre.webp 1360w\" sizes=\"auto, (max-width: 1020px) 100vw, 1020px\" \/>\t\t\t\t\t\t\n\t\t\t\t\t<\/div>\n\t\t\t\t\t\t\t\t\n<style>\n#image_1794516749 {\n  width: 100%;\n}\n<\/style>\n\t<\/div>\n\t\n\t\t<\/div>\n\t\t\t\t\t<\/div>\n\n\t\n<\/div>","protected":false},"excerpt":{"rendered":"","protected":false},"author":11,"featured_media":0,"parent":6421,"menu_order":0,"comment_status":"closed","ping_status":"closed","template":"page-blank.php","meta":{"_acf_changed":false,"inline_featured_image":false,"footnotes":""},"class_list":["post-9222","page","type-page","status-publish","hentry"],"acf":[],"yoast_head":"<!-- This site is optimized with the Yoast SEO plugin v27.5 - https:\/\/yoast.com\/product\/yoast-seo-wordpress\/ -->\n<title>La Palmyre - Oc\u00e9an Vacances<\/title>\n<meta name=\"robots\" content=\"index, follow, max-snippet:-1, max-image-preview:large, max-video-preview:-1\" \/>\n<link rel=\"canonical\" href=\"https:\/\/www.oceanvacances.com\/de\/camping-charente-maritime\/la-palmyre\/\" \/>\n<meta property=\"og:locale\" content=\"de_DE\" \/>\n<meta property=\"og:type\" content=\"article\" \/>\n<meta property=\"og:title\" content=\"La Palmyre - Oc\u00e9an Vacances\" \/>\n<meta property=\"og:url\" content=\"https:\/\/www.oceanvacances.com\/de\/camping-charente-maritime\/la-palmyre\/\" \/>\n<meta property=\"og:site_name\" content=\"Oc\u00e9an Vacances\" \/>\n<meta property=\"article:publisher\" content=\"https:\/\/www.facebook.com\/oceanvacances\/\" \/>\n<meta property=\"article:modified_time\" content=\"2026-03-20T13:50:47+00:00\" \/>\n<meta name=\"twitter:card\" content=\"summary_large_image\" \/>\n<meta name=\"twitter:label1\" content=\"Gesch\u00e4tzte Lesezeit\" \/>\n\t<meta name=\"twitter:data1\" content=\"2\u00a0Minuten\" \/>\n<script type=\"application\/ld+json\" class=\"yoast-schema-graph\">{\"@context\":\"https:\\\/\\\/schema.org\",\"@graph\":[{\"@type\":\"WebPage\",\"@id\":\"https:\\\/\\\/www.oceanvacances.com\\\/camping-charente-maritime\\\/la-palmyre\\\/\",\"url\":\"https:\\\/\\\/www.oceanvacances.com\\\/camping-charente-maritime\\\/la-palmyre\\\/\",\"name\":\"La Palmyre - Oc\u00e9an Vacances\",\"isPartOf\":{\"@id\":\"https:\\\/\\\/www.oceanvacances.com\\\/#website\"},\"datePublished\":\"2025-12-08T07:39:26+00:00\",\"dateModified\":\"2026-03-20T13:50:47+00:00\",\"breadcrumb\":{\"@id\":\"https:\\\/\\\/www.oceanvacances.com\\\/camping-charente-maritime\\\/la-palmyre\\\/#breadcrumb\"},\"inLanguage\":\"de\",\"potentialAction\":[{\"@type\":\"ReadAction\",\"target\":[\"https:\\\/\\\/www.oceanvacances.com\\\/camping-charente-maritime\\\/la-palmyre\\\/\"]}]},{\"@type\":\"BreadcrumbList\",\"@id\":\"https:\\\/\\\/www.oceanvacances.com\\\/camping-charente-maritime\\\/la-palmyre\\\/#breadcrumb\",\"itemListElement\":[{\"@type\":\"ListItem\",\"position\":1,\"name\":\"Home\",\"item\":\"https:\\\/\\\/www.oceanvacances.com\\\/\"},{\"@type\":\"ListItem\",\"position\":2,\"name\":\"La R\u00e9gion\",\"item\":\"https:\\\/\\\/www.oceanvacances.com\\\/camping-charente-maritime\\\/\"},{\"@type\":\"ListItem\",\"position\":3,\"name\":\"La Palmyre\"}]},{\"@type\":\"WebSite\",\"@id\":\"https:\\\/\\\/www.oceanvacances.com\\\/#website\",\"url\":\"https:\\\/\\\/www.oceanvacances.com\\\/\",\"name\":\"Oc\u00e9an Vacances\",\"description\":\"Votre village vacances pr\u00e8s de Royan\",\"publisher\":{\"@id\":\"https:\\\/\\\/www.oceanvacances.com\\\/#organization\"},\"alternateName\":\"Camping les Embruns d'Ol\u00e9ron\",\"potentialAction\":[{\"@type\":\"SearchAction\",\"target\":{\"@type\":\"EntryPoint\",\"urlTemplate\":\"https:\\\/\\\/www.oceanvacances.com\\\/?s={search_term_string}\"},\"query-input\":{\"@type\":\"PropertyValueSpecification\",\"valueRequired\":true,\"valueName\":\"search_term_string\"}}],\"inLanguage\":\"de\"},{\"@type\":\"Organization\",\"@id\":\"https:\\\/\\\/www.oceanvacances.com\\\/#organization\",\"name\":\"Oc\u00e9an Vacances\",\"url\":\"https:\\\/\\\/www.oceanvacances.com\\\/\",\"logo\":{\"@type\":\"ImageObject\",\"inLanguage\":\"de\",\"@id\":\"https:\\\/\\\/www.oceanvacances.com\\\/#\\\/schema\\\/logo\\\/image\\\/\",\"url\":\"https:\\\/\\\/www.oceanvacances.com\\\/wp-content\\\/uploads\\\/2025\\\/10\\\/ocean-vacances-logo-color.svg\",\"contentUrl\":\"https:\\\/\\\/www.oceanvacances.com\\\/wp-content\\\/uploads\\\/2025\\\/10\\\/ocean-vacances-logo-color.svg\",\"width\":457,\"height\":201,\"caption\":\"Oc\u00e9an Vacances\"},\"image\":{\"@id\":\"https:\\\/\\\/www.oceanvacances.com\\\/#\\\/schema\\\/logo\\\/image\\\/\"},\"sameAs\":[\"https:\\\/\\\/www.facebook.com\\\/oceanvacances\\\/\",\"https:\\\/\\\/www.youtube.com\\\/@Campaldia\",\"https:\\\/\\\/www.instagram.com\\\/campingoceanvacances\\\/\"]}]}<\/script>\n<!-- \/ Yoast SEO plugin. -->","yoast_head_json":{"title":"La Palmyre - Oc\u00e9an Vacances","robots":{"index":"index","follow":"follow","max-snippet":"max-snippet:-1","max-image-preview":"max-image-preview:large","max-video-preview":"max-video-preview:-1"},"canonical":"https:\/\/www.oceanvacances.com\/de\/camping-charente-maritime\/la-palmyre\/","og_locale":"de_DE","og_type":"article","og_title":"La Palmyre - Oc\u00e9an Vacances","og_url":"https:\/\/www.oceanvacances.com\/de\/camping-charente-maritime\/la-palmyre\/","og_site_name":"Oc\u00e9an Vacances","article_publisher":"https:\/\/www.facebook.com\/oceanvacances\/","article_modified_time":"2026-03-20T13:50:47+00:00","twitter_card":"summary_large_image","twitter_misc":{"Gesch\u00e4tzte Lesezeit":"2\u00a0Minuten"},"schema":{"@context":"https:\/\/schema.org","@graph":[{"@type":"WebPage","@id":"https:\/\/www.oceanvacances.com\/camping-charente-maritime\/la-palmyre\/","url":"https:\/\/www.oceanvacances.com\/camping-charente-maritime\/la-palmyre\/","name":"La Palmyre - Oc\u00e9an Vacances","isPartOf":{"@id":"https:\/\/www.oceanvacances.com\/#website"},"datePublished":"2025-12-08T07:39:26+00:00","dateModified":"2026-03-20T13:50:47+00:00","breadcrumb":{"@id":"https:\/\/www.oceanvacances.com\/camping-charente-maritime\/la-palmyre\/#breadcrumb"},"inLanguage":"de","potentialAction":[{"@type":"ReadAction","target":["https:\/\/www.oceanvacances.com\/camping-charente-maritime\/la-palmyre\/"]}]},{"@type":"BreadcrumbList","@id":"https:\/\/www.oceanvacances.com\/camping-charente-maritime\/la-palmyre\/#breadcrumb","itemListElement":[{"@type":"ListItem","position":1,"name":"Home","item":"https:\/\/www.oceanvacances.com\/"},{"@type":"ListItem","position":2,"name":"La R\u00e9gion","item":"https:\/\/www.oceanvacances.com\/camping-charente-maritime\/"},{"@type":"ListItem","position":3,"name":"La Palmyre"}]},{"@type":"WebSite","@id":"https:\/\/www.oceanvacances.com\/#website","url":"https:\/\/www.oceanvacances.com\/","name":"Ocean Vacances","description":"Ihr Feriendorf in der N\u00e4he von Royan","publisher":{"@id":"https:\/\/www.oceanvacances.com\/#organization"},"alternateName":"Camping les Embruns d'Ol\u00e9ron","potentialAction":[{"@type":"SearchAction","target":{"@type":"EntryPoint","urlTemplate":"https:\/\/www.oceanvacances.com\/?s={search_term_string}"},"query-input":{"@type":"PropertyValueSpecification","valueRequired":true,"valueName":"search_term_string"}}],"inLanguage":"de"},{"@type":"Organization","@id":"https:\/\/www.oceanvacances.com\/#organization","name":"Ocean Vacances","url":"https:\/\/www.oceanvacances.com\/","logo":{"@type":"ImageObject","inLanguage":"de","@id":"https:\/\/www.oceanvacances.com\/#\/schema\/logo\/image\/","url":"https:\/\/www.oceanvacances.com\/wp-content\/uploads\/2025\/10\/ocean-vacances-logo-color.svg","contentUrl":"https:\/\/www.oceanvacances.com\/wp-content\/uploads\/2025\/10\/ocean-vacances-logo-color.svg","width":457,"height":201,"caption":"Oc\u00e9an Vacances"},"image":{"@id":"https:\/\/www.oceanvacances.com\/#\/schema\/logo\/image\/"},"sameAs":["https:\/\/www.facebook.com\/oceanvacances\/","https:\/\/www.youtube.com\/@Campaldia","https:\/\/www.instagram.com\/campingoceanvacances\/"]}]}},"_links":{"self":[{"href":"https:\/\/www.oceanvacances.com\/de\/wp-json\/wp\/v2\/pages\/9222","targetHints":{"allow":["GET"]}}],"collection":[{"href":"https:\/\/www.oceanvacances.com\/de\/wp-json\/wp\/v2\/pages"}],"about":[{"href":"https:\/\/www.oceanvacances.com\/de\/wp-json\/wp\/v2\/types\/page"}],"author":[{"embeddable":true,"href":"https:\/\/www.oceanvacances.com\/de\/wp-json\/wp\/v2\/users\/11"}],"replies":[{"embeddable":true,"href":"https:\/\/www.oceanvacances.com\/de\/wp-json\/wp\/v2\/comments?post=9222"}],"version-history":[{"count":15,"href":"https:\/\/www.oceanvacances.com\/de\/wp-json\/wp\/v2\/pages\/9222\/revisions"}],"predecessor-version":[{"id":9734,"href":"https:\/\/www.oceanvacances.com\/de\/wp-json\/wp\/v2\/pages\/9222\/revisions\/9734"}],"up":[{"embeddable":true,"href":"https:\/\/www.oceanvacances.com\/de\/wp-json\/wp\/v2\/pages\/6421"}],"wp:attachment":[{"href":"https:\/\/www.oceanvacances.com\/de\/wp-json\/wp\/v2\/media?parent=9222"}],"curies":[{"name":"wp","href":"https:\/\/api.w.org\/{rel}","templated":true}]}}