{"id":9130,"date":"2025-11-24T14:54:49","date_gmt":"2025-11-24T13:54:49","guid":{"rendered":"https:\/\/www.oceanvacances.com\/?page_id=9130"},"modified":"2026-01-30T15:35:19","modified_gmt":"2026-01-30T14:35:19","slug":"entspannungsraum","status":"publish","type":"page","link":"https:\/\/www.oceanvacances.com\/de\/camping-am-meer-royan\/entspannungsraum\/","title":{"rendered":"Entspannungsbereich"},"content":{"rendered":"<div id=\"gap-572911227\" class=\"gap-element clearfix\" style=\"display:block; height:auto;\">\n\t\t\n<style>\n#gap-572911227 {\n  padding-top: 50px;\n}\n@media (min-width:550px) {\n  #gap-572911227 {\n    padding-top: 30px;\n  }\n}\n<\/style>\n\t<\/div>\n\t\n\n\t<section class=\"section\" id=\"section_376802787\">\n\t\t<div class=\"section-bg fill\" >\n\t\t\t<img loading=\"lazy\" decoding=\"async\" width=\"1200\" height=\"800\" src=\"https:\/\/www.oceanvacances.com\/wp-content\/uploads\/2025\/11\/espace-detente-ocean-vacances.png\" class=\"bg attachment-original size-original\" alt=\"Entspannungsraum Ocean Vacances\" \/>\t\t\t\t\t\t\n\t\t\t\n\n\t\t<\/div>\n\n\t\t\t<div class=\"ux-shape-divider ux-shape-divider--top ux-shape-divider--style-waves-opacity-3\">\n\t\t<svg viewbox=\"0 0 1000 300\" xmlns=\"http:\/\/www.w3.org\/2000\/svg\" preserveaspectratio=\"none\">\n\t<path class=\"ux-shape-fill\" opacity=\"0.05\" d=\"M1014 264V386H206L34 300C34 300 344.42 277.16 436 221C542 156 590 160 704 209C811 255 899.11 214.94 979 346L1014 264Z\"\/>\n\t<path class=\"ux-shape-fill\" opacity=\"0.1\" d=\"M-302 55C-302 55 -66.73 263.25 50 214C178 160 283 116 353 141C445.68 174.1 534.28 256.19 588 249C692.9 235 764.52 75.94 855 131C940.61 183.09 1000 254 1000 254V328L-306 338L-302 55Z\"\/>\n\t<path class=\"ux-shape-fill\" opacity=\"0.15\" d=\"M-286 255C-286 255 -72 152 52 126C176 100 255 155 436 227C581.57 284.91 614.7 277.79 708 227C787 184 1009 3.0001 1093 164C1146 265.63 1031 293 1031 293L924 377L-288 389L-286 255Z\"\/>\n\t<path class=\"ux-shape-fill\" opacity=\"0.3\" d=\"M-24 69C-24 69 275.68 370.66 389 314C397 310 622 316 673 356C690.47 369.7 845 224 890 182C944.8 130.85 1018 92 1078 143C1154.12 207.7 1196 242 1196 242L1184 374L-28 386L-24 69Z\"\/>\n\t<path class=\"ux-shape-fill\" d=\"M-12 201C-12 201 58 284 182 258C306 232 342.29 221.23 456 264C565 305 640.82 288.36 721 249C776 222 837.5 191.31 935 253C984 284 1030 279 1030 279L1024 430L-12 440V201Z\"\/>\n<\/svg>\n\t<\/div>\n\n\t<div class=\"ux-shape-divider ux-shape-divider--bottom ux-shape-divider--style-waves-opacity-2\">\n\t\t<svg viewbox=\"0 0 1000 300\" xmlns=\"http:\/\/www.w3.org\/2000\/svg\" preserveaspectratio=\"none\">\n  <path class=\"ux-shape-fill\" opacity=\"0.15\" d=\"M0 299L-2 19.9998C153 -16.0002 308 155 413 184C515.64 212.35 562 152 645 153C725 154 787 206 874 233C939.54 253.34 975 248 1000 244.61V299H0Z\"\/>\n  <path class=\"ux-shape-fill\" opacity=\"0.3\" d=\"M0 300L-2 34C155 -9.00003 300 178 403 212C504.11 245.38 562 165 645 166C725 167 790.09 220.07 874 253C939.21 278.59 978.07 269.72 1000 263.61V300H0Z\"\/>\n  <path class=\"ux-shape-fill\" d=\"M0 300L-1 69.7099C216 56.9999 299.47 198.86 403 226C506 253 577 196 660 197C740 198 790.09 234.07 874 267C935.23 291 982 282.61 1000 277.61V300H0Z\"\/>\n<\/svg>\n\t<\/div>\n\n\t\t<div class=\"section-content relative\">\n\t\t\t\n<div class=\"row align-right\"  id=\"row-1068892148\">\n\n\t<div id=\"col-1200119699\" class=\"col medium-6 small-12 large-6\"  >\n\t\t\t\t<div class=\"col-inner text-center\" style=\"background-color:rgba(255, 255, 255, 0.86);\" >\n\t\t\t\n\t\t\t\n<h1>Ein Entspannungsbereich in Saint-Georges-de-Didonne<\/h1>\n<p>Unser 4-Sterne-Haus verf\u00fcgt \u00fcber einen Entspannungsbereich f\u00fcr einen Urlaub im Zeichen der Gelassenheit inmitten einer nat\u00fcrlichen Umgebung ganz in der N\u00e4he der K\u00fcste und von Royan. <em>Tarife an der Rezeption erh\u00e4ltlich.<\/em><\/p>\n\t\t<\/div>\n\t\t\t\t\n<style>\n#col-1200119699 > .col-inner {\n  padding: 30px 30px 30px 30px;\n  margin: 30px 0px 0px 0px;\n  border-radius: 30px;\n}\n@media (min-width:550px) {\n  #col-1200119699 > .col-inner {\n    padding: 30px 30px 30px 30px;\n    margin: 50px 0px 0px 0px;\n  }\n}\n<\/style>\n\t<\/div>\n\n\t\n<\/div>\n\t\t<\/div>\n\n\t\t\n<style>\n#section_376802787 {\n  padding-top: 50px;\n  padding-bottom: 50px;\n}\n#section_376802787 .section-bg img {\n  object-position: 10% 48%;\n}\n#section_376802787 .ux-shape-divider--top svg {\n  height: 100px;\n  --divider-top-width: 100%;\n}\n#section_376802787 .ux-shape-divider--bottom svg {\n  height: 150px;\n  --divider-width: 130%;\n}\n@media (min-width:550px) {\n  #section_376802787 .ux-shape-divider--top svg {\n    height: 200px;\n    --divider-top-width: 100%;\n  }\n}\n<\/style>\n\t<\/section>\n\t\n\n\t<section class=\"section\" id=\"section_425460345\">\n\t\t<div class=\"section-bg fill\" >\n\t\t\t\t\t\t\t\t\t\n\t\t\t\n\n\t\t<\/div>\n\n\t\t\n\n\t\t<div class=\"section-content relative\">\n\t\t\t\n<div class=\"row row-large\"  id=\"row-1738915900\">\n\n\t<div id=\"col-1143249922\" class=\"col medium-12 small-12 large-6\"  >\n\t\t\t\t<div class=\"col-inner\"  >\n\t\t\t\n\t\t\t\n\t<div id=\"text-3987231693\" class=\"text li-check\">\n\t\t\n<h2>Unser Hamam<\/h2>\n<p>Lassen Sie sich in eine umh\u00fcllende und reinigende Atmosph\u00e4re entf\u00fchren. Die feuchte W\u00e4rme \u00f6ffnet die Poren, beseitigt Giftstoffe und l\u00f6st die letzten Verh\u00e4rtungen. Das tiefe Einatmen in den warmen Nebel befreit die Atemwege und l\u00f6st Verspannungen. Es ist eine erholsame Auszeit, die eine weiche Haut und einen ruhigen Geist hinterl\u00e4sst. <strong>(kostenpflichtiger Zugang)<\/strong>.<\/p>\n\t\t\t<\/div>\n\t\n\t\t<\/div>\n\t\t\t\t\n<style>\n#col-1143249922 > .col-inner {\n  padding: 0px 0 0px 0px;\n  margin: 0px 0px 0px 0px;\n}\n@media (min-width:550px) {\n  #col-1143249922 > .col-inner {\n    padding: 0px 10% 0px 0px;\n  }\n}\n@media (min-width:850px) {\n  #col-1143249922 > .col-inner {\n    padding: 50px 0px 0px 0px;\n  }\n}\n<\/style>\n\t<\/div>\n\n\t\n\n\t<div id=\"col-2003659167\" class=\"col medium-12 small-12 large-5\"  >\n\t\t\t\t<div class=\"col-inner\"  >\n\t\t\t\n\t\t\t\n\t<div class=\"img has-hover x md-x lg-x y md-y lg-y\" id=\"image_557456560\">\n\t\t\t\t\t\t\t\t<div class=\"img-inner dark\" >\n\t\t\t<img loading=\"lazy\" decoding=\"async\" width=\"1200\" height=\"800\" src=\"https:\/\/www.oceanvacances.com\/wp-content\/uploads\/2025\/11\/hamman-jacuzzi-saint-georges-de-didonne.png\" class=\"attachment-original size-original\" alt=\"Hamman Jacuzzi Saint Georges De Didonne\" srcset=\"https:\/\/www.oceanvacances.com\/wp-content\/uploads\/2025\/11\/hamman-jacuzzi-saint-georges-de-didonne.png 1200w, https:\/\/www.oceanvacances.com\/wp-content\/uploads\/2025\/11\/hamman-jacuzzi-saint-georges-de-didonne-370x247.png 370w, https:\/\/www.oceanvacances.com\/wp-content\/uploads\/2025\/11\/hamman-jacuzzi-saint-georges-de-didonne-1020x680.png 1020w, https:\/\/www.oceanvacances.com\/wp-content\/uploads\/2025\/11\/hamman-jacuzzi-saint-georges-de-didonne-768x512.png 768w, https:\/\/www.oceanvacances.com\/wp-content\/uploads\/2025\/11\/hamman-jacuzzi-saint-georges-de-didonne-18x12.png 18w, https:\/\/www.oceanvacances.com\/wp-content\/uploads\/2025\/11\/hamman-jacuzzi-saint-georges-de-didonne-510x340.png 510w\" sizes=\"auto, (max-width: 1200px) 100vw, 1200px\" \/>\t\t\t\t\t\t\n\t\t\t\t\t<\/div>\n\t\t\t\t\t\t\t\t\n<style>\n#image_557456560 {\n  width: 100%;\n}\n<\/style>\n\t<\/div>\n\t\n\t\t<\/div>\n\t\t\t\t\n<style>\n#col-2003659167 > .col-inner {\n  padding: 0px 0px 0px 0px;\n  margin: 0px 0px 0px 0px;\n}\n@media (min-width:550px) {\n  #col-2003659167 > .col-inner {\n    padding: 50px 0px 0px 0px;\n  }\n}\n<\/style>\n\t<\/div>\n\n\t\n\n\t<div id=\"col-1043432974\" class=\"col medium-5 small-12 large-5\"  >\n\t\t\t\t<div class=\"col-inner\"  >\n\t\t\t\n\t\t\t\n\t<div class=\"img has-hover x md-x lg-x y md-y lg-y\" id=\"image_1132554318\">\n\t\t\t\t\t\t\t\t<div class=\"img-inner dark\" >\n\t\t\t<img loading=\"lazy\" decoding=\"async\" width=\"2560\" height=\"1707\" src=\"https:\/\/www.oceanvacances.com\/wp-content\/uploads\/2025\/11\/EspaceDetente6-scaled.jpg\" class=\"attachment-original size-original\" alt=\"Spacedetente6\" srcset=\"https:\/\/www.oceanvacances.com\/wp-content\/uploads\/2025\/11\/EspaceDetente6-scaled.jpg 2560w, https:\/\/www.oceanvacances.com\/wp-content\/uploads\/2025\/11\/EspaceDetente6-370x247.jpg 370w, https:\/\/www.oceanvacances.com\/wp-content\/uploads\/2025\/11\/EspaceDetente6-1020x680.jpg 1020w, https:\/\/www.oceanvacances.com\/wp-content\/uploads\/2025\/11\/EspaceDetente6-768x512.jpg 768w, https:\/\/www.oceanvacances.com\/wp-content\/uploads\/2025\/11\/EspaceDetente6-1536x1024.jpg 1536w, https:\/\/www.oceanvacances.com\/wp-content\/uploads\/2025\/11\/EspaceDetente6-2048x1365.jpg 2048w, https:\/\/www.oceanvacances.com\/wp-content\/uploads\/2025\/11\/EspaceDetente6-18x12.jpg 18w, https:\/\/www.oceanvacances.com\/wp-content\/uploads\/2025\/11\/EspaceDetente6-510x340.jpg 510w\" sizes=\"auto, (max-width: 2560px) 100vw, 2560px\" \/>\t\t\t\t\t\t\n\t\t\t\t\t<\/div>\n\t\t\t\t\t\t\t\t\n<style>\n#image_1132554318 {\n  width: 100%;\n}\n<\/style>\n\t<\/div>\n\t\n\t\t<\/div>\n\t\t\t\t\t<\/div>\n\n\t\n\n\t<div id=\"col-701715514\" class=\"col medium-5 small-12 large-5\"  >\n\t\t\t\t<div class=\"col-inner\"  >\n\t\t\t\n\t\t\t\n\t<div id=\"text-1464586627\" class=\"text li-check\">\n\t\t\n<h2>Unser Jacuzzi<\/h2>\n<p>G\u00f6nnen Sie sich eine Tiefenentspannung, bei der die Massaged\u00fcsen Muskelverspannungen l\u00f6sen und den Geist beruhigen.  Dieser Moment der reinen Ruhe, allein oder zu mehreren, regeneriert K\u00f6rper und Geist und sorgt f\u00fcr ein sofortiges, belebendes Wohlgef\u00fchl. <strong>(kostenpflichtiger Zugang)<\/strong>.<\/p>\n\t\t\t<\/div>\n\t\n\t\t<\/div>\n\t\t\t\t\t<\/div>\n\n\t\n\n\t<div id=\"col-1110359306\" class=\"col medium-12 small-12 large-6\"  >\n\t\t\t\t<div class=\"col-inner\"  >\n\t\t\t\n\t\t\t\n\t<div id=\"text-2548687377\" class=\"text li-check\">\n\t\t\n<h2>Unsere Sporthalle<\/h2>\n<p>Nutzen Sie unseren Raum, der der Vitalit\u00e4t und der Selbst\u00fcberwindung gewidmet ist. Unser mit modernen Ger\u00e4ten ausgestatteter Fitnessraum erm\u00f6glicht es Ihnen, Ihren K\u00f6rper zu formen, Ihre Ausdauer zu verbessern und Endorphine freizusetzen. Egal, ob Sie Krafttraining oder Cardio-Training bevorzugen, jede Anstrengung tr\u00e4gt zu einem k\u00f6rperlichen und geistigen Gleichgewicht bei und sorgt f\u00fcr ein dauerhaftes Gef\u00fchl der St\u00e4rke und des Wohlbefindens.<strong> Der Zugang zum Fitnessraum ist kostenpflichtig und kostet 5\u20ac pro Tag oder 20\u20ac pro Woche.<\/strong><\/p>\n<p>\u00a0<\/p>\n\t\t\t<\/div>\n\t\n\t\t<\/div>\n\t\t\t\t\n<style>\n#col-1110359306 > .col-inner {\n  padding: 0px 0 0px 0px;\n  margin: 0px 0px 0px 0px;\n}\n@media (min-width:550px) {\n  #col-1110359306 > .col-inner {\n    padding: 0px 10% 0px 0px;\n  }\n}\n@media (min-width:850px) {\n  #col-1110359306 > .col-inner {\n    padding: 50px 0px 0px 0px;\n  }\n}\n<\/style>\n\t<\/div>\n\n\t\n\n\t<div id=\"col-713253546\" class=\"col medium-5 small-12 large-5\"  >\n\t\t\t\t<div class=\"col-inner\"  >\n\t\t\t\n\t\t\t\n\t<div class=\"img has-hover x md-x lg-x y md-y lg-y\" id=\"image_1398015589\">\n\t\t\t\t\t\t\t\t<div class=\"img-inner dark\" >\n\t\t\t<img loading=\"lazy\" decoding=\"async\" width=\"2560\" height=\"1707\" src=\"https:\/\/www.oceanvacances.com\/wp-content\/uploads\/2025\/11\/SalleDeSport1-scaled.jpg\" class=\"attachment-original size-original\" alt=\"Sporthalle1\" srcset=\"https:\/\/www.oceanvacances.com\/wp-content\/uploads\/2025\/11\/SalleDeSport1-scaled.jpg 2560w, https:\/\/www.oceanvacances.com\/wp-content\/uploads\/2025\/11\/SalleDeSport1-370x247.jpg 370w, https:\/\/www.oceanvacances.com\/wp-content\/uploads\/2025\/11\/SalleDeSport1-1020x680.jpg 1020w, https:\/\/www.oceanvacances.com\/wp-content\/uploads\/2025\/11\/SalleDeSport1-768x512.jpg 768w, https:\/\/www.oceanvacances.com\/wp-content\/uploads\/2025\/11\/SalleDeSport1-1536x1024.jpg 1536w, https:\/\/www.oceanvacances.com\/wp-content\/uploads\/2025\/11\/SalleDeSport1-2048x1365.jpg 2048w, https:\/\/www.oceanvacances.com\/wp-content\/uploads\/2025\/11\/SalleDeSport1-18x12.jpg 18w, https:\/\/www.oceanvacances.com\/wp-content\/uploads\/2025\/11\/SalleDeSport1-510x340.jpg 510w\" sizes=\"auto, (max-width: 2560px) 100vw, 2560px\" \/>\t\t\t\t\t\t\n\t\t\t\t\t<\/div>\n\t\t\t\t\t\t\t\t\n<style>\n#image_1398015589 {\n  width: 100%;\n}\n<\/style>\n\t<\/div>\n\t\n\t\t<\/div>\n\t\t\t\t\t<\/div>\n\n\t\n<\/div>\n<div class=\"row\"  id=\"row-508142441\">\n\n\t<div id=\"col-900206738\" class=\"col medium-12 small-12 large-12 small-col-first\"  >\n\t\t\t\t<div class=\"col-inner text-center\"  >\n\t\t\t\n\t\t\t\n<a href=\"https:\/\/www.oceanvacances.com\/de\/unterkunft\/\" class=\"button primary\" >\n\t\t<span>Ich w\u00e4hle meine Unterkunft<\/span>\n\t<\/a>\n\n\t\t<\/div>\n\t\t\t\t\n<style>\n#col-900206738 > .col-inner {\n  padding: 0px 0 0px 0px;\n  margin: 0px 0px 30px 0px;\n}\n@media (min-width:550px) {\n  #col-900206738 > .col-inner {\n    padding: 0px 10% 0px 0px;\n    margin: 30px 0px 0px 0px;\n  }\n}\n@media (min-width:850px) {\n  #col-900206738 > .col-inner {\n    padding: 0px 0px 0px 0px;\n  }\n}\n<\/style>\n\t<\/div>\n\n\t\n<\/div>\n\t\t<\/div>\n\n\t\t\n<style>\n#section_425460345 {\n  padding-top: 0px;\n  padding-bottom: 0px;\n}\n<\/style>\n\t<\/section>","protected":false},"excerpt":{"rendered":"","protected":false},"author":11,"featured_media":0,"parent":8811,"menu_order":0,"comment_status":"closed","ping_status":"closed","template":"page-blank.php","meta":{"_acf_changed":false,"inline_featured_image":false,"footnotes":""},"class_list":["post-9130","page","type-page","status-publish","hentry"],"acf":[],"yoast_head":"<!-- This site is optimized with the Yoast SEO plugin v27.5 - https:\/\/yoast.com\/product\/yoast-seo-wordpress\/ -->\n<title>Profitez de l&#039;espace d\u00e9tente du camping Oc\u00e9an Vacances<\/title>\n<meta name=\"description\" content=\"Au camping Oc\u00e9an Vacances \u00e0 Saint-Georges-de-Didonne, profitez d&#039;un espace jacuzzi, hammam et salles de sport.\" \/>\n<meta name=\"robots\" content=\"index, follow, max-snippet:-1, max-image-preview:large, max-video-preview:-1\" \/>\n<link rel=\"canonical\" href=\"https:\/\/www.oceanvacances.com\/de\/camping-am-meer-royan\/entspannungsraum\/\" \/>\n<meta property=\"og:locale\" content=\"de_DE\" \/>\n<meta property=\"og:type\" content=\"article\" \/>\n<meta property=\"og:title\" content=\"Profitez de l&#039;espace d\u00e9tente du camping Oc\u00e9an Vacances\" \/>\n<meta property=\"og:description\" content=\"Au camping Oc\u00e9an Vacances \u00e0 Saint-Georges-de-Didonne, profitez d&#039;un espace jacuzzi, hammam et salles de sport.\" \/>\n<meta property=\"og:url\" content=\"https:\/\/www.oceanvacances.com\/de\/camping-am-meer-royan\/entspannungsraum\/\" \/>\n<meta property=\"og:site_name\" content=\"Oc\u00e9an Vacances\" \/>\n<meta property=\"article:publisher\" content=\"https:\/\/www.facebook.com\/oceanvacances\/\" \/>\n<meta property=\"article:modified_time\" content=\"2026-01-30T14:35:19+00:00\" \/>\n<meta name=\"twitter:card\" content=\"summary_large_image\" \/>\n<meta name=\"twitter:label1\" content=\"Gesch\u00e4tzte Lesezeit\" \/>\n\t<meta name=\"twitter:data1\" content=\"2\u00a0Minuten\" \/>\n<script type=\"application\/ld+json\" class=\"yoast-schema-graph\">{\"@context\":\"https:\\\/\\\/schema.org\",\"@graph\":[{\"@type\":\"WebPage\",\"@id\":\"https:\\\/\\\/www.oceanvacances.com\\\/camping-bord-de-mer-royan\\\/espace-detente\\\/\",\"url\":\"https:\\\/\\\/www.oceanvacances.com\\\/camping-bord-de-mer-royan\\\/espace-detente\\\/\",\"name\":\"Profitez de l'espace d\u00e9tente du camping Oc\u00e9an Vacances\",\"isPartOf\":{\"@id\":\"https:\\\/\\\/www.oceanvacances.com\\\/#website\"},\"datePublished\":\"2025-11-24T13:54:49+00:00\",\"dateModified\":\"2026-01-30T14:35:19+00:00\",\"description\":\"Au camping Oc\u00e9an Vacances \u00e0 Saint-Georges-de-Didonne, profitez d'un espace jacuzzi, hammam et salles de sport.\",\"breadcrumb\":{\"@id\":\"https:\\\/\\\/www.oceanvacances.com\\\/camping-bord-de-mer-royan\\\/espace-detente\\\/#breadcrumb\"},\"inLanguage\":\"de\",\"potentialAction\":[{\"@type\":\"ReadAction\",\"target\":[\"https:\\\/\\\/www.oceanvacances.com\\\/camping-bord-de-mer-royan\\\/espace-detente\\\/\"]}]},{\"@type\":\"BreadcrumbList\",\"@id\":\"https:\\\/\\\/www.oceanvacances.com\\\/camping-bord-de-mer-royan\\\/espace-detente\\\/#breadcrumb\",\"itemListElement\":[{\"@type\":\"ListItem\",\"position\":1,\"name\":\"Home\",\"item\":\"https:\\\/\\\/www.oceanvacances.com\\\/\"},{\"@type\":\"ListItem\",\"position\":2,\"name\":\"Camping bord de mer\",\"item\":\"https:\\\/\\\/www.oceanvacances.com\\\/camping-bord-de-mer-royan\\\/\"},{\"@type\":\"ListItem\",\"position\":3,\"name\":\"Espace d\u00e9tente\"}]},{\"@type\":\"WebSite\",\"@id\":\"https:\\\/\\\/www.oceanvacances.com\\\/#website\",\"url\":\"https:\\\/\\\/www.oceanvacances.com\\\/\",\"name\":\"Oc\u00e9an Vacances\",\"description\":\"Votre village vacances pr\u00e8s de Royan\",\"publisher\":{\"@id\":\"https:\\\/\\\/www.oceanvacances.com\\\/#organization\"},\"alternateName\":\"Camping les Embruns d'Ol\u00e9ron\",\"potentialAction\":[{\"@type\":\"SearchAction\",\"target\":{\"@type\":\"EntryPoint\",\"urlTemplate\":\"https:\\\/\\\/www.oceanvacances.com\\\/?s={search_term_string}\"},\"query-input\":{\"@type\":\"PropertyValueSpecification\",\"valueRequired\":true,\"valueName\":\"search_term_string\"}}],\"inLanguage\":\"de\"},{\"@type\":\"Organization\",\"@id\":\"https:\\\/\\\/www.oceanvacances.com\\\/#organization\",\"name\":\"Oc\u00e9an Vacances\",\"url\":\"https:\\\/\\\/www.oceanvacances.com\\\/\",\"logo\":{\"@type\":\"ImageObject\",\"inLanguage\":\"de\",\"@id\":\"https:\\\/\\\/www.oceanvacances.com\\\/#\\\/schema\\\/logo\\\/image\\\/\",\"url\":\"https:\\\/\\\/www.oceanvacances.com\\\/wp-content\\\/uploads\\\/2025\\\/10\\\/ocean-vacances-logo-color.svg\",\"contentUrl\":\"https:\\\/\\\/www.oceanvacances.com\\\/wp-content\\\/uploads\\\/2025\\\/10\\\/ocean-vacances-logo-color.svg\",\"width\":457,\"height\":201,\"caption\":\"Oc\u00e9an Vacances\"},\"image\":{\"@id\":\"https:\\\/\\\/www.oceanvacances.com\\\/#\\\/schema\\\/logo\\\/image\\\/\"},\"sameAs\":[\"https:\\\/\\\/www.facebook.com\\\/oceanvacances\\\/\",\"https:\\\/\\\/www.youtube.com\\\/@Campaldia\",\"https:\\\/\\\/www.instagram.com\\\/campingoceanvacances\\\/\"]}]}<\/script>\n<!-- \/ Yoast SEO plugin. -->","yoast_head_json":{"title":"Nutzen Sie den Entspannungsbereich des Campingplatzes Oc\u00e9an Vacances","description":"Auf dem Campingplatz Oc\u00e9an Vacances in Saint-Georges-de-Didonne k\u00f6nnen Sie einen Jacuzzi, ein Hammam und Fitnessr\u00e4ume nutzen.","robots":{"index":"index","follow":"follow","max-snippet":"max-snippet:-1","max-image-preview":"max-image-preview:large","max-video-preview":"max-video-preview:-1"},"canonical":"https:\/\/www.oceanvacances.com\/de\/camping-am-meer-royan\/entspannungsraum\/","og_locale":"de_DE","og_type":"article","og_title":"Profitez de l'espace d\u00e9tente du camping Oc\u00e9an Vacances","og_description":"Au camping Oc\u00e9an Vacances \u00e0 Saint-Georges-de-Didonne, profitez d'un espace jacuzzi, hammam et salles de sport.","og_url":"https:\/\/www.oceanvacances.com\/de\/camping-am-meer-royan\/entspannungsraum\/","og_site_name":"Oc\u00e9an Vacances","article_publisher":"https:\/\/www.facebook.com\/oceanvacances\/","article_modified_time":"2026-01-30T14:35:19+00:00","twitter_card":"summary_large_image","twitter_misc":{"Gesch\u00e4tzte Lesezeit":"2\u00a0Minuten"},"schema":{"@context":"https:\/\/schema.org","@graph":[{"@type":"WebPage","@id":"https:\/\/www.oceanvacances.com\/camping-bord-de-mer-royan\/espace-detente\/","url":"https:\/\/www.oceanvacances.com\/camping-bord-de-mer-royan\/espace-detente\/","name":"Nutzen Sie den Entspannungsbereich des Campingplatzes Oc\u00e9an Vacances","isPartOf":{"@id":"https:\/\/www.oceanvacances.com\/#website"},"datePublished":"2025-11-24T13:54:49+00:00","dateModified":"2026-01-30T14:35:19+00:00","description":"Auf dem Campingplatz Oc\u00e9an Vacances in Saint-Georges-de-Didonne k\u00f6nnen Sie einen Jacuzzi, ein Hammam und Fitnessr\u00e4ume nutzen.","breadcrumb":{"@id":"https:\/\/www.oceanvacances.com\/camping-bord-de-mer-royan\/espace-detente\/#breadcrumb"},"inLanguage":"de","potentialAction":[{"@type":"ReadAction","target":["https:\/\/www.oceanvacances.com\/camping-bord-de-mer-royan\/espace-detente\/"]}]},{"@type":"BreadcrumbList","@id":"https:\/\/www.oceanvacances.com\/camping-bord-de-mer-royan\/espace-detente\/#breadcrumb","itemListElement":[{"@type":"ListItem","position":1,"name":"Home","item":"https:\/\/www.oceanvacances.com\/"},{"@type":"ListItem","position":2,"name":"Camping bord de mer","item":"https:\/\/www.oceanvacances.com\/camping-bord-de-mer-royan\/"},{"@type":"ListItem","position":3,"name":"Espace d\u00e9tente"}]},{"@type":"WebSite","@id":"https:\/\/www.oceanvacances.com\/#website","url":"https:\/\/www.oceanvacances.com\/","name":"Ocean Vacances","description":"Ihr Feriendorf in der N\u00e4he von Royan","publisher":{"@id":"https:\/\/www.oceanvacances.com\/#organization"},"alternateName":"Camping les Embruns d'Ol\u00e9ron","potentialAction":[{"@type":"SearchAction","target":{"@type":"EntryPoint","urlTemplate":"https:\/\/www.oceanvacances.com\/?s={search_term_string}"},"query-input":{"@type":"PropertyValueSpecification","valueRequired":true,"valueName":"search_term_string"}}],"inLanguage":"de"},{"@type":"Organization","@id":"https:\/\/www.oceanvacances.com\/#organization","name":"Ocean Vacances","url":"https:\/\/www.oceanvacances.com\/","logo":{"@type":"ImageObject","inLanguage":"de","@id":"https:\/\/www.oceanvacances.com\/#\/schema\/logo\/image\/","url":"https:\/\/www.oceanvacances.com\/wp-content\/uploads\/2025\/10\/ocean-vacances-logo-color.svg","contentUrl":"https:\/\/www.oceanvacances.com\/wp-content\/uploads\/2025\/10\/ocean-vacances-logo-color.svg","width":457,"height":201,"caption":"Oc\u00e9an Vacances"},"image":{"@id":"https:\/\/www.oceanvacances.com\/#\/schema\/logo\/image\/"},"sameAs":["https:\/\/www.facebook.com\/oceanvacances\/","https:\/\/www.youtube.com\/@Campaldia","https:\/\/www.instagram.com\/campingoceanvacances\/"]}]}},"_links":{"self":[{"href":"https:\/\/www.oceanvacances.com\/de\/wp-json\/wp\/v2\/pages\/9130","targetHints":{"allow":["GET"]}}],"collection":[{"href":"https:\/\/www.oceanvacances.com\/de\/wp-json\/wp\/v2\/pages"}],"about":[{"href":"https:\/\/www.oceanvacances.com\/de\/wp-json\/wp\/v2\/types\/page"}],"author":[{"embeddable":true,"href":"https:\/\/www.oceanvacances.com\/de\/wp-json\/wp\/v2\/users\/11"}],"replies":[{"embeddable":true,"href":"https:\/\/www.oceanvacances.com\/de\/wp-json\/wp\/v2\/comments?post=9130"}],"version-history":[{"count":8,"href":"https:\/\/www.oceanvacances.com\/de\/wp-json\/wp\/v2\/pages\/9130\/revisions"}],"predecessor-version":[{"id":9580,"href":"https:\/\/www.oceanvacances.com\/de\/wp-json\/wp\/v2\/pages\/9130\/revisions\/9580"}],"up":[{"embeddable":true,"href":"https:\/\/www.oceanvacances.com\/de\/wp-json\/wp\/v2\/pages\/8811"}],"wp:attachment":[{"href":"https:\/\/www.oceanvacances.com\/de\/wp-json\/wp\/v2\/media?parent=9130"}],"curies":[{"name":"wp","href":"https:\/\/api.w.org\/{rel}","templated":true}]}}